{"id":328194,"date":"2026-02-27T14:49:39","date_gmt":"2026-02-27T11:49:39","guid":{"rendered":"https:\/\/ecoshop.ee\/maaratlemata\/riidenagi-jalatsiriiuliga-68x30x182-cm-tootlemata-mangopuit\/"},"modified":"2026-05-06T03:27:11","modified_gmt":"2026-05-06T00:27:11","slug":"clothes-rack-with-shoe-shelf-68x30x182-cm-untreated-mango-wood","status":"publish","type":"product","link":"https:\/\/ecoshop.ee\/en\/esikumoobel\/riidenagi-jalatsiriiuliga-68x30x182-cm-tootlemata-mangopuit\/","title":{"rendered":"Clothes Rack with Shoe Shelf 68 x 30 x 182 Cm Untreated Mango Wood"},"content":{"rendered":"<p>A practical clothes rack with a shoe rack keeps your things organized and easily accessible!<\/p>\n<\/p>\n<ul>\n<li> 2-in-1 clothes rack: The clothes rack has 8 hooks that provide ample hanging space for coats, bags, hats, scarves and other items. It also has three shelves for storing shoes, storage boxes, handbags and other items. <\/li>\n<li> Sturdy mango wood: The clothes and shoe rack made of mango wood is durable and stable. Mango wood is a strong, tropical hardwood that makes sturdy furniture. The beautiful wood grains make each piece of furniture unique and slightly different from the next. <\/li>\n<li> Iron Frame: The iron frame adds extra strength and stability. <\/li>\n<li> Wide range of uses: The practical freestanding clothes rack is perfect for the hallway, living room, bedroom or anywhere else you want to keep your home more organized and clean!<\/li>\n<\/ul>\n<p>Good to know:<\/p>\n<ul>\n<li>The colorused and wood grain of each item vary, making each item unique. The color of the item delivered is random, ensuring the exclusivity and uniqueness of the product.<\/li>\n<\/ul>\n<ul>\n<li>Material: sturdy untreated mango wood + black powder-coated iron<\/li>\n<li>Dimensions: 68 x 30 x 182 cm (L x W x H) <\/li>\n<li>Assembly required: yes<\/li>\n<\/ul>","protected":false},"excerpt":{"rendered":"<p>Praktiline riidenagi koos jalatsiriiuliga hoiab teie asjad korrastatult ning kergesti ligip\u00e4\u00e4setavana! Kaks-\u00fches riidenagi: riidenagil on 8 konksu, mis pakuvad rohkelt riputamisruumi mantlitele,&hellip;<\/p>","protected":false},"featured_media":328185,"comment_status":"open","ping_status":"closed","template":"","meta":{"wprm-recipe-roundup-name":"","wprm-recipe-roundup-description":""},"product_brand":[],"product_cat":[1799],"product_tag":[536,554,540,1072,1071],"class_list":{"0":"post-328194","1":"product","2":"type-product","3":"status-publish","4":"has-post-thumbnail","6":"product_cat-esikumoobel","7":"product_tag-kodu-ja-aed","8":"product_tag-ouemoobli-komplektid","9":"product_tag-parcel","10":"product_tag-riide-ja-mutsinagid","11":"product_tag-sisekujundus","12":"pa_brand-vidaxl","14":"first","15":"instock","16":"taxable","17":"shipping-taxable","18":"purchasable","19":"product-type-simple"},"supplier_id":null,"supplier_sku":"","barcode":null,"atum_controlled":false,"out_stock_date":null,"out_stock_threshold":null,"inheritable":false,"inbound_stock":null,"stock_on_hold":null,"sold_today":null,"sales_last_days":null,"reserved_stock":null,"customer_returns":null,"warehouse_damage":null,"lost_in_post":null,"other_logs":null,"out_stock_days":null,"lost_sales":null,"has_location":null,"update_date":"2026-05-06T00:27:12","atum_locations":[],"atum_stock_status":"instock","restock_status":false,"low_stock_amount":"","sales_update_date":null,"calc_backorders":null,"aioseo_notices":[],"_links":{"self":[{"href":"https:\/\/ecoshop.ee\/en\/wp-json\/wp\/v2\/product\/328194","targetHints":{"allow":["GET"]}}],"collection":[{"href":"https:\/\/ecoshop.ee\/en\/wp-json\/wp\/v2\/product"}],"about":[{"href":"https:\/\/ecoshop.ee\/en\/wp-json\/wp\/v2\/types\/product"}],"replies":[{"embeddable":true,"href":"https:\/\/ecoshop.ee\/en\/wp-json\/wp\/v2\/comments?post=328194"}],"version-history":[{"count":0,"href":"https:\/\/ecoshop.ee\/en\/wp-json\/wp\/v2\/product\/328194\/revisions"}],"wp:featuredmedia":[{"embeddable":true,"href":"https:\/\/ecoshop.ee\/en\/wp-json\/wp\/v2\/media\/328185"}],"wp:attachment":[{"href":"https:\/\/ecoshop.ee\/en\/wp-json\/wp\/v2\/media?parent=328194"}],"wp:term":[{"taxonomy":"product_brand","embeddable":true,"href":"https:\/\/ecoshop.ee\/en\/wp-json\/wp\/v2\/product_brand?post=328194"},{"taxonomy":"product_cat","embeddable":true,"href":"https:\/\/ecoshop.ee\/en\/wp-json\/wp\/v2\/product_cat?post=328194"},{"taxonomy":"product_tag","embeddable":true,"href":"https:\/\/ecoshop.ee\/en\/wp-json\/wp\/v2\/product_tag?post=328194"}],"curies":[{"name":"wp","href":"https:\/\/api.w.org\/{rel}","templated":true}]}}