{"id":328467,"date":"2026-02-27T14:57:28","date_gmt":"2026-02-27T11:57:28","guid":{"rendered":"https:\/\/ecoshop.ee\/maaratlemata\/aia-prugikast-hall-ja-must-68-x-40-x-85-cm-pp\/"},"modified":"2026-05-15T04:10:37","modified_gmt":"2026-05-15T01:10:37","slug":"garden-shack-grey-and-black-68-x-40-x-85-cm-pp","status":"publish","type":"product","link":"https:\/\/ecoshop.ee\/en\/prugikastid\/aia-prugikast-hall-ja-must-68-x-40-x-85-cm-pp\/","title":{"rendered":"Garden Trash Can, Grey And Black, 68 x 40 x 85 Cm, Pp"},"content":{"rendered":"<p>A stylish and practical garden trash can is a necessary addition to your outdoor area.<\/p>\n<\/p>\n<p>Made of PP (polypropylene), the 100% waste bin is durable and easy to clean with a damp cloth. Three waste bag holders allow you to sort waste separately. The included shelf provides enough space to store and keep important items within reach.<\/p>\n<ul>\n<li>Color: gray and black<\/li>\n<li>Material: PVC, 100% PP (polypropylene)<\/li>\n<li>Dimensions: 68 x 40 x 85 cm (W x D x H)<\/li>\n<li>Shelf size: 64 x 35 cm (W x D)<\/li>\n<li>Net weight: 6.5 kg<\/li>\n<li>Maximum load capacity per shelf: 20 kg<\/li>\n<li>With 1 shelf and 3 garbage bag holders<\/li>\n<li>Assembly required: yes<\/li>\n<li>To prevent falling over, the product must be used with the wall bracket supplied.<\/li>\n<li>Legal Documents:\n<p><span>For more information on how to prevent furniture falling over, see. <span style=\"text-decoration: underline\"><strong><a title=\"https:\/\/bit.ly\/3hTNl1i\" href=\"https:\/\/bit.ly\/3hTNl1i\" target=\"_blank\">from here<\/a><\/strong><\/span><\/span><\/p>\n<\/li>\n<\/ul>","protected":false},"excerpt":{"rendered":"<p>Stiilne ja praktiline aia pr\u00fcgikast on vajalik lisa teie \u00f5uealale. 100% PP-st (pol\u00fcprop\u00fcleenist) valmistatud pr\u00fcgikast on vastupidav ja seda on lihtne niiske&hellip;<\/p>","protected":false},"featured_media":328455,"comment_status":"open","ping_status":"closed","template":"","meta":{"wprm-recipe-roundup-name":"","wprm-recipe-roundup-description":""},"product_brand":[],"product_cat":[2565],"product_tag":[550,536,995,540,2685,2686],"class_list":{"0":"post-328467","1":"product","2":"type-product","3":"status-publish","4":"has-post-thumbnail","6":"product_cat-prugikastid","7":"product_tag-hall","8":"product_tag-kodu-ja-aed","9":"product_tag-majapidamistarbed","10":"product_tag-parcel","11":"product_tag-prugi-sorteerimine","12":"product_tag-prugikastid","13":"pa_brand-vidaxl","15":"first","16":"instock","17":"taxable","18":"shipping-taxable","19":"purchasable","20":"product-type-simple"},"supplier_id":null,"supplier_sku":"","barcode":null,"atum_controlled":false,"out_stock_date":null,"out_stock_threshold":null,"inheritable":false,"inbound_stock":null,"stock_on_hold":null,"sold_today":null,"sales_last_days":null,"reserved_stock":null,"customer_returns":null,"warehouse_damage":null,"lost_in_post":null,"other_logs":null,"out_stock_days":null,"lost_sales":null,"has_location":null,"update_date":"2026-05-15T01:10:38","atum_locations":[],"atum_stock_status":"instock","restock_status":false,"low_stock_amount":"","sales_update_date":null,"calc_backorders":null,"aioseo_notices":[],"_links":{"self":[{"href":"https:\/\/ecoshop.ee\/en\/wp-json\/wp\/v2\/product\/328467","targetHints":{"allow":["GET"]}}],"collection":[{"href":"https:\/\/ecoshop.ee\/en\/wp-json\/wp\/v2\/product"}],"about":[{"href":"https:\/\/ecoshop.ee\/en\/wp-json\/wp\/v2\/types\/product"}],"replies":[{"embeddable":true,"href":"https:\/\/ecoshop.ee\/en\/wp-json\/wp\/v2\/comments?post=328467"}],"version-history":[{"count":0,"href":"https:\/\/ecoshop.ee\/en\/wp-json\/wp\/v2\/product\/328467\/revisions"}],"wp:featuredmedia":[{"embeddable":true,"href":"https:\/\/ecoshop.ee\/en\/wp-json\/wp\/v2\/media\/328455"}],"wp:attachment":[{"href":"https:\/\/ecoshop.ee\/en\/wp-json\/wp\/v2\/media?parent=328467"}],"wp:term":[{"taxonomy":"product_brand","embeddable":true,"href":"https:\/\/ecoshop.ee\/en\/wp-json\/wp\/v2\/product_brand?post=328467"},{"taxonomy":"product_cat","embeddable":true,"href":"https:\/\/ecoshop.ee\/en\/wp-json\/wp\/v2\/product_cat?post=328467"},{"taxonomy":"product_tag","embeddable":true,"href":"https:\/\/ecoshop.ee\/en\/wp-json\/wp\/v2\/product_tag?post=328467"}],"curies":[{"name":"wp","href":"https:\/\/api.w.org\/{rel}","templated":true}]}}