{"id":328783,"date":"2026-02-27T15:06:49","date_gmt":"2026-02-27T12:06:49","guid":{"rendered":"https:\/\/ecoshop.ee\/maaratlemata\/aia-hoiukast-175-x-80-x-75-cm-akaatsiapuit\/"},"modified":"2026-05-12T22:36:59","modified_gmt":"2026-05-12T19:36:59","slug":"garden-storage-box-175-x-80-x-75-cm-acacia-wood","status":"publish","type":"product","link":"https:\/\/ecoshop.ee\/en\/valipanipaigad\/aia-hoiukast-175-x-80-x-75-cm-akaatsiapuit\/","title":{"rendered":"Garden Storage Box, 175 x 80 x 75 Cm, Acacia Wood"},"content":{"rendered":"<p>This wooden garden storage box has enough space for garden furniture cushions and anything else you want to keep within reach in your outdoor area. It can also be used indoors.<\/p>\n<\/p>\n<ul>\n<li>Sturdy acacia wood: The wooden storage box is made of sturdy acacia wood. Acacia wood is a beautiful natural material that is dense, strong and durable.<\/li>\n<li>Plenty of storage space: The storage space makes it easy to keep things organized. It is suitable for storing seat cushions, pillows, blankets and other items.<\/li>\n<li>Waterproof bag: A zippered waterproof bag protects your items from moisture.<\/li>\n<\/ul>\n<p>Good to know:<\/p>\n<ul>\n<li>To keep your outdoor furniture looking beautiful, we recommend protecting it with a waterproof cover.<\/li>\n<\/ul>\n<ul>\n<li>Material: sturdy acacia wood with an oil finish<\/li>\n<li>Inner bag material: PE (polyethylene)<\/li>\n<li>Overall dimensions: 175 x 80 x 75 cm (W x D x H)<\/li>\n<li>Internal dimensions: 163 x 72 x 62 cm (W x D x H)<\/li>\n<li>Assembly required: yes<\/li>\n<\/ul>","protected":false},"excerpt":{"rendered":"<p>Puidust aia hoiukastis on piisavalt ruumi aiam\u00f6\u00f6bli patjade ja k\u00f5ige muu jaoks, mida soovite \u00f5uealal k\u00e4eulatuses hoida. Seda saab kasutada ka siseruumides.&hellip;<\/p>","protected":false},"featured_media":328771,"comment_status":"open","ping_status":"closed","template":"","meta":{"wprm-recipe-roundup-name":"","wprm-recipe-roundup-description":""},"product_brand":[],"product_cat":[1091],"product_tag":[547,553,554,540,1093],"class_list":{"0":"post-328783","1":"product","2":"type-product","3":"status-publish","4":"has-post-thumbnail","6":"product_cat-valipanipaigad","7":"product_tag-moobel","8":"product_tag-ouemoobel","9":"product_tag-ouemoobli-komplektid","10":"product_tag-parcel","11":"product_tag-valipanipaigad","12":"pa_brand-vidaxl","14":"first","15":"instock","16":"taxable","17":"shipping-taxable","18":"purchasable","19":"product-type-simple"},"supplier_id":null,"supplier_sku":"","barcode":null,"atum_controlled":false,"out_stock_date":null,"out_stock_threshold":null,"inheritable":false,"inbound_stock":null,"stock_on_hold":null,"sold_today":null,"sales_last_days":null,"reserved_stock":null,"customer_returns":null,"warehouse_damage":null,"lost_in_post":null,"other_logs":null,"out_stock_days":null,"lost_sales":null,"has_location":null,"update_date":"2026-05-12T19:37:00","atum_locations":[],"atum_stock_status":"instock","restock_status":false,"low_stock_amount":"","sales_update_date":null,"calc_backorders":null,"aioseo_notices":[],"_links":{"self":[{"href":"https:\/\/ecoshop.ee\/en\/wp-json\/wp\/v2\/product\/328783","targetHints":{"allow":["GET"]}}],"collection":[{"href":"https:\/\/ecoshop.ee\/en\/wp-json\/wp\/v2\/product"}],"about":[{"href":"https:\/\/ecoshop.ee\/en\/wp-json\/wp\/v2\/types\/product"}],"replies":[{"embeddable":true,"href":"https:\/\/ecoshop.ee\/en\/wp-json\/wp\/v2\/comments?post=328783"}],"version-history":[{"count":0,"href":"https:\/\/ecoshop.ee\/en\/wp-json\/wp\/v2\/product\/328783\/revisions"}],"wp:featuredmedia":[{"embeddable":true,"href":"https:\/\/ecoshop.ee\/en\/wp-json\/wp\/v2\/media\/328771"}],"wp:attachment":[{"href":"https:\/\/ecoshop.ee\/en\/wp-json\/wp\/v2\/media?parent=328783"}],"wp:term":[{"taxonomy":"product_brand","embeddable":true,"href":"https:\/\/ecoshop.ee\/en\/wp-json\/wp\/v2\/product_brand?post=328783"},{"taxonomy":"product_cat","embeddable":true,"href":"https:\/\/ecoshop.ee\/en\/wp-json\/wp\/v2\/product_cat?post=328783"},{"taxonomy":"product_tag","embeddable":true,"href":"https:\/\/ecoshop.ee\/en\/wp-json\/wp\/v2\/product_tag?post=328783"}],"curies":[{"name":"wp","href":"https:\/\/api.w.org\/{rel}","templated":true}]}}