{"id":328921,"date":"2026-02-27T15:10:01","date_gmt":"2026-02-27T12:10:01","guid":{"rendered":"https:\/\/ecoshop.ee\/maaratlemata\/seinapeegel-55-x-55-cm-pahkel\/"},"modified":"2026-05-13T15:21:20","modified_gmt":"2026-05-13T12:21:20","slug":"wall-mirror-55-x-55-cm-dowel","status":"publish","type":"product","link":"https:\/\/ecoshop.ee\/en\/peeglid\/seinapeegel-55-x-55-cm-pahkel\/","title":{"rendered":"Wall Mirror, 55 x 55 Cm, Walnut"},"content":{"rendered":"<p>Add a minimalist look to your interior design with a wooden wall mirror!<\/p>\n<\/p>\n<ul>\n<li>Walnut wood: Walnut wood is a dense and durable wood that is very wear-resistant and known for its distinctive color and beautiful patterns.<\/li>\n<li>Wall-mounted design: The makeup mirror can be mounted on the wall, making it especially suitable for rooms with limited space.<\/li>\n<li>Clear image: The mirror surface ensures a clear image. So you can enjoy a beautiful and natural reflection when standing in front of the mirror.<\/li>\n<li>Versatile use: You can use the wall-mounted mirror to decorate your bedroom, wardrobe, hallway, living room, bathroom, and more.<\/li>\n<\/ul>\n<p>Note.<\/p>\n<ul>\n<li>Each product comes with assembly instructions for easy assembly.<\/li>\n<\/ul>\n<ul>\n<li>Material: oil-finished walnut wood, glass<\/li>\n<li>Dimensions: 55 x 12 x 55 cm (W x D x H)<\/li>\n<li>Max load capacity (total): 5 kg<\/li>\n<\/ul>","protected":false},"excerpt":{"rendered":"<p>Lisage puidust seinapeegliga oma sisekujundusele minimalistlikku v\u00e4ljan\u00e4gemist! P\u00e4hklipuit: p\u00e4hklipuit on tihke ja vastupidav puit, mis on v\u00e4ga kulumiskindel ning tuntud oma iseloomuliku&hellip;<\/p>","protected":false},"featured_media":328914,"comment_status":"open","ping_status":"closed","template":"","meta":{"wprm-recipe-roundup-name":"","wprm-recipe-roundup-description":""},"product_brand":[],"product_cat":[2568],"product_tag":[536,554,540,2793,1071],"class_list":{"0":"post-328921","1":"product","2":"type-product","3":"status-publish","4":"has-post-thumbnail","6":"product_cat-peeglid","7":"product_tag-kodu-ja-aed","8":"product_tag-ouemoobli-komplektid","9":"product_tag-parcel","10":"product_tag-peeglid","11":"product_tag-sisekujundus","12":"pa_brand-vidaxl","14":"first","15":"instock","16":"taxable","17":"shipping-taxable","18":"purchasable","19":"product-type-simple"},"supplier_id":null,"supplier_sku":"","barcode":null,"atum_controlled":false,"out_stock_date":null,"out_stock_threshold":null,"inheritable":false,"inbound_stock":null,"stock_on_hold":0,"sold_today":1,"sales_last_days":1,"reserved_stock":null,"customer_returns":null,"warehouse_damage":null,"lost_in_post":null,"other_logs":null,"out_stock_days":0,"lost_sales":0,"has_location":null,"update_date":"2026-05-13T12:21:20","atum_locations":[],"atum_stock_status":"instock","restock_status":false,"low_stock_amount":"","sales_update_date":"2026-05-03T10:33:04","calc_backorders":null,"aioseo_notices":[],"_links":{"self":[{"href":"https:\/\/ecoshop.ee\/en\/wp-json\/wp\/v2\/product\/328921","targetHints":{"allow":["GET"]}}],"collection":[{"href":"https:\/\/ecoshop.ee\/en\/wp-json\/wp\/v2\/product"}],"about":[{"href":"https:\/\/ecoshop.ee\/en\/wp-json\/wp\/v2\/types\/product"}],"replies":[{"embeddable":true,"href":"https:\/\/ecoshop.ee\/en\/wp-json\/wp\/v2\/comments?post=328921"}],"version-history":[{"count":0,"href":"https:\/\/ecoshop.ee\/en\/wp-json\/wp\/v2\/product\/328921\/revisions"}],"wp:featuredmedia":[{"embeddable":true,"href":"https:\/\/ecoshop.ee\/en\/wp-json\/wp\/v2\/media\/328914"}],"wp:attachment":[{"href":"https:\/\/ecoshop.ee\/en\/wp-json\/wp\/v2\/media?parent=328921"}],"wp:term":[{"taxonomy":"product_brand","embeddable":true,"href":"https:\/\/ecoshop.ee\/en\/wp-json\/wp\/v2\/product_brand?post=328921"},{"taxonomy":"product_cat","embeddable":true,"href":"https:\/\/ecoshop.ee\/en\/wp-json\/wp\/v2\/product_cat?post=328921"},{"taxonomy":"product_tag","embeddable":true,"href":"https:\/\/ecoshop.ee\/en\/wp-json\/wp\/v2\/product_tag?post=328921"}],"curies":[{"name":"wp","href":"https:\/\/api.w.org\/{rel}","templated":true}]}}