{"id":329822,"date":"2026-02-27T15:33:25","date_gmt":"2026-02-27T12:33:25","guid":{"rendered":"https:\/\/ecoshop.ee\/maaratlemata\/6-paneeliga-ruumijagaja-210-x-165-cm-paulownia-puit\/"},"modified":"2026-05-07T06:08:54","modified_gmt":"2026-05-07T03:08:54","slug":"6-panel-room-divider-210-x-165-cm-paulownia-wood","status":"publish","type":"product","link":"https:\/\/ecoshop.ee\/en\/ruumijagajad\/6-paneeliga-ruumijagaja-210-x-165-cm-paulownia-puit\/","title":{"rendered":"6 Panel Room Divider, 210 x 165 Cm, Paulownia Wood"},"content":{"rendered":"<p>An old-fashioned screen offers a delicate and beautiful solution for dividing a room!<\/p>\n<\/p>\n<ul>\n<li>High-quality material: paulownia wood with a natural finish. Treat the surface with oil, wax, varnish or glaze to make the surface stronger and easier to clean. Paulownia wood is extremely resistant to insects and rot.<\/li>\n<li>Versatile use: The freestanding screen can be used as a partition or for decorative purposes. Perfect for the bedroom to create a separate private dressing area or to separate a part of the room.<\/li>\n<li>Vented design: To allow light and good air circulation, the partition screen is designed with vents.<\/li>\n<li>Foldable panels: When the screen is not in use, it can be easily folded up.<\/li>\n<\/ul>\n<p>Warning:<\/p>\n<ul>\n<li>To prevent tipping, the product must be used with the included wall mount.<\/li>\n<\/ul>\n<ul>\n<li>Color: brown<\/li>\n<li>Material: Paulownia wood<\/li>\n<li>Dimensions: 210 x 1.5 x 165 cm (W x D x H)<\/li>\n<li>Assembly required: yes<\/li>\n<li>Legal Documents:\n<p><span>For more information on how to prevent furniture falling over, see. <span style=\"text-decoration: underline\"><strong><a title=\"https:\/\/bit.ly\/3hTNl1i\" href=\"https:\/\/bit.ly\/3hTNl1i\" target=\"_blank\">from here<\/a><\/strong><\/span><\/span><\/p>\n<\/li>\n<\/ul>","protected":false},"excerpt":{"rendered":"<p>Vanaaegne sirm pakub \u00f5rna ja kena lahendust ruumi jagamiseks! Kvaliteetne materjal: naturaalse viimistlusega paulownia puit. T\u00f6\u00f6delge pinda \u00f5li, vaha, laki v\u00f5i glasuuriga,&hellip;<\/p>","protected":false},"featured_media":329814,"comment_status":"open","ping_status":"closed","template":"","meta":{"wprm-recipe-roundup-name":"","wprm-recipe-roundup-description":""},"product_brand":[],"product_cat":[700],"product_tag":[547,554,540,701],"class_list":{"0":"post-329822","1":"product","2":"type-product","3":"status-publish","4":"has-post-thumbnail","6":"product_cat-ruumijagajad","7":"product_tag-moobel","8":"product_tag-ouemoobli-komplektid","9":"product_tag-parcel","10":"product_tag-ruumijagajad","11":"pa_brand-vidaxl","13":"first","14":"instock","15":"taxable","16":"shipping-taxable","17":"purchasable","18":"product-type-simple"},"supplier_id":null,"supplier_sku":"","barcode":null,"atum_controlled":false,"out_stock_date":null,"out_stock_threshold":null,"inheritable":false,"inbound_stock":null,"stock_on_hold":null,"sold_today":null,"sales_last_days":null,"reserved_stock":null,"customer_returns":null,"warehouse_damage":null,"lost_in_post":null,"other_logs":null,"out_stock_days":null,"lost_sales":null,"has_location":null,"update_date":"2026-05-07T03:08:54","atum_locations":[],"atum_stock_status":"instock","restock_status":false,"low_stock_amount":"","sales_update_date":null,"calc_backorders":null,"aioseo_notices":[],"_links":{"self":[{"href":"https:\/\/ecoshop.ee\/en\/wp-json\/wp\/v2\/product\/329822","targetHints":{"allow":["GET"]}}],"collection":[{"href":"https:\/\/ecoshop.ee\/en\/wp-json\/wp\/v2\/product"}],"about":[{"href":"https:\/\/ecoshop.ee\/en\/wp-json\/wp\/v2\/types\/product"}],"replies":[{"embeddable":true,"href":"https:\/\/ecoshop.ee\/en\/wp-json\/wp\/v2\/comments?post=329822"}],"version-history":[{"count":0,"href":"https:\/\/ecoshop.ee\/en\/wp-json\/wp\/v2\/product\/329822\/revisions"}],"wp:featuredmedia":[{"embeddable":true,"href":"https:\/\/ecoshop.ee\/en\/wp-json\/wp\/v2\/media\/329814"}],"wp:attachment":[{"href":"https:\/\/ecoshop.ee\/en\/wp-json\/wp\/v2\/media?parent=329822"}],"wp:term":[{"taxonomy":"product_brand","embeddable":true,"href":"https:\/\/ecoshop.ee\/en\/wp-json\/wp\/v2\/product_brand?post=329822"},{"taxonomy":"product_cat","embeddable":true,"href":"https:\/\/ecoshop.ee\/en\/wp-json\/wp\/v2\/product_cat?post=329822"},{"taxonomy":"product_tag","embeddable":true,"href":"https:\/\/ecoshop.ee\/en\/wp-json\/wp\/v2\/product_tag?post=329822"}],"curies":[{"name":"wp","href":"https:\/\/api.w.org\/{rel}","templated":true}]}}