{"id":330230,"date":"2026-02-27T15:45:08","date_gmt":"2026-02-27T12:45:08","guid":{"rendered":"https:\/\/ecoshop.ee\/maaratlemata\/laelamp-kristallhelmestega-hobedane-kera-3-x-g9-pirni\/"},"modified":"2026-05-14T03:26:21","modified_gmt":"2026-05-14T00:26:21","slug":"ceiling-lamp-with-crystal-beads-floating-sphere-3-x-g9-bulbs","status":"publish","type":"product","link":"https:\/\/ecoshop.ee\/en\/lambid\/laelamp-kristallhelmestega-hobedane-kera-3-x-g9-pirni\/","title":{"rendered":"Ceiling Lamp with Crystal Beads Silver Sphere, 3 X G9 Bulbs"},"content":{"rendered":"<p>An extravagant and exquisitely designed crystal and sparkling beaded ceiling lamp creates a stunning look and is an eye-catcher in your home.<\/p>\n<\/p>\n<p>The transparent drops and mirror-like chrome surface provide beautiful light and ensure optimal illumination. You can choose and install G9 bulbs in different light colors to create a relaxing atmosphere.<\/p>\n<\/p>\n<p>Please note that bulbs are not included. With the included installation materials, you can easily and securely assemble and install.<\/p>\n<ul>\n<li>Color: silver (lamp base) + transparent (beads)<\/li>\n<li>Material: metal (lamp base) + acrylic (beads)<\/li>\n<li>Dimensions: 25 x 40 cm (diameter x H)<\/li>\n<li>Power supply: 230V<\/li>\n<li>Socket type: G9<\/li>\n<li>With 3 bulb holders<\/li>\n<li>The beads have a ball-shaped design.<\/li>\n<li>Bulbs not included<\/li>\n<\/ul>","protected":false},"excerpt":{"rendered":"<p>Ekstravagantse ja peene kujundusega kristallist ja s\u00e4delevate helmestega laelamp loob vapustava ilme ja p\u00fc\u00fcab kodus pilke. L\u00e4bipaistvad tilgad ja peeglitaoline kroompind annavad&hellip;<\/p>","protected":false},"featured_media":330226,"comment_status":"open","ping_status":"closed","template":"","meta":{"wprm-recipe-roundup-name":"","wprm-recipe-roundup-description":""},"product_brand":[],"product_cat":[3188],"product_tag":[1885,536,3191,3190,540],"class_list":{"0":"post-330230","1":"product","2":"type-product","3":"status-publish","4":"has-post-thumbnail","6":"product_cat-lambid","7":"product_tag-hobedane","8":"product_tag-kodu-ja-aed","9":"product_tag-lambid","10":"product_tag-ouevalgustus","11":"product_tag-parcel","12":"pa_brand-vidaxl","14":"first","15":"instock","16":"taxable","17":"shipping-taxable","18":"purchasable","19":"product-type-simple"},"supplier_id":null,"supplier_sku":"","barcode":null,"atum_controlled":false,"out_stock_date":null,"out_stock_threshold":null,"inheritable":false,"inbound_stock":null,"stock_on_hold":null,"sold_today":null,"sales_last_days":null,"reserved_stock":null,"customer_returns":null,"warehouse_damage":null,"lost_in_post":null,"other_logs":null,"out_stock_days":null,"lost_sales":null,"has_location":null,"update_date":"2026-05-14T00:26:21","atum_locations":[],"atum_stock_status":"instock","restock_status":false,"low_stock_amount":"","sales_update_date":null,"calc_backorders":null,"aioseo_notices":[],"_links":{"self":[{"href":"https:\/\/ecoshop.ee\/en\/wp-json\/wp\/v2\/product\/330230","targetHints":{"allow":["GET"]}}],"collection":[{"href":"https:\/\/ecoshop.ee\/en\/wp-json\/wp\/v2\/product"}],"about":[{"href":"https:\/\/ecoshop.ee\/en\/wp-json\/wp\/v2\/types\/product"}],"replies":[{"embeddable":true,"href":"https:\/\/ecoshop.ee\/en\/wp-json\/wp\/v2\/comments?post=330230"}],"version-history":[{"count":0,"href":"https:\/\/ecoshop.ee\/en\/wp-json\/wp\/v2\/product\/330230\/revisions"}],"wp:featuredmedia":[{"embeddable":true,"href":"https:\/\/ecoshop.ee\/en\/wp-json\/wp\/v2\/media\/330226"}],"wp:attachment":[{"href":"https:\/\/ecoshop.ee\/en\/wp-json\/wp\/v2\/media?parent=330230"}],"wp:term":[{"taxonomy":"product_brand","embeddable":true,"href":"https:\/\/ecoshop.ee\/en\/wp-json\/wp\/v2\/product_brand?post=330230"},{"taxonomy":"product_cat","embeddable":true,"href":"https:\/\/ecoshop.ee\/en\/wp-json\/wp\/v2\/product_cat?post=330230"},{"taxonomy":"product_tag","embeddable":true,"href":"https:\/\/ecoshop.ee\/en\/wp-json\/wp\/v2\/product_tag?post=330230"}],"curies":[{"name":"wp","href":"https:\/\/api.w.org\/{rel}","templated":true}]}}