{"id":330418,"date":"2026-02-27T15:49:28","date_gmt":"2026-02-27T12:49:28","guid":{"rendered":"https:\/\/ecoshop.ee\/maaratlemata\/paevitustoolid-patjadega-2-tk-beez-akaatsiapuit\/"},"modified":"2026-05-15T21:29:31","modified_gmt":"2026-05-15T18:29:31","slug":"tanning-chairs-with-cushions-2-pcs-beige-acacia-wood","status":"publish","type":"product","link":"https:\/\/ecoshop.ee\/en\/lamamistoolid\/paevitustoolid-patjadega-2-tk-beez-akaatsiapuit\/","title":{"rendered":"Sunbeds with Cushions 2 Pieces, Beige, Acacia Wood"},"content":{"rendered":"<p>Beautifully designed sun loungers are perfect for relaxing by the pool, on the terrace or in the garden.<\/p>\n<\/p>\n<ul>\n<li>Sturdy acacia wood: The sun lounger is made of acacia wood, a tropical hardwood that is weather-resistant and highly durable.<\/li>\n<li>Comfortable seating experience: Outdoor furniture with densely padded seat cushions and an additional pillow provides a comfortable seating experience.<\/li>\n<li>Slatted design: The lounger features a slatted design that allows for easy water drainage and adds natural charm to your outdoor living space.<\/li>\n<li>Foldable design: The lounger can be folded to save space when not in use.<\/li>\n<li>Wide use: The outdoor lounge chair set with a simple and timeless design is suitable for balcony, garden, terrace, etc.<\/li>\n<\/ul>\n<p>Good to know:<\/p>\n<ul>\n<li>To keep your outdoor furniture looking beautiful, we recommend protecting it with a waterproof cover.<\/li>\n<\/ul>\n<ul>\n<li><strong>Deck chair:<\/strong><\/li>\n<li>Material: acacia wood (with natural oil finish)<\/li>\n<li>Dimensions (unassembled): 184 x 55 x 65 cm (L x W x H)<\/li>\n<li>Dimensions (folded): 92 x 55 x 20 cm (L x W x H)<\/li>\n<li>Maximum load capacity: 110 kg<\/li>\n<li>Assembly required: yes<\/li>\n<li><strong>Sofa cushion:<\/strong><\/li>\n<li>Color: beige<\/li>\n<li>Cover material: 100% polyester<\/li>\n<li>Filling material: foam<\/li>\n<li>Seat cushion dimensions: 184 x 56 x 3 cm (L x W x thickness)<\/li>\n<li>Pillow dimensions: 46 x 30 x 3 cm (L x W x thickness)<\/li>\n<li> <\/li>\n<li><strong>The package includes:<\/strong><\/li>\n<li>2 x deck chairs<\/li>\n<li>2 x seat cushion<\/li>\n<li>2 x pillow<\/li>\n<\/ul>","protected":false},"excerpt":{"rendered":"<p>Kauni disainiga p\u00e4evitustoolid sobivad ideaalselt basseini k\u00f5rval, terrassil v\u00f5i aias l\u00f5\u00f5gastumiseks. Toekas akaatsiapuit: p\u00e4evitustool on valmistatud akaatsiapuidust, troopilisest lehtpuust, mis on ilmastikukindel&hellip;<\/p>","protected":false},"featured_media":330408,"comment_status":"open","ping_status":"closed","template":"","meta":{"wprm-recipe-roundup-name":"","wprm-recipe-roundup-description":""},"product_brand":[],"product_cat":[3187],"product_tag":[596,594,3257,547,553,540],"class_list":{"0":"post-330418","1":"product","2":"type-product","3":"status-publish","4":"has-post-thumbnail","6":"product_cat-lamamistoolid","7":"product_tag-beez","8":"product_tag-istekohad-oue","9":"product_tag-lamamistoolid","10":"product_tag-moobel","11":"product_tag-ouemoobel","12":"product_tag-parcel","13":"pa_brand-vidaxl","15":"first","16":"instock","17":"taxable","18":"shipping-taxable","19":"purchasable","20":"product-type-simple"},"supplier_id":null,"supplier_sku":"","barcode":null,"atum_controlled":false,"out_stock_date":null,"out_stock_threshold":null,"inheritable":false,"inbound_stock":null,"stock_on_hold":null,"sold_today":null,"sales_last_days":null,"reserved_stock":null,"customer_returns":null,"warehouse_damage":null,"lost_in_post":null,"other_logs":null,"out_stock_days":null,"lost_sales":null,"has_location":null,"update_date":"2026-05-15T18:29:32","atum_locations":[],"atum_stock_status":"instock","restock_status":false,"low_stock_amount":"","sales_update_date":null,"calc_backorders":null,"aioseo_notices":[],"_links":{"self":[{"href":"https:\/\/ecoshop.ee\/en\/wp-json\/wp\/v2\/product\/330418","targetHints":{"allow":["GET"]}}],"collection":[{"href":"https:\/\/ecoshop.ee\/en\/wp-json\/wp\/v2\/product"}],"about":[{"href":"https:\/\/ecoshop.ee\/en\/wp-json\/wp\/v2\/types\/product"}],"replies":[{"embeddable":true,"href":"https:\/\/ecoshop.ee\/en\/wp-json\/wp\/v2\/comments?post=330418"}],"version-history":[{"count":0,"href":"https:\/\/ecoshop.ee\/en\/wp-json\/wp\/v2\/product\/330418\/revisions"}],"wp:featuredmedia":[{"embeddable":true,"href":"https:\/\/ecoshop.ee\/en\/wp-json\/wp\/v2\/media\/330408"}],"wp:attachment":[{"href":"https:\/\/ecoshop.ee\/en\/wp-json\/wp\/v2\/media?parent=330418"}],"wp:term":[{"taxonomy":"product_brand","embeddable":true,"href":"https:\/\/ecoshop.ee\/en\/wp-json\/wp\/v2\/product_brand?post=330418"},{"taxonomy":"product_cat","embeddable":true,"href":"https:\/\/ecoshop.ee\/en\/wp-json\/wp\/v2\/product_cat?post=330418"},{"taxonomy":"product_tag","embeddable":true,"href":"https:\/\/ecoshop.ee\/en\/wp-json\/wp\/v2\/product_tag?post=330418"}],"curies":[{"name":"wp","href":"https:\/\/api.w.org\/{rel}","templated":true}]}}