{"id":330665,"date":"2026-02-27T15:55:15","date_gmt":"2026-02-27T12:55:15","guid":{"rendered":"https:\/\/ecoshop.ee\/maaratlemata\/kohvilaud-toekast-mangopuidust-88-x-50-x-40-cm\/"},"modified":"2026-05-16T12:50:20","modified_gmt":"2026-05-16T09:50:20","slug":"coffee-table-made-of-sturdy-mango-wood-88-x-50-x-40-cm","status":"publish","type":"product","link":"https:\/\/ecoshop.ee\/en\/kohvilauad\/kohvilaud-toekast-mangopuidust-88-x-50-x-40-cm\/","title":{"rendered":"Coffee Table Solid Mango Wood 88 x 50 x 40 Cm"},"content":{"rendered":"<p>This sturdy mango wood coffee table exudes a retro charm and will add a stylish touch to your interior design. The variations in grain and color give the coffee table a unique touch.<\/p>\n<\/p>\n<ul>\n<li>Durable material: The coffee table is handmade from solid mango wood. It is strong, durable and beautiful, and the finish adds an interesting retro style. <\/li>\n<li>Retro design: The wooden pieces are carefully sanded and varnished. Thanks to the unique material and finish, each piece of furniture is different from the next. <\/li>\n<li>Spacious storage: The wooden pieces are carefully sanded and varnished. Thanks to the unique material and finish, each piece of furniture is different from the next.<\/li>\n<\/ul>\n<p>Good to know:<\/p>\n<ul>\n<li>The color of the pig furniture varies, making each table unique; the item delivered is random.<\/li>\n<\/ul>\n<ul>\n<li>Material: sturdy mango wood (matte finish)<\/li>\n<li>Dimensions: 88 x 50 x 40 cm (L x W x H)<\/li>\n<li>Polished and varnished<\/li>\n<li>With large section part<\/li>\n<li>Easy to assemble<\/li>\n<\/ul>","protected":false},"excerpt":{"rendered":"<p>Toekast mangopuidust kohvilaud \u00f5hkab retrolikku sarmi ja muudab teie sisekujunduse stiilsemaks. Kiudude ja v\u00e4rvuste erinevused annavad kohvilauale unikaalset h\u00f5ngu. Vastupidav materjal: Kohvilaud&hellip;<\/p>","protected":false},"featured_media":330653,"comment_status":"open","ping_status":"closed","template":"","meta":{"wprm-recipe-roundup-name":"","wprm-recipe-roundup-description":""},"product_brand":[],"product_cat":[790],"product_tag":[792,636,547,554,540,791],"class_list":{"0":"post-330665","1":"product","2":"type-product","3":"status-publish","4":"has-post-thumbnail","6":"product_cat-kohvilauad","7":"product_tag-kohvilauad","8":"product_tag-lauad","9":"product_tag-moobel","10":"product_tag-ouemoobli-komplektid","11":"product_tag-parcel","12":"product_tag-vaiksed-lauad","13":"pa_brand-vidaxl","15":"first","16":"instock","17":"taxable","18":"shipping-taxable","19":"purchasable","20":"product-type-simple"},"supplier_id":null,"supplier_sku":"","barcode":null,"atum_controlled":false,"out_stock_date":null,"out_stock_threshold":null,"inheritable":false,"inbound_stock":null,"stock_on_hold":null,"sold_today":null,"sales_last_days":null,"reserved_stock":null,"customer_returns":null,"warehouse_damage":null,"lost_in_post":null,"other_logs":null,"out_stock_days":null,"lost_sales":null,"has_location":null,"update_date":"2026-05-16T09:50:21","atum_locations":[],"atum_stock_status":"instock","restock_status":false,"low_stock_amount":"","sales_update_date":null,"calc_backorders":null,"aioseo_notices":[],"_links":{"self":[{"href":"https:\/\/ecoshop.ee\/en\/wp-json\/wp\/v2\/product\/330665","targetHints":{"allow":["GET"]}}],"collection":[{"href":"https:\/\/ecoshop.ee\/en\/wp-json\/wp\/v2\/product"}],"about":[{"href":"https:\/\/ecoshop.ee\/en\/wp-json\/wp\/v2\/types\/product"}],"replies":[{"embeddable":true,"href":"https:\/\/ecoshop.ee\/en\/wp-json\/wp\/v2\/comments?post=330665"}],"version-history":[{"count":0,"href":"https:\/\/ecoshop.ee\/en\/wp-json\/wp\/v2\/product\/330665\/revisions"}],"wp:featuredmedia":[{"embeddable":true,"href":"https:\/\/ecoshop.ee\/en\/wp-json\/wp\/v2\/media\/330653"}],"wp:attachment":[{"href":"https:\/\/ecoshop.ee\/en\/wp-json\/wp\/v2\/media?parent=330665"}],"wp:term":[{"taxonomy":"product_brand","embeddable":true,"href":"https:\/\/ecoshop.ee\/en\/wp-json\/wp\/v2\/product_brand?post=330665"},{"taxonomy":"product_cat","embeddable":true,"href":"https:\/\/ecoshop.ee\/en\/wp-json\/wp\/v2\/product_cat?post=330665"},{"taxonomy":"product_tag","embeddable":true,"href":"https:\/\/ecoshop.ee\/en\/wp-json\/wp\/v2\/product_tag?post=330665"}],"curies":[{"name":"wp","href":"https:\/\/api.w.org\/{rel}","templated":true}]}}