{"id":330751,"date":"2026-02-27T15:57:25","date_gmt":"2026-02-27T12:57:25","guid":{"rendered":"https:\/\/ecoshop.ee\/maaratlemata\/luhter-kristallhelmestega-kuldne-ummargune-6-x-e14-pirnidega\/"},"modified":"2026-04-08T00:54:51","modified_gmt":"2026-04-07T21:54:51","slug":"chandelier-with-crystal-beads-golden-round-with-6-x-e14-bulbs","status":"publish","type":"product","link":"https:\/\/ecoshop.ee\/en\/lambid\/luhter-kristallhelmestega-kuldne-ummargune-6-x-e14-pirnidega\/","title":{"rendered":"Chandelier with Crystal Beads, Golden, Round, 6 X E14 Bulbs"},"content":{"rendered":"<p>An extravagant and exquisitely designed ceiling lamp with sparkling beads creates a stunning look and is an eye-catcher in your home.<\/p>\n<\/p>\n<p>The crystal drops and six-branch frame look elegant and provide optimal lighting. You can choose and install E14 bulbs in different colors to create a relaxing atmosphere.<\/p>\n<\/p>\n<p>Please note that bulbs are not included. With the included installation materials, you can easily and securely assemble and install.<\/p>\n<ul>\n<li>Color: golden (lamp base) + transparent (beads)<\/li>\n<li>Material: metal (lamp base) + acrylic (beads)<\/li>\n<li>Dimensions: 60 x 44 cm (diameter x H)<\/li>\n<li>Power supply: 230V<\/li>\n<li>Socket type: E14<\/li>\n<li>With 6 bulb holders<\/li>\n<li>Bulbs not included<\/li>\n<\/ul>","protected":false},"excerpt":{"rendered":"<p>Ekstravagantse ja peene kujundusega s\u00e4delevate helmestega laelamp loob vapustava ilme ja p\u00fc\u00fcab kodus pilke. Kristalltilgad ja kuue haruga raam n\u00e4evad elegantsed v\u00e4lja&hellip;<\/p>","protected":false},"featured_media":330744,"comment_status":"open","ping_status":"closed","template":"","meta":{"wprm-recipe-roundup-name":"","wprm-recipe-roundup-description":""},"product_brand":[],"product_cat":[3188],"product_tag":[536,2822,3191,3190,540],"class_list":{"0":"post-330751","1":"product","2":"type-product","3":"status-publish","4":"has-post-thumbnail","6":"product_cat-lambid","7":"product_tag-kodu-ja-aed","8":"product_tag-kuldne","9":"product_tag-lambid","10":"product_tag-ouevalgustus","11":"product_tag-parcel","12":"pa_brand-vidaxl","14":"first","15":"instock","16":"taxable","17":"shipping-taxable","18":"purchasable","19":"product-type-simple"},"supplier_id":null,"supplier_sku":"","barcode":null,"atum_controlled":false,"out_stock_date":null,"out_stock_threshold":null,"inheritable":false,"inbound_stock":null,"stock_on_hold":null,"sold_today":null,"sales_last_days":null,"reserved_stock":null,"customer_returns":null,"warehouse_damage":null,"lost_in_post":null,"other_logs":null,"out_stock_days":null,"lost_sales":null,"has_location":null,"update_date":"2026-04-07T21:54:52","atum_locations":[],"atum_stock_status":"instock","restock_status":false,"low_stock_amount":"","sales_update_date":null,"calc_backorders":null,"aioseo_notices":[],"_links":{"self":[{"href":"https:\/\/ecoshop.ee\/en\/wp-json\/wp\/v2\/product\/330751","targetHints":{"allow":["GET"]}}],"collection":[{"href":"https:\/\/ecoshop.ee\/en\/wp-json\/wp\/v2\/product"}],"about":[{"href":"https:\/\/ecoshop.ee\/en\/wp-json\/wp\/v2\/types\/product"}],"replies":[{"embeddable":true,"href":"https:\/\/ecoshop.ee\/en\/wp-json\/wp\/v2\/comments?post=330751"}],"version-history":[{"count":0,"href":"https:\/\/ecoshop.ee\/en\/wp-json\/wp\/v2\/product\/330751\/revisions"}],"wp:featuredmedia":[{"embeddable":true,"href":"https:\/\/ecoshop.ee\/en\/wp-json\/wp\/v2\/media\/330744"}],"wp:attachment":[{"href":"https:\/\/ecoshop.ee\/en\/wp-json\/wp\/v2\/media?parent=330751"}],"wp:term":[{"taxonomy":"product_brand","embeddable":true,"href":"https:\/\/ecoshop.ee\/en\/wp-json\/wp\/v2\/product_brand?post=330751"},{"taxonomy":"product_cat","embeddable":true,"href":"https:\/\/ecoshop.ee\/en\/wp-json\/wp\/v2\/product_cat?post=330751"},{"taxonomy":"product_tag","embeddable":true,"href":"https:\/\/ecoshop.ee\/en\/wp-json\/wp\/v2\/product_tag?post=330751"}],"curies":[{"name":"wp","href":"https:\/\/api.w.org\/{rel}","templated":true}]}}