{"id":330759,"date":"2026-02-27T15:57:34","date_gmt":"2026-02-27T12:57:34","guid":{"rendered":"https:\/\/ecoshop.ee\/maaratlemata\/pistikupesaga-oue-lambipost-60-cm-roostevaba-teras-pistikuga\/"},"modified":"2026-05-12T22:38:38","modified_gmt":"2026-05-12T19:38:38","slug":"oue-lamp-post-with-socket-60-cm-stainless-steel-with-plug","status":"publish","type":"product","link":"https:\/\/ecoshop.ee\/en\/valivalgustid\/pistikupesaga-oue-lambipost-60-cm-roostevaba-teras-pistikuga\/","title":{"rendered":"Outdoor Lamp Post with Socket, 60 Cm, Stainless Steel with Plug"},"content":{"rendered":"<p>Refresh your outdoor area with this outdoor lamp post!<\/p>\n<\/p>\n<ul>\n<li> IP44 rating: Thanks to its stainless steel housing with an IP44 rating, the outdoor lamp post is weatherproof, strong and durable and therefore extremely suitable for outdoor use.<\/li>\n<li> Built-in socket: The garden lamp post has a built-in socket, allowing you to plug in other outdoor accessories or devices for easy access. <\/li>\n<li> With diffuser: The outdoor lamp post is equipped with a PC diffuser that helps protect the light source from elements such as dust, water and debris while providing an even and diffused light output.<\/li>\n<li> Versatility: The stylish patio lamp post is versatile and can be used for various outdoor lighting applications, such as illuminating a garden, driveway or porch, and enhancing outdoor d\u00e9cor.<\/li>\n<\/ul>\n<p>Good to know:<\/p>\n<ul>\n<li>Bulbs are not included.<\/li>\n<\/ul>\n<ul>\n<li>Color: silver<\/li>\n<li>Material: stainless steel, PC (polycarbonate)<\/li>\n<li>Dimensions: 14 x 14 x 60 cm (L x W x H)<\/li>\n<li>Suitable bulb (not included): maximum 40 W, E27<\/li>\n<li>Voltage: 220-240 V~, 50 Hz<\/li>\n<li>IP code: IP44<\/li>\n<li>LP252D with socket<\/li>\n<li>Suitable for the yard<\/li>\n<\/ul>","protected":false},"excerpt":{"rendered":"<p>V\u00e4rskendage oma \u00f5ueala selle \u00f5ue lambipostiga! IP44 hinnang: t\u00e4nu oma roostevabast terasest korpusele, millel on IP44 hinnang, on v\u00e4li lambipost ilmastikukindel, tugev&hellip;<\/p>","protected":false},"featured_media":330752,"comment_status":"open","ping_status":"closed","template":"","meta":{"wprm-recipe-roundup-name":"","wprm-recipe-roundup-description":""},"product_brand":[],"product_cat":[3189],"product_tag":[3309,1885,536,3190,540],"class_list":{"0":"post-330759","1":"product","2":"type-product","3":"status-publish","4":"has-post-thumbnail","6":"product_cat-valivalgustid","7":"product_tag-aiatuled","8":"product_tag-hobedane","9":"product_tag-kodu-ja-aed","10":"product_tag-ouevalgustus","11":"product_tag-parcel","12":"pa_brand-vidaxl","14":"first","15":"instock","16":"taxable","17":"shipping-taxable","18":"purchasable","19":"product-type-simple"},"supplier_id":null,"supplier_sku":"","barcode":null,"atum_controlled":false,"out_stock_date":null,"out_stock_threshold":null,"inheritable":false,"inbound_stock":null,"stock_on_hold":0,"sold_today":0,"sales_last_days":0,"reserved_stock":null,"customer_returns":null,"warehouse_damage":null,"lost_in_post":null,"other_logs":null,"out_stock_days":0,"lost_sales":0,"has_location":null,"update_date":"2026-05-12T19:38:38","atum_locations":[],"atum_stock_status":"instock","restock_status":false,"low_stock_amount":"","sales_update_date":"2026-03-05T01:07:21","calc_backorders":null,"aioseo_notices":[],"_links":{"self":[{"href":"https:\/\/ecoshop.ee\/en\/wp-json\/wp\/v2\/product\/330759","targetHints":{"allow":["GET"]}}],"collection":[{"href":"https:\/\/ecoshop.ee\/en\/wp-json\/wp\/v2\/product"}],"about":[{"href":"https:\/\/ecoshop.ee\/en\/wp-json\/wp\/v2\/types\/product"}],"replies":[{"embeddable":true,"href":"https:\/\/ecoshop.ee\/en\/wp-json\/wp\/v2\/comments?post=330759"}],"version-history":[{"count":0,"href":"https:\/\/ecoshop.ee\/en\/wp-json\/wp\/v2\/product\/330759\/revisions"}],"wp:featuredmedia":[{"embeddable":true,"href":"https:\/\/ecoshop.ee\/en\/wp-json\/wp\/v2\/media\/330752"}],"wp:attachment":[{"href":"https:\/\/ecoshop.ee\/en\/wp-json\/wp\/v2\/media?parent=330759"}],"wp:term":[{"taxonomy":"product_brand","embeddable":true,"href":"https:\/\/ecoshop.ee\/en\/wp-json\/wp\/v2\/product_brand?post=330759"},{"taxonomy":"product_cat","embeddable":true,"href":"https:\/\/ecoshop.ee\/en\/wp-json\/wp\/v2\/product_cat?post=330759"},{"taxonomy":"product_tag","embeddable":true,"href":"https:\/\/ecoshop.ee\/en\/wp-json\/wp\/v2\/product_tag?post=330759"}],"curies":[{"name":"wp","href":"https:\/\/api.w.org\/{rel}","templated":true}]}}