{"id":330976,"date":"2026-02-27T16:05:00","date_gmt":"2026-02-27T13:05:00","guid":{"rendered":"https:\/\/ecoshop.ee\/maaratlemata\/anduriga-oue-seinavalgustid-2-tk-roostevaba-teras-jah\/"},"modified":"2026-05-12T22:38:52","modified_gmt":"2026-05-12T19:38:52","slug":"sensor-oue-wall-lights-2-pcs-stainless-steel-yes","status":"publish","type":"product","link":"https:\/\/ecoshop.ee\/en\/valivalgustid\/anduriga-oue-seinavalgustid-2-tk-roostevaba-teras-jah\/","title":{"rendered":"Anduriga \u00d5ue Seinavalgustid 2 Tk, Roostevaba Teras Jah"},"content":{"rendered":"<p>Refresh your outdoor area with these outdoor wall lights!<\/p>\n<\/p>\n<ul>\n<li> IP44 rating: Thanks to its stainless steel housing with an IP44 rating, the outdoor wall light is weatherproof, strong and durable and therefore extremely suitable for outdoor use. <\/li>\n<li> PIR motion sensor: The outdoor wall light is equipped with a built-in PIR (passive infrared) motion sensor with a detection angle of 120\u00b0 and an effective range of up to 10 meters. The light is automatically activated when motion is detected, and the light duration can be adjusted from 8 seconds to 3.5 minutes. <\/li>\n<li> With diffuser: The outdoor wall light is equipped with a glass diffuser that helps protect the light source from elements such as dust, water and debris while providing an even and diffused light output. <\/li>\n<li> Versatility: The stylish garden lamp is versatile and can be used for various outdoor lighting applications, such as illuminating a garden, driveway or porch, and enhancing outdoor decor. <\/li>\n<\/ul>\n<p>Good to know:<\/p>\n<ul>\n<li> Bulbs are not included.<\/li>\n<\/ul>\n<ul>\n<li>Color: silver<\/li>\n<li>Material: stainless steel and glass<\/li>\n<li>Dimensions: 14 x 11 x 20.5 cm (L x W x H)<\/li>\n<li>Suitable bulb (not included): maximum 11 W, E27<\/li>\n<li>Voltage: 220-240 V~, 50 Hz<\/li>\n<li>IP code: IP44<\/li>\n<li>With a sensor that automatically turns the lamp on when motion is detected<\/li>\n<li>Sensor type: passive infrared<\/li>\n<li>Motion detection angle: 120\u00b0<\/li>\n<li>Effective radius up to 10 m<\/li>\n<li>Time setting: 8 seconds to 3.5 minutes<\/li>\n<li>Suitable for the yard<\/li>\n<li><strong>The package includes:<\/strong><\/li>\n<li>2 x outdoor wall light with sensor<\/li>\n<\/ul>","protected":false},"excerpt":{"rendered":"<p>V\u00e4rskendage oma \u00f5ueala nende \u00f5ue seinavalgustitega! IP44 hinnang: t\u00e4nu oma roostevabast terasest korpusele, millel on IP44 hinnang, on v\u00e4lisseinavalgusti ilmastikukindel, tugev ja&hellip;<\/p>","protected":false},"featured_media":330969,"comment_status":"open","ping_status":"closed","template":"","meta":{"wprm-recipe-roundup-name":"","wprm-recipe-roundup-description":""},"product_brand":[],"product_cat":[3189],"product_tag":[3309,1885,536,3190,540],"class_list":{"0":"post-330976","1":"product","2":"type-product","3":"status-publish","4":"has-post-thumbnail","6":"product_cat-valivalgustid","7":"product_tag-aiatuled","8":"product_tag-hobedane","9":"product_tag-kodu-ja-aed","10":"product_tag-ouevalgustus","11":"product_tag-parcel","12":"pa_brand-vidaxl","14":"first","15":"instock","16":"taxable","17":"shipping-taxable","18":"purchasable","19":"product-type-simple"},"supplier_id":null,"supplier_sku":"","barcode":null,"atum_controlled":false,"out_stock_date":null,"out_stock_threshold":null,"inheritable":false,"inbound_stock":null,"stock_on_hold":null,"sold_today":null,"sales_last_days":null,"reserved_stock":null,"customer_returns":null,"warehouse_damage":null,"lost_in_post":null,"other_logs":null,"out_stock_days":null,"lost_sales":null,"has_location":null,"update_date":"2026-05-12T19:38:52","atum_locations":[],"atum_stock_status":"instock","restock_status":false,"low_stock_amount":"","sales_update_date":null,"calc_backorders":null,"aioseo_notices":[],"_links":{"self":[{"href":"https:\/\/ecoshop.ee\/en\/wp-json\/wp\/v2\/product\/330976","targetHints":{"allow":["GET"]}}],"collection":[{"href":"https:\/\/ecoshop.ee\/en\/wp-json\/wp\/v2\/product"}],"about":[{"href":"https:\/\/ecoshop.ee\/en\/wp-json\/wp\/v2\/types\/product"}],"replies":[{"embeddable":true,"href":"https:\/\/ecoshop.ee\/en\/wp-json\/wp\/v2\/comments?post=330976"}],"version-history":[{"count":0,"href":"https:\/\/ecoshop.ee\/en\/wp-json\/wp\/v2\/product\/330976\/revisions"}],"wp:featuredmedia":[{"embeddable":true,"href":"https:\/\/ecoshop.ee\/en\/wp-json\/wp\/v2\/media\/330969"}],"wp:attachment":[{"href":"https:\/\/ecoshop.ee\/en\/wp-json\/wp\/v2\/media?parent=330976"}],"wp:term":[{"taxonomy":"product_brand","embeddable":true,"href":"https:\/\/ecoshop.ee\/en\/wp-json\/wp\/v2\/product_brand?post=330976"},{"taxonomy":"product_cat","embeddable":true,"href":"https:\/\/ecoshop.ee\/en\/wp-json\/wp\/v2\/product_cat?post=330976"},{"taxonomy":"product_tag","embeddable":true,"href":"https:\/\/ecoshop.ee\/en\/wp-json\/wp\/v2\/product_tag?post=330976"}],"curies":[{"name":"wp","href":"https:\/\/api.w.org\/{rel}","templated":true}]}}