{"id":330983,"date":"2026-02-27T16:05:10","date_gmt":"2026-02-27T13:05:10","guid":{"rendered":"https:\/\/ecoshop.ee\/maaratlemata\/poolsilindrikujuline-seinavalgusti-hall-alumiinium\/"},"modified":"2026-03-28T18:51:26","modified_gmt":"2026-03-28T15:51:26","slug":"semi-cylindrical-wall-light-grey-aluminum","status":"publish","type":"product","link":"https:\/\/ecoshop.ee\/en\/valivalgustid\/poolsilindrikujuline-seinavalgusti-hall-alumiinium\/","title":{"rendered":"Semi-cylindrical Wall Light, Grey, Aluminum"},"content":{"rendered":"<p>Made of grey powder-coated aluminium, this semi-cylindrical wall lamp will enhance any outdoor space. The integrated transparent PC diffuser adds visual beauty to the light.<\/p>\n<\/p>\n<p>The wall light emits a pleasant light that is suitable for a variety of outdoor conditions. With an IP44 rating, the wall light is weatherproof and durable. Therefore, it is very suitable for outdoor use.<\/p>\n<\/p>\n<p>The outdoor wall light is suitable for bulbs with a maximum power of 50 watts. Please note that the bulb is not included.<\/p>\n<ul>\n<li>Dimensions: 10 x 10 x 15.5 cm (L x W x H)<\/li>\n<li>Gray powder-coated cast aluminum housing<\/li>\n<li>With transparent PC diffuser<\/li>\n<li>Voltage: 220-240 V~, 50 Hz<\/li>\n<li>Maximum bulb power: 50 W<\/li>\n<li>Socket type: GU10<\/li>\n<li>IP code: IP44<\/li>\n<li>Suitable for the yard<\/li>\n<li>Bulb not included in delivery<\/li>\n<\/ul>","protected":false},"excerpt":{"rendered":"<p>Hall pulberviimistlusega alumiiniumist valmistatud poolsilindrilise kujuga seinalamp t\u00e4iustab iga \u00f5ueala. Integreeritud l\u00e4bipaistev PC-difuusor lisab valgusele visuaalset ilu. Seinavalgusti kiirgab meeldivat valgust, mis&hellip;<\/p>","protected":false},"featured_media":330978,"comment_status":"open","ping_status":"closed","template":"","meta":{"wprm-recipe-roundup-name":"","wprm-recipe-roundup-description":""},"product_brand":[],"product_cat":[3189],"product_tag":[3309,550,536,3190,540],"class_list":{"0":"post-330983","1":"product","2":"type-product","3":"status-publish","4":"has-post-thumbnail","6":"product_cat-valivalgustid","7":"product_tag-aiatuled","8":"product_tag-hall","9":"product_tag-kodu-ja-aed","10":"product_tag-ouevalgustus","11":"product_tag-parcel","12":"pa_brand-vidaxl","14":"first","15":"instock","16":"taxable","17":"shipping-taxable","18":"purchasable","19":"product-type-simple"},"supplier_id":null,"supplier_sku":"","barcode":null,"atum_controlled":false,"out_stock_date":null,"out_stock_threshold":null,"inheritable":false,"inbound_stock":null,"stock_on_hold":null,"sold_today":null,"sales_last_days":null,"reserved_stock":null,"customer_returns":null,"warehouse_damage":null,"lost_in_post":null,"other_logs":null,"out_stock_days":null,"lost_sales":null,"has_location":null,"update_date":"2026-03-28T16:51:27","atum_locations":[],"atum_stock_status":"instock","restock_status":false,"low_stock_amount":"","sales_update_date":null,"calc_backorders":null,"aioseo_notices":[],"_links":{"self":[{"href":"https:\/\/ecoshop.ee\/en\/wp-json\/wp\/v2\/product\/330983","targetHints":{"allow":["GET"]}}],"collection":[{"href":"https:\/\/ecoshop.ee\/en\/wp-json\/wp\/v2\/product"}],"about":[{"href":"https:\/\/ecoshop.ee\/en\/wp-json\/wp\/v2\/types\/product"}],"replies":[{"embeddable":true,"href":"https:\/\/ecoshop.ee\/en\/wp-json\/wp\/v2\/comments?post=330983"}],"version-history":[{"count":0,"href":"https:\/\/ecoshop.ee\/en\/wp-json\/wp\/v2\/product\/330983\/revisions"}],"wp:featuredmedia":[{"embeddable":true,"href":"https:\/\/ecoshop.ee\/en\/wp-json\/wp\/v2\/media\/330978"}],"wp:attachment":[{"href":"https:\/\/ecoshop.ee\/en\/wp-json\/wp\/v2\/media?parent=330983"}],"wp:term":[{"taxonomy":"product_brand","embeddable":true,"href":"https:\/\/ecoshop.ee\/en\/wp-json\/wp\/v2\/product_brand?post=330983"},{"taxonomy":"product_cat","embeddable":true,"href":"https:\/\/ecoshop.ee\/en\/wp-json\/wp\/v2\/product_cat?post=330983"},{"taxonomy":"product_tag","embeddable":true,"href":"https:\/\/ecoshop.ee\/en\/wp-json\/wp\/v2\/product_tag?post=330983"}],"curies":[{"name":"wp","href":"https:\/\/api.w.org\/{rel}","templated":true}]}}