{"id":331278,"date":"2026-02-27T16:13:42","date_gmt":"2026-02-27T13:13:42","guid":{"rendered":"https:\/\/ecoshop.ee\/maaratlemata\/tugitool-patjadega-naturaalne-rotang\/"},"modified":"2026-05-15T04:11:00","modified_gmt":"2026-05-15T01:11:00","slug":"armchair-with-cushions-natural-rattan","status":"publish","type":"product","link":"https:\/\/ecoshop.ee\/en\/tugitoolid\/tugitool-patjadega-naturaalne-rotang\/","title":{"rendered":"Armchair with Cushions, Natural Rattan"},"content":{"rendered":"<p>This natural rattan armchair combines style and functionality and will be a great addition to your home.<\/p>\n<\/p>\n<p>Thanks to the genuine rattan, the armchair is easy to clean, durable and suitable for daily use. It has a strong wooden frame, which is very durable and stable. The thick seat and back cushions are comfortable and can be washed thanks to the removable cover.<\/p>\n<\/p>\n<p>The set includes 1 armchair, 1 seat cushion and 1 back cushion.<\/p>\n<ul>\n<li>Armchair color: Natural<\/li>\n<li>Cushion color: Cream white<\/li>\n<li>Chair material: Natural rattan + solid mango wood<\/li>\n<li>Cushion material: Fabric<\/li>\n<li>Dimensions: 72 x 78 x 71 cm (W x D x H)<\/li>\n<li>Seat width: 60 cm<\/li>\n<li>Seat depth: 74 cm<\/li>\n<li>Seat height from the ground (without cushion): 35 cm<\/li>\n<li>Armrest height from the ground: 61 cm<\/li>\n<li>Seat cushion thickness: 8 cm<\/li>\n<li>Backrest cushion thickness: 10 cm<\/li>\n<li>Cushion covers are removable<\/li>\n<li>Suitable for indoor use only<\/li>\n<li><strong>Delivery includes:<\/strong><\/li>\n<li>1 x armchair<\/li>\n<li>1 x seat cushion<\/li>\n<li>1 x backrest cushion<\/li>\n<li>Fabric: Cotton: 20%, Polyester: 80%<\/li>\n<\/ul>","protected":false},"excerpt":{"rendered":"<p>Naturaalsest rotangist tugitool \u00fchendab endas stiili ja funktsionaalsuse ning see on teie kodule suurep\u00e4rane t\u00e4iendus. T\u00e4nu ehtsale rotangile on tugitooli lihtne puhastada,&hellip;<\/p>","protected":false},"featured_media":331269,"comment_status":"open","ping_status":"closed","template":"","meta":{"wprm-recipe-roundup-name":"","wprm-recipe-roundup-description":""},"product_brand":[],"product_cat":[3386],"product_tag":[3392,547,554,540,728,3391],"class_list":{"0":"post-331278","1":"product","2":"type-product","3":"status-publish","4":"has-post-thumbnail","6":"product_cat-tugitoolid","7":"product_tag-lamamistoolid-ja-lahtikaivad-tugitoolid","8":"product_tag-moobel","9":"product_tag-ouemoobli-komplektid","10":"product_tag-parcel","11":"product_tag-toolid","12":"product_tag-tugitoolid","13":"pa_brand-vidaxl","15":"first","16":"instock","17":"taxable","18":"shipping-taxable","19":"purchasable","20":"product-type-simple"},"supplier_id":null,"supplier_sku":"","barcode":null,"atum_controlled":false,"out_stock_date":null,"out_stock_threshold":null,"inheritable":false,"inbound_stock":null,"stock_on_hold":null,"sold_today":null,"sales_last_days":null,"reserved_stock":null,"customer_returns":null,"warehouse_damage":null,"lost_in_post":null,"other_logs":null,"out_stock_days":null,"lost_sales":null,"has_location":null,"update_date":"2026-05-15T01:11:01","atum_locations":[],"atum_stock_status":"instock","restock_status":false,"low_stock_amount":"","sales_update_date":null,"calc_backorders":null,"aioseo_notices":[],"_links":{"self":[{"href":"https:\/\/ecoshop.ee\/en\/wp-json\/wp\/v2\/product\/331278","targetHints":{"allow":["GET"]}}],"collection":[{"href":"https:\/\/ecoshop.ee\/en\/wp-json\/wp\/v2\/product"}],"about":[{"href":"https:\/\/ecoshop.ee\/en\/wp-json\/wp\/v2\/types\/product"}],"replies":[{"embeddable":true,"href":"https:\/\/ecoshop.ee\/en\/wp-json\/wp\/v2\/comments?post=331278"}],"version-history":[{"count":0,"href":"https:\/\/ecoshop.ee\/en\/wp-json\/wp\/v2\/product\/331278\/revisions"}],"wp:featuredmedia":[{"embeddable":true,"href":"https:\/\/ecoshop.ee\/en\/wp-json\/wp\/v2\/media\/331269"}],"wp:attachment":[{"href":"https:\/\/ecoshop.ee\/en\/wp-json\/wp\/v2\/media?parent=331278"}],"wp:term":[{"taxonomy":"product_brand","embeddable":true,"href":"https:\/\/ecoshop.ee\/en\/wp-json\/wp\/v2\/product_brand?post=331278"},{"taxonomy":"product_cat","embeddable":true,"href":"https:\/\/ecoshop.ee\/en\/wp-json\/wp\/v2\/product_cat?post=331278"},{"taxonomy":"product_tag","embeddable":true,"href":"https:\/\/ecoshop.ee\/en\/wp-json\/wp\/v2\/product_tag?post=331278"}],"curies":[{"name":"wp","href":"https:\/\/api.w.org\/{rel}","templated":true}]}}