{"id":331524,"date":"2026-02-27T16:21:07","date_gmt":"2026-02-27T13:21:07","guid":{"rendered":"https:\/\/ecoshop.ee\/maaratlemata\/kunsttaim-strelitsia-potiga-punane-100-cm\/"},"modified":"2026-05-15T09:24:22","modified_gmt":"2026-05-15T06:24:22","slug":"artificial-plant-strelitzia-with-pot-red-100-cm","status":"publish","type":"product","link":"https:\/\/ecoshop.ee\/en\/kunsttaimed\/kunsttaim-strelitsia-potiga-punane-100-cm\/","title":{"rendered":"Artificial Strelitzia Plant with Pot, Red, 100 Cm"},"content":{"rendered":"<p>Add some greenery to your room with this lifelike artificial Strelitzia. The Strelitzia is 100 cm tall and is perfect for your home or office.<\/p>\n<\/p>\n<p>The plant has perfectly detailed leaves and flowers, giving it a full and realistic look and will never wilt. In addition, the leaves have slight color variations, ensuring an authentic look and feel. The decorative artificial plant is ideal for those who want to have some plants at home but don&#039;t have the time to take care of them.<\/p>\n<\/p>\n<p>The package includes one artificial plant and one flower pot.<\/p>\n<ul>\n<li>Plant type: strelitzia<\/li>\n<li>Color: green and red<\/li>\n<li>Material: plastic and iron<\/li>\n<li>Height: 100 cm<\/li>\n<li>Number of pages: 18<\/li>\n<li>Number of flowers: 2<\/li>\n<li>The package includes one artificial plant and one flower pot.<\/li>\n<\/ul>","protected":false},"excerpt":{"rendered":"<p>Lisage elutruu kunststrelitsiaga oma tuppa rohelust. Strelitsia on 100 cm k\u00f5rgune ning sobib suurep\u00e4raselt koju v\u00f5i kontorisse. Taimel on t\u00e4iuslike detailidega lehed&hellip;<\/p>","protected":false},"featured_media":331522,"comment_status":"open","ping_status":"closed","template":"","meta":{"wprm-recipe-roundup-name":"","wprm-recipe-roundup-description":""},"product_brand":[],"product_cat":[2563],"product_tag":[536,2663,2414,540,1071],"class_list":{"0":"post-331524","1":"product","2":"type-product","3":"status-publish","4":"has-post-thumbnail","6":"product_cat-kunsttaimed","7":"product_tag-kodu-ja-aed","8":"product_tag-kunsttaimed","9":"product_tag-oranz","10":"product_tag-parcel","11":"product_tag-sisekujundus","12":"pa_brand-vidaxl","14":"first","15":"instock","16":"taxable","17":"shipping-taxable","18":"purchasable","19":"product-type-simple"},"supplier_id":null,"supplier_sku":"","barcode":null,"atum_controlled":false,"out_stock_date":null,"out_stock_threshold":null,"inheritable":false,"inbound_stock":null,"stock_on_hold":0,"sold_today":0,"sales_last_days":0,"reserved_stock":null,"customer_returns":null,"warehouse_damage":null,"lost_in_post":null,"other_logs":null,"out_stock_days":0,"lost_sales":0,"has_location":null,"update_date":"2026-05-15T06:24:23","atum_locations":[],"atum_stock_status":"instock","restock_status":false,"low_stock_amount":"","sales_update_date":"2026-03-07T01:11:43","calc_backorders":null,"aioseo_notices":[],"_links":{"self":[{"href":"https:\/\/ecoshop.ee\/en\/wp-json\/wp\/v2\/product\/331524","targetHints":{"allow":["GET"]}}],"collection":[{"href":"https:\/\/ecoshop.ee\/en\/wp-json\/wp\/v2\/product"}],"about":[{"href":"https:\/\/ecoshop.ee\/en\/wp-json\/wp\/v2\/types\/product"}],"replies":[{"embeddable":true,"href":"https:\/\/ecoshop.ee\/en\/wp-json\/wp\/v2\/comments?post=331524"}],"version-history":[{"count":0,"href":"https:\/\/ecoshop.ee\/en\/wp-json\/wp\/v2\/product\/331524\/revisions"}],"wp:featuredmedia":[{"embeddable":true,"href":"https:\/\/ecoshop.ee\/en\/wp-json\/wp\/v2\/media\/331522"}],"wp:attachment":[{"href":"https:\/\/ecoshop.ee\/en\/wp-json\/wp\/v2\/media?parent=331524"}],"wp:term":[{"taxonomy":"product_brand","embeddable":true,"href":"https:\/\/ecoshop.ee\/en\/wp-json\/wp\/v2\/product_brand?post=331524"},{"taxonomy":"product_cat","embeddable":true,"href":"https:\/\/ecoshop.ee\/en\/wp-json\/wp\/v2\/product_cat?post=331524"},{"taxonomy":"product_tag","embeddable":true,"href":"https:\/\/ecoshop.ee\/en\/wp-json\/wp\/v2\/product_tag?post=331524"}],"curies":[{"name":"wp","href":"https:\/\/api.w.org\/{rel}","templated":true}]}}