{"id":332018,"date":"2026-02-27T16:34:59","date_gmt":"2026-02-27T13:34:59","guid":{"rendered":"https:\/\/ecoshop.ee\/maaratlemata\/i-siilimaja-45-x-33-x-22-cm-puidust\/"},"modified":"2026-05-15T21:09:00","modified_gmt":"2026-05-15T18:09:00","slug":"wooden-dollhouse-45-x-33-x-22-cm","status":"publish","type":"product","link":"https:\/\/ecoshop.ee\/en\/lemmiklooma-moobel-ja-tarvikud\/i-siilimaja-45-x-33-x-22-cm-puidust\/","title":{"rendered":"Hedgehog house 45 x 33 x 22 Cm, Wooden"},"content":{"rendered":"<p>The specially designed hedgehog house is a perfect shelter for hedgehogs and other small animals for winter hibernation and can also be used as a feeding station.<\/p>\n<\/p>\n<p>The hedgehog house made of Chinese fir wood with a waterproof polyester fabric-covered roof is strong and weatherproof. The house has a labyrinth entrance to prevent cat intrusion, making it very secure. The roof can be lifted for cleaning the house.<\/p>\n<\/p>\n<p>Your little friends can comfortably live in this warm and safe house. Very easy to assemble.<\/p>\n<ul>\n<li>Material: strong Chinese fir wood<\/li>\n<li>Dimensions: 45 x 33 x 22 cm (L x W x H)<\/li>\n<li>Roof covered with polyester fabric<\/li>\n<li>With labyrinth entrance<\/li>\n<\/ul>","protected":false},"excerpt":{"rendered":"<p>Spetsiaalse disainiga siilimaja on siilidele ja muudele v\u00e4ikeloomadele talveune jaoks t\u00e4iuslik varjupaik ning seda saab kasutada ka s\u00f6\u00f6damajana. Hiina kuusepuidust veekindla pol\u00fcesterkangaga&hellip;<\/p>","protected":false},"featured_media":332008,"comment_status":"open","ping_status":"closed","template":"","meta":{"wprm-recipe-roundup-name":"","wprm-recipe-roundup-description":""},"product_brand":[],"product_cat":[3387],"product_tag":[596,3590,3523,3524,540,3589],"class_list":{"0":"post-332018","1":"product","2":"type-product","3":"status-publish","4":"has-post-thumbnail","6":"product_cat-lemmiklooma-moobel-ja-tarvikud","7":"product_tag-beez","8":"product_tag-elupaiga-tarvikud-ja-puurid-vaikestele-loomadele","9":"product_tag-koduloomade-tarbed","10":"product_tag-lemmikloomatarbed","11":"product_tag-parcel","12":"product_tag-tarvikud-vaikestele-loomadele","13":"pa_brand-vidaxl","15":"first","16":"instock","17":"taxable","18":"shipping-taxable","19":"purchasable","20":"product-type-simple"},"supplier_id":null,"supplier_sku":"","barcode":null,"atum_controlled":false,"out_stock_date":null,"out_stock_threshold":null,"inheritable":false,"inbound_stock":null,"stock_on_hold":0,"sold_today":0,"sales_last_days":0,"reserved_stock":null,"customer_returns":null,"warehouse_damage":null,"lost_in_post":null,"other_logs":null,"out_stock_days":0,"lost_sales":0,"has_location":null,"update_date":"2026-05-15T18:09:00","atum_locations":[],"atum_stock_status":"instock","restock_status":false,"low_stock_amount":"","sales_update_date":"2026-03-05T01:07:28","calc_backorders":null,"aioseo_notices":[],"_links":{"self":[{"href":"https:\/\/ecoshop.ee\/en\/wp-json\/wp\/v2\/product\/332018","targetHints":{"allow":["GET"]}}],"collection":[{"href":"https:\/\/ecoshop.ee\/en\/wp-json\/wp\/v2\/product"}],"about":[{"href":"https:\/\/ecoshop.ee\/en\/wp-json\/wp\/v2\/types\/product"}],"replies":[{"embeddable":true,"href":"https:\/\/ecoshop.ee\/en\/wp-json\/wp\/v2\/comments?post=332018"}],"version-history":[{"count":0,"href":"https:\/\/ecoshop.ee\/en\/wp-json\/wp\/v2\/product\/332018\/revisions"}],"wp:featuredmedia":[{"embeddable":true,"href":"https:\/\/ecoshop.ee\/en\/wp-json\/wp\/v2\/media\/332008"}],"wp:attachment":[{"href":"https:\/\/ecoshop.ee\/en\/wp-json\/wp\/v2\/media?parent=332018"}],"wp:term":[{"taxonomy":"product_brand","embeddable":true,"href":"https:\/\/ecoshop.ee\/en\/wp-json\/wp\/v2\/product_brand?post=332018"},{"taxonomy":"product_cat","embeddable":true,"href":"https:\/\/ecoshop.ee\/en\/wp-json\/wp\/v2\/product_cat?post=332018"},{"taxonomy":"product_tag","embeddable":true,"href":"https:\/\/ecoshop.ee\/en\/wp-json\/wp\/v2\/product_tag?post=332018"}],"curies":[{"name":"wp","href":"https:\/\/api.w.org\/{rel}","templated":true}]}}