{"id":332093,"date":"2026-02-27T16:36:39","date_gmt":"2026-02-27T13:36:39","guid":{"rendered":"https:\/\/ecoshop.ee\/maaratlemata\/kuulikupuur-152x127x1095cm-kuusepuidust\/"},"modified":"2026-04-20T03:27:36","modified_gmt":"2026-04-20T00:27:36","slug":"ball-cage-152x127x1095cm-made-of-spruce-wood","status":"publish","type":"product","link":"https:\/\/ecoshop.ee\/en\/lemmiklooma-moobel-ja-tarvikud\/kuulikupuur-152x127x1095cm-kuusepuidust\/","title":{"rendered":"Rabbit Cage, 152 x 127 x 109.5Cm, Spruce Wood"},"content":{"rendered":"<p>An A-shaped cage is a convenient place to keep small animals or birds, especially rabbits or chickens.<\/p>\n<\/p>\n<p>The iron wire mesh allows you to keep an eye on your pets at all times and ensures that your pets get enough fresh air. The rabbit hutch has a wooden frame that will last for years. An easy-to-climb ramp leads from the lower level to the upper level. The doors close easily and are locked with latches.<\/p>\n<ul>\n<li>Material: solid spruce wood, plywood, iron<\/li>\n<li>Dimensions: 152 x 127 x 109.5 cm (L x W x H)<\/li>\n<li>Assembly required: yes<\/li>\n<\/ul>","protected":false},"excerpt":{"rendered":"<p>A-kujuline puur on mugav koht v\u00e4ikeste loomade v\u00f5i lindude, eriti j\u00e4neste v\u00f5i kanade hoidmiseks. Rauast traatv\u00f5rk v\u00f5imaldab teil oma lemmikloomadel pidevalt silma&hellip;<\/p>","protected":false},"featured_media":332085,"comment_status":"open","ping_status":"closed","template":"","meta":{"wprm-recipe-roundup-name":"","wprm-recipe-roundup-description":""},"product_brand":[],"product_cat":[3387],"product_tag":[3590,3523,3524,554,540,3589],"class_list":{"0":"post-332093","1":"product","2":"type-product","3":"status-publish","4":"has-post-thumbnail","6":"product_cat-lemmiklooma-moobel-ja-tarvikud","7":"product_tag-elupaiga-tarvikud-ja-puurid-vaikestele-loomadele","8":"product_tag-koduloomade-tarbed","9":"product_tag-lemmikloomatarbed","10":"product_tag-ouemoobli-komplektid","11":"product_tag-parcel","12":"product_tag-tarvikud-vaikestele-loomadele","13":"pa_brand-vidaxl","15":"first","16":"instock","17":"taxable","18":"shipping-taxable","19":"purchasable","20":"product-type-simple"},"supplier_id":null,"supplier_sku":"","barcode":null,"atum_controlled":false,"out_stock_date":null,"out_stock_threshold":null,"inheritable":false,"inbound_stock":null,"stock_on_hold":null,"sold_today":null,"sales_last_days":null,"reserved_stock":null,"customer_returns":null,"warehouse_damage":null,"lost_in_post":null,"other_logs":null,"out_stock_days":null,"lost_sales":null,"has_location":null,"update_date":"2026-04-20T00:27:37","atum_locations":[],"atum_stock_status":"instock","restock_status":false,"low_stock_amount":"","sales_update_date":null,"calc_backorders":null,"aioseo_notices":[],"_links":{"self":[{"href":"https:\/\/ecoshop.ee\/en\/wp-json\/wp\/v2\/product\/332093","targetHints":{"allow":["GET"]}}],"collection":[{"href":"https:\/\/ecoshop.ee\/en\/wp-json\/wp\/v2\/product"}],"about":[{"href":"https:\/\/ecoshop.ee\/en\/wp-json\/wp\/v2\/types\/product"}],"replies":[{"embeddable":true,"href":"https:\/\/ecoshop.ee\/en\/wp-json\/wp\/v2\/comments?post=332093"}],"version-history":[{"count":0,"href":"https:\/\/ecoshop.ee\/en\/wp-json\/wp\/v2\/product\/332093\/revisions"}],"wp:featuredmedia":[{"embeddable":true,"href":"https:\/\/ecoshop.ee\/en\/wp-json\/wp\/v2\/media\/332085"}],"wp:attachment":[{"href":"https:\/\/ecoshop.ee\/en\/wp-json\/wp\/v2\/media?parent=332093"}],"wp:term":[{"taxonomy":"product_brand","embeddable":true,"href":"https:\/\/ecoshop.ee\/en\/wp-json\/wp\/v2\/product_brand?post=332093"},{"taxonomy":"product_cat","embeddable":true,"href":"https:\/\/ecoshop.ee\/en\/wp-json\/wp\/v2\/product_cat?post=332093"},{"taxonomy":"product_tag","embeddable":true,"href":"https:\/\/ecoshop.ee\/en\/wp-json\/wp\/v2\/product_tag?post=332093"}],"curies":[{"name":"wp","href":"https:\/\/api.w.org\/{rel}","templated":true}]}}