{"id":332552,"date":"2026-02-27T16:50:39","date_gmt":"2026-02-27T13:50:39","guid":{"rendered":"https:\/\/ecoshop.ee\/maaratlemata\/vannitoapink-405-x-405-x-56-cm-pahkel\/"},"modified":"2026-05-13T09:25:28","modified_gmt":"2026-05-13T06:25:28","slug":"bathroom-bench-405-x-405-x-56-cm-dowel","status":"publish","type":"product","link":"https:\/\/ecoshop.ee\/en\/pesukorvid\/vannitoapink-405-x-405-x-56-cm-pahkel\/","title":{"rendered":"Bathroom Bench, 40.5 x 40.5 x 56 Cm, Walnut"},"content":{"rendered":"<p>A wooden bathroom bench with storage is a great addition to your bathroom.<\/p>\n<\/p>\n<ul>\n<li>Walnut wood: Walnut wood is a dense and durable wood that is very wear-resistant and known for its distinctive color and beautiful patterns.<\/li>\n<li>Two-in-one design: you can use the bench as a comfortable seat and at the same time as a laundry basket for storing towels, blankets, etc.<\/li>\n<li>Plenty of storage space: The laundry basket offers plenty of space for storing everyday laundry.<\/li>\n<li>Soft padding: Comfortable padding, which also serves as a laundry basket lid, provides a comfortable seat for putting on socks, doing your nails, or shaving.<\/li>\n<li>Excellent air circulation: The shower bench is designed with slats that ensure optimal air circulation.<\/li>\n<\/ul>\n<p>Note. <\/p>\n<ul>\n<li>Each product comes with assembly instructions for easy assembly.<\/li>\n<\/ul>\n<ul>\n<li>Material: oil-finished walnut wood, artificial wood, fabric (50% cotton, 50% polyester), foam<\/li>\n<li>Dimensions: 40.5 x 40.5 x 56 cm (L x W x H)<\/li>\n<\/ul>","protected":false},"excerpt":{"rendered":"<p>Puidust vannitoapink koos panipaigaga on suurep\u00e4rane lisa teie vannituppa. P\u00e4hklipuit: p\u00e4hklipuit on tihke ja vastupidav puit, mis on v\u00e4ga kulumiskindel ning tuntud&hellip;<\/p>","protected":false},"featured_media":332544,"comment_status":"open","ping_status":"closed","template":"","meta":{"wprm-recipe-roundup-name":"","wprm-recipe-roundup-description":""},"product_brand":[],"product_cat":[2458],"product_tag":[536,995,554,540,1068,1067],"class_list":{"0":"post-332552","1":"product","2":"type-product","3":"status-publish","4":"has-post-thumbnail","6":"product_cat-pesukorvid","7":"product_tag-kodu-ja-aed","8":"product_tag-majapidamistarbed","9":"product_tag-ouemoobli-komplektid","10":"product_tag-parcel","11":"product_tag-pesukastid","12":"product_tag-pesutarvikud","13":"pa_brand-vidaxl","15":"first","16":"instock","17":"taxable","18":"shipping-taxable","19":"purchasable","20":"product-type-simple"},"supplier_id":null,"supplier_sku":"","barcode":null,"atum_controlled":false,"out_stock_date":null,"out_stock_threshold":null,"inheritable":false,"inbound_stock":null,"stock_on_hold":null,"sold_today":null,"sales_last_days":null,"reserved_stock":null,"customer_returns":null,"warehouse_damage":null,"lost_in_post":null,"other_logs":null,"out_stock_days":null,"lost_sales":null,"has_location":null,"update_date":"2026-05-13T06:25:29","atum_locations":[],"atum_stock_status":"instock","restock_status":false,"low_stock_amount":"","sales_update_date":null,"calc_backorders":null,"aioseo_notices":[],"_links":{"self":[{"href":"https:\/\/ecoshop.ee\/en\/wp-json\/wp\/v2\/product\/332552","targetHints":{"allow":["GET"]}}],"collection":[{"href":"https:\/\/ecoshop.ee\/en\/wp-json\/wp\/v2\/product"}],"about":[{"href":"https:\/\/ecoshop.ee\/en\/wp-json\/wp\/v2\/types\/product"}],"replies":[{"embeddable":true,"href":"https:\/\/ecoshop.ee\/en\/wp-json\/wp\/v2\/comments?post=332552"}],"version-history":[{"count":0,"href":"https:\/\/ecoshop.ee\/en\/wp-json\/wp\/v2\/product\/332552\/revisions"}],"wp:featuredmedia":[{"embeddable":true,"href":"https:\/\/ecoshop.ee\/en\/wp-json\/wp\/v2\/media\/332544"}],"wp:attachment":[{"href":"https:\/\/ecoshop.ee\/en\/wp-json\/wp\/v2\/media?parent=332552"}],"wp:term":[{"taxonomy":"product_brand","embeddable":true,"href":"https:\/\/ecoshop.ee\/en\/wp-json\/wp\/v2\/product_brand?post=332552"},{"taxonomy":"product_cat","embeddable":true,"href":"https:\/\/ecoshop.ee\/en\/wp-json\/wp\/v2\/product_cat?post=332552"},{"taxonomy":"product_tag","embeddable":true,"href":"https:\/\/ecoshop.ee\/en\/wp-json\/wp\/v2\/product_tag?post=332552"}],"curies":[{"name":"wp","href":"https:\/\/api.w.org\/{rel}","templated":true}]}}