{"id":332878,"date":"2026-02-27T16:58:49","date_gmt":"2026-02-27T13:58:49","guid":{"rendered":"https:\/\/ecoshop.ee\/maaratlemata\/basseini-siiberventiil-2-tk-15\/"},"modified":"2026-05-15T05:08:57","modified_gmt":"2026-05-15T02:08:57","slug":"swimming-pool-gate-valve-2-pcs-15","status":"publish","type":"product","link":"https:\/\/ecoshop.ee\/en\/validussid\/basseini-siiberventiil-2-tk-15\/","title":{"rendered":"Swimming Pool Gate Valve 2 pcs 1.5&quot;\""},"content":{"rendered":"<p>The pool gate valve with locking clip is ideal for fully opening or closing the water flow.<\/p>\n<\/p>\n<p>The pool valve is made of ABS, allowing it to be remarkably strong, durable and chlorine-resistant. In addition, the valve can be used with all standard hose connectors with a size of 1.5\u2033. Thanks to the pool ball valve, maintenance work can be easily carried out without water leakage, such as winter work, attaching new hoses, connecting solar power, etc.<\/p>\n<\/p>\n<p>The package includes 2 pool valves.<\/p>\n<ul>\n<li>Material: ABS<\/li>\n<li>High chlorine resistance<\/li>\n<li>38 mm hose connection on both sides<\/li>\n<li>With locking clip<\/li>\n<li>Suitable standard hose fittings<\/li>\n<li>The package includes 2 pool valves.<\/li>\n<\/ul>","protected":false},"excerpt":{"rendered":"<p>Basseini lukustusklambriga siiberventiil sobib ideaalselt veevoolu t\u00e4ielikuks avamiseks v\u00f5i sulgemiseks. Basseiniventiil on valmistatud ABSist, v\u00f5imaldades selle m\u00e4rkimisv\u00e4\u00e4rset tugevust, vastupidavust ja kloorikindlust. Lisaks&hellip;<\/p>","protected":false},"featured_media":332869,"comment_status":"open","ping_status":"closed","template":"","meta":{"wprm-recipe-roundup-name":"","wprm-recipe-roundup-description":""},"product_brand":[],"product_cat":[3665],"product_tag":[3731,3705,536,540],"class_list":{"0":"post-332878","1":"product","2":"type-product","3":"status-publish","4":"has-post-thumbnail","6":"product_cat-validussid","7":"product_tag-basseini-ja-spaa-tarvikud","8":"product_tag-basseinid-ja-spaad","9":"product_tag-kodu-ja-aed","10":"product_tag-parcel","11":"pa_brand-vidaxl","13":"first","14":"instock","15":"taxable","16":"shipping-taxable","17":"purchasable","18":"product-type-simple"},"supplier_id":null,"supplier_sku":"","barcode":null,"atum_controlled":false,"out_stock_date":null,"out_stock_threshold":null,"inheritable":false,"inbound_stock":null,"stock_on_hold":0,"sold_today":0,"sales_last_days":0,"reserved_stock":null,"customer_returns":null,"warehouse_damage":null,"lost_in_post":null,"other_logs":null,"out_stock_days":0,"lost_sales":0,"has_location":null,"update_date":"2026-05-15T02:08:57","atum_locations":[],"atum_stock_status":"instock","restock_status":false,"low_stock_amount":"","sales_update_date":"2026-03-07T01:16:42","calc_backorders":null,"aioseo_notices":[],"_links":{"self":[{"href":"https:\/\/ecoshop.ee\/en\/wp-json\/wp\/v2\/product\/332878","targetHints":{"allow":["GET"]}}],"collection":[{"href":"https:\/\/ecoshop.ee\/en\/wp-json\/wp\/v2\/product"}],"about":[{"href":"https:\/\/ecoshop.ee\/en\/wp-json\/wp\/v2\/types\/product"}],"replies":[{"embeddable":true,"href":"https:\/\/ecoshop.ee\/en\/wp-json\/wp\/v2\/comments?post=332878"}],"version-history":[{"count":0,"href":"https:\/\/ecoshop.ee\/en\/wp-json\/wp\/v2\/product\/332878\/revisions"}],"wp:featuredmedia":[{"embeddable":true,"href":"https:\/\/ecoshop.ee\/en\/wp-json\/wp\/v2\/media\/332869"}],"wp:attachment":[{"href":"https:\/\/ecoshop.ee\/en\/wp-json\/wp\/v2\/media?parent=332878"}],"wp:term":[{"taxonomy":"product_brand","embeddable":true,"href":"https:\/\/ecoshop.ee\/en\/wp-json\/wp\/v2\/product_brand?post=332878"},{"taxonomy":"product_cat","embeddable":true,"href":"https:\/\/ecoshop.ee\/en\/wp-json\/wp\/v2\/product_cat?post=332878"},{"taxonomy":"product_tag","embeddable":true,"href":"https:\/\/ecoshop.ee\/en\/wp-json\/wp\/v2\/product_tag?post=332878"}],"curies":[{"name":"wp","href":"https:\/\/api.w.org\/{rel}","templated":true}]}}