{"id":332928,"date":"2026-02-27T16:59:48","date_gmt":"2026-02-27T13:59:48","guid":{"rendered":"https:\/\/ecoshop.ee\/maaratlemata\/2-osalised-basseini-voolikuuhendused-plast\/"},"modified":"2026-04-06T17:02:42","modified_gmt":"2026-04-06T14:02:42","slug":"2-piece-plastic-pool-hose-connectors","status":"publish","type":"product","link":"https:\/\/ecoshop.ee\/en\/validussid\/2-osalised-basseini-voolikuuhendused-plast\/","title":{"rendered":"2-Piece Pool Hose Connectors, Plastic"},"content":{"rendered":"<p>The hose connection kit allows you to connect the pool hose to the valve.<\/p>\n<\/p>\n<p>The adapters are made of plastic, which is suitable for long-term use. It is safe and secure. The connection also allows water to be returned to the pool. It can be used universally and with Intex and Bestway products.<\/p>\n<ul>\n<li>Color: gray<\/li>\n<li>Material: plastic<\/li>\n<li>40mm hose to 1&quot; filter socket adapter<\/li>\n<li>40mm hose for 1.5&quot; filter socket adapter<\/li>\n<li>Can be used universally and with Intex and Bestway products<\/li>\n<li><strong>The set includes:<\/strong><\/li>\n<li>2 x connection<\/li>\n<\/ul>","protected":false},"excerpt":{"rendered":"<p>Vooliku \u00fchendiuste komplekt v\u00f5imaldab \u00fchendada basseinivooliku ventiili k\u00fclge. Adapterid on valmistatud plastist, mis sobib pikaajaliseks kasutuseks. See on turvaline ja kindel. \u00dchendus&hellip;<\/p>","protected":false},"featured_media":332923,"comment_status":"open","ping_status":"closed","template":"","meta":{"wprm-recipe-roundup-name":"","wprm-recipe-roundup-description":""},"product_brand":[],"product_cat":[3665],"product_tag":[3731,3705,536,540],"class_list":{"0":"post-332928","1":"product","2":"type-product","3":"status-publish","4":"has-post-thumbnail","6":"product_cat-validussid","7":"product_tag-basseini-ja-spaa-tarvikud","8":"product_tag-basseinid-ja-spaad","9":"product_tag-kodu-ja-aed","10":"product_tag-parcel","11":"pa_brand-vidaxl","13":"first","14":"instock","15":"taxable","16":"shipping-taxable","17":"purchasable","18":"product-type-simple"},"supplier_id":null,"supplier_sku":"","barcode":null,"atum_controlled":false,"out_stock_date":null,"out_stock_threshold":null,"inheritable":false,"inbound_stock":null,"stock_on_hold":0,"sold_today":0,"sales_last_days":0,"reserved_stock":null,"customer_returns":null,"warehouse_damage":null,"lost_in_post":null,"other_logs":null,"out_stock_days":0,"lost_sales":0,"has_location":null,"update_date":"2026-04-06T14:02:42","atum_locations":[],"atum_stock_status":"instock","restock_status":false,"low_stock_amount":"","sales_update_date":"2026-03-07T01:16:42","calc_backorders":null,"aioseo_notices":[],"_links":{"self":[{"href":"https:\/\/ecoshop.ee\/en\/wp-json\/wp\/v2\/product\/332928","targetHints":{"allow":["GET"]}}],"collection":[{"href":"https:\/\/ecoshop.ee\/en\/wp-json\/wp\/v2\/product"}],"about":[{"href":"https:\/\/ecoshop.ee\/en\/wp-json\/wp\/v2\/types\/product"}],"replies":[{"embeddable":true,"href":"https:\/\/ecoshop.ee\/en\/wp-json\/wp\/v2\/comments?post=332928"}],"version-history":[{"count":0,"href":"https:\/\/ecoshop.ee\/en\/wp-json\/wp\/v2\/product\/332928\/revisions"}],"wp:featuredmedia":[{"embeddable":true,"href":"https:\/\/ecoshop.ee\/en\/wp-json\/wp\/v2\/media\/332923"}],"wp:attachment":[{"href":"https:\/\/ecoshop.ee\/en\/wp-json\/wp\/v2\/media?parent=332928"}],"wp:term":[{"taxonomy":"product_brand","embeddable":true,"href":"https:\/\/ecoshop.ee\/en\/wp-json\/wp\/v2\/product_brand?post=332928"},{"taxonomy":"product_cat","embeddable":true,"href":"https:\/\/ecoshop.ee\/en\/wp-json\/wp\/v2\/product_cat?post=332928"},{"taxonomy":"product_tag","embeddable":true,"href":"https:\/\/ecoshop.ee\/en\/wp-json\/wp\/v2\/product_tag?post=332928"}],"curies":[{"name":"wp","href":"https:\/\/api.w.org\/{rel}","templated":true}]}}