{"id":332950,"date":"2026-02-27T17:00:20","date_gmt":"2026-02-27T14:00:20","guid":{"rendered":"https:\/\/ecoshop.ee\/maaratlemata\/basseini-vaakumpuhasti-12-m\/"},"modified":"2026-05-02T16:36:03","modified_gmt":"2026-05-02T13:36:03","slug":"pool-vacuum-cleaner-12-m","status":"publish","type":"product","link":"https:\/\/ecoshop.ee\/en\/basseini-puhastustarvikud\/basseini-vaakumpuhasti-12-m\/","title":{"rendered":"Pool Vacuum Cleaner 1.2 M"},"content":{"rendered":"<p>The cleaner removes dirt from the floor, keeping ponds and swimming pools free of slime and debris. When connected to a garden hose, it creates a vacuum that sucks in water, mud and dirt.<\/p>\n<\/p>\n<p>Once the water has been cleaned in the collection bag, it flows back into the pool. The mud and dirt remain in the collection bag. The dirt can be easily removed when the bag is full. The tube can be adjusted to different heights to clean different areas.<\/p>\n<ul>\n<li>Length: 1.2m <\/li>\n<li>Base length: approx. 20 cm<\/li>\n<li>Base width: 18.50 cm<\/li>\n<li>The kit includes a screw, anodized aluminum rod, and a 1\/2-inch hose connector.<\/li>\n<li>Fabric: Polyester: 100%<\/li>\n<\/ul>","protected":false},"excerpt":{"rendered":"<p>Puhastaja eemaldab p\u00f5randalt mustuse, hoides tiigi ja ujumisbasseini puhtana limast ja j\u00e4\u00e4kidest. Aiavoolikuga \u00fchendades luuakse vaakum, millega imetakse vesi, muda ja mustus&hellip;<\/p>","protected":false},"featured_media":332944,"comment_status":"open","ping_status":"closed","template":"","meta":{"wprm-recipe-roundup-name":"","wprm-recipe-roundup-description":""},"product_brand":[],"product_cat":[3662],"product_tag":[3731,3790,3705,536,540],"class_list":{"0":"post-332950","1":"product","2":"type-product","3":"status-publish","4":"has-post-thumbnail","6":"product_cat-basseini-puhastustarvikud","7":"product_tag-basseini-ja-spaa-tarvikud","8":"product_tag-basseini-puhastusmopid-ja-vaakumpuhastajad","9":"product_tag-basseinid-ja-spaad","10":"product_tag-kodu-ja-aed","11":"product_tag-parcel","12":"pa_brand-vidaxl","14":"first","15":"instock","16":"taxable","17":"shipping-taxable","18":"purchasable","19":"product-type-simple"},"supplier_id":null,"supplier_sku":"","barcode":null,"atum_controlled":false,"out_stock_date":null,"out_stock_threshold":null,"inheritable":false,"inbound_stock":null,"stock_on_hold":0,"sold_today":0,"sales_last_days":0,"reserved_stock":null,"customer_returns":null,"warehouse_damage":null,"lost_in_post":null,"other_logs":null,"out_stock_days":0,"lost_sales":0,"has_location":null,"update_date":"2026-05-02T13:36:04","atum_locations":[],"atum_stock_status":"instock","restock_status":false,"low_stock_amount":"","sales_update_date":"2026-03-07T01:16:42","calc_backorders":null,"aioseo_notices":[],"_links":{"self":[{"href":"https:\/\/ecoshop.ee\/en\/wp-json\/wp\/v2\/product\/332950","targetHints":{"allow":["GET"]}}],"collection":[{"href":"https:\/\/ecoshop.ee\/en\/wp-json\/wp\/v2\/product"}],"about":[{"href":"https:\/\/ecoshop.ee\/en\/wp-json\/wp\/v2\/types\/product"}],"replies":[{"embeddable":true,"href":"https:\/\/ecoshop.ee\/en\/wp-json\/wp\/v2\/comments?post=332950"}],"version-history":[{"count":0,"href":"https:\/\/ecoshop.ee\/en\/wp-json\/wp\/v2\/product\/332950\/revisions"}],"wp:featuredmedia":[{"embeddable":true,"href":"https:\/\/ecoshop.ee\/en\/wp-json\/wp\/v2\/media\/332944"}],"wp:attachment":[{"href":"https:\/\/ecoshop.ee\/en\/wp-json\/wp\/v2\/media?parent=332950"}],"wp:term":[{"taxonomy":"product_brand","embeddable":true,"href":"https:\/\/ecoshop.ee\/en\/wp-json\/wp\/v2\/product_brand?post=332950"},{"taxonomy":"product_cat","embeddable":true,"href":"https:\/\/ecoshop.ee\/en\/wp-json\/wp\/v2\/product_cat?post=332950"},{"taxonomy":"product_tag","embeddable":true,"href":"https:\/\/ecoshop.ee\/en\/wp-json\/wp\/v2\/product_tag?post=332950"}],"curies":[{"name":"wp","href":"https:\/\/api.w.org\/{rel}","templated":true}]}}