{"id":332959,"date":"2026-02-27T17:00:30","date_gmt":"2026-02-27T14:00:30","guid":{"rendered":"https:\/\/ecoshop.ee\/maaratlemata\/maapealsete-basseinide-vaakumpuhasti\/"},"modified":"2026-05-12T22:40:12","modified_gmt":"2026-05-12T19:40:12","slug":"above-ground-pool-vacuum-cleaner","status":"publish","type":"product","link":"https:\/\/ecoshop.ee\/en\/basseini-puhastustarvikud\/maapealsete-basseinide-vaakumpuhasti\/","title":{"rendered":"Above Ground Pool Vacuum Cleaner"},"content":{"rendered":"<p>The pool vacuum cleaner is easy to set up and easy to use. It comes with 4 connectors and a connecting hose that allow the cleaner to be better installed on most brands of above ground pools. Simply attach with one of the included adapters and start cleaning.<\/p>\n<\/p>\n<p>The vacuum is lightweight, making it great for cleaning pools and spas. With a pool vacuum cleaner, you will spend less time cleaning your above ground pool.<\/p>\n<\/p>\n<p>The product is easy to assemble.<\/p>\n<ul>\n<li>Color: white and blue<\/li>\n<li>Material: ABS<\/li>\n<li>Dimensions: 13 x 10 x 87 cm (L x W x H)<\/li>\n<li>Hose length: 5 m<\/li>\n<li>Hose diameter: 32 mm<\/li>\n<li>Suitable for swimming pools and spas<\/li>\n<li>Works with a pool pump and must be connected using a hose (included)<\/li>\n<li>Extra long hose<\/li>\n<li>Assembly required: yes<\/li>\n<li><strong>The set includes:<\/strong><\/li>\n<li>1 x main body<\/li>\n<li>1 x hose<\/li>\n<li>1 x telescopic arm<\/li>\n<li>4 x connections<\/li>\n<\/ul>","protected":false},"excerpt":{"rendered":"<p>Basseini vaakumpuhastit on lihtne \u00fcles seada ja seda on lihtne kasutada. Sellel on 4 pistikut ja \u00fchendusvoolikut, mis v\u00f5imaldavad puhastit paremini paigaldada&hellip;<\/p>","protected":false},"featured_media":332951,"comment_status":"open","ping_status":"closed","template":"","meta":{"wprm-recipe-roundup-name":"","wprm-recipe-roundup-description":""},"product_brand":[],"product_cat":[3662],"product_tag":[3731,3790,3705,536,540,3794],"class_list":{"0":"post-332959","1":"product","2":"type-product","3":"status-publish","4":"has-post-thumbnail","6":"product_cat-basseini-puhastustarvikud","7":"product_tag-basseini-ja-spaa-tarvikud","8":"product_tag-basseini-puhastusmopid-ja-vaakumpuhastajad","9":"product_tag-basseinid-ja-spaad","10":"product_tag-kodu-ja-aed","11":"product_tag-parcel","12":"product_tag-valge-ja-sinine","13":"pa_brand-vidaxl","15":"first","16":"instock","17":"taxable","18":"shipping-taxable","19":"purchasable","20":"product-type-simple"},"supplier_id":null,"supplier_sku":"","barcode":null,"atum_controlled":false,"out_stock_date":null,"out_stock_threshold":null,"inheritable":false,"inbound_stock":null,"stock_on_hold":0,"sold_today":0,"sales_last_days":0,"reserved_stock":null,"customer_returns":null,"warehouse_damage":null,"lost_in_post":null,"other_logs":null,"out_stock_days":0,"lost_sales":0,"has_location":null,"update_date":"2026-05-12T19:40:12","atum_locations":[],"atum_stock_status":"instock","restock_status":false,"low_stock_amount":"","sales_update_date":"2026-03-07T01:16:42","calc_backorders":null,"aioseo_notices":[],"_links":{"self":[{"href":"https:\/\/ecoshop.ee\/en\/wp-json\/wp\/v2\/product\/332959","targetHints":{"allow":["GET"]}}],"collection":[{"href":"https:\/\/ecoshop.ee\/en\/wp-json\/wp\/v2\/product"}],"about":[{"href":"https:\/\/ecoshop.ee\/en\/wp-json\/wp\/v2\/types\/product"}],"replies":[{"embeddable":true,"href":"https:\/\/ecoshop.ee\/en\/wp-json\/wp\/v2\/comments?post=332959"}],"version-history":[{"count":0,"href":"https:\/\/ecoshop.ee\/en\/wp-json\/wp\/v2\/product\/332959\/revisions"}],"wp:featuredmedia":[{"embeddable":true,"href":"https:\/\/ecoshop.ee\/en\/wp-json\/wp\/v2\/media\/332951"}],"wp:attachment":[{"href":"https:\/\/ecoshop.ee\/en\/wp-json\/wp\/v2\/media?parent=332959"}],"wp:term":[{"taxonomy":"product_brand","embeddable":true,"href":"https:\/\/ecoshop.ee\/en\/wp-json\/wp\/v2\/product_brand?post=332959"},{"taxonomy":"product_cat","embeddable":true,"href":"https:\/\/ecoshop.ee\/en\/wp-json\/wp\/v2\/product_cat?post=332959"},{"taxonomy":"product_tag","embeddable":true,"href":"https:\/\/ecoshop.ee\/en\/wp-json\/wp\/v2\/product_tag?post=332959"}],"curies":[{"name":"wp","href":"https:\/\/api.w.org\/{rel}","templated":true}]}}