{"id":332983,"date":"2026-02-27T17:00:58","date_gmt":"2026-02-27T14:00:58","guid":{"rendered":"https:\/\/ecoshop.ee\/maaratlemata\/basseinipuhastaja\/"},"modified":"2026-04-12T16:52:39","modified_gmt":"2026-04-12T13:52:39","slug":"pool-cleaner","status":"publish","type":"product","link":"https:\/\/ecoshop.ee\/en\/basseini-puhastustarvikud\/basseinipuhastaja\/","title":{"rendered":"Pool cleaner"},"content":{"rendered":"<p>This pool cleaner finds and destroys all the dirt on the bottom of your pool and leaves your pool sparkling clean. Its suction power is strong enough to pick up insects, small stones and branches.<\/p>\n<\/p>\n<p>The pool cleaner is easy to use. Simply connect it to your pool pump and it will start cleaning the pool.<\/p>\n<\/p>\n<p>The package includes: 1 x pool cleaner, 10 x 0.8 m hoses, 3 x hose weights, 1 x automatic regulator valve, 1 x cone-shaped hose end, 1 x underwater swimming limiter and 1 x water diverter with outer ring.<\/p>\n<\/p>\n<p>Note: Only cleans the bottom of the pool.<\/p>\n<ul>\n<li>Number of hoses: 10<\/li>\n<li>Length of one hose: 0.8 m<\/li>\n<li>Minimum pump capacity: 0.5 m3\/h-1.5 m3\/h<\/li>\n<\/ul>","protected":false},"excerpt":{"rendered":"<p>See basseinipuhastaja leiab ja h\u00e4vitab basseinip\u00f5hjast kogu mustuse ja muudab teie basseini briljantselt puhtaks. Selle imemisv\u00f5imsus on piisavalt suur, et koristada putukaid,&hellip;<\/p>","protected":false},"featured_media":332974,"comment_status":"open","ping_status":"closed","template":"","meta":{"wprm-recipe-roundup-name":"","wprm-recipe-roundup-description":""},"product_brand":[],"product_cat":[3662],"product_tag":[3731,3790,3705,536,540],"class_list":{"0":"post-332983","1":"product","2":"type-product","3":"status-publish","4":"has-post-thumbnail","6":"product_cat-basseini-puhastustarvikud","7":"product_tag-basseini-ja-spaa-tarvikud","8":"product_tag-basseini-puhastusmopid-ja-vaakumpuhastajad","9":"product_tag-basseinid-ja-spaad","10":"product_tag-kodu-ja-aed","11":"product_tag-parcel","12":"pa_brand-vidaxl","14":"first","15":"instock","16":"taxable","17":"shipping-taxable","18":"purchasable","19":"product-type-simple"},"supplier_id":null,"supplier_sku":"","barcode":null,"atum_controlled":false,"out_stock_date":null,"out_stock_threshold":null,"inheritable":false,"inbound_stock":null,"stock_on_hold":null,"sold_today":null,"sales_last_days":null,"reserved_stock":null,"customer_returns":null,"warehouse_damage":null,"lost_in_post":null,"other_logs":null,"out_stock_days":null,"lost_sales":null,"has_location":null,"update_date":"2026-04-12T13:52:39","atum_locations":[],"atum_stock_status":"instock","restock_status":false,"low_stock_amount":"","sales_update_date":null,"calc_backorders":null,"aioseo_notices":[],"_links":{"self":[{"href":"https:\/\/ecoshop.ee\/en\/wp-json\/wp\/v2\/product\/332983","targetHints":{"allow":["GET"]}}],"collection":[{"href":"https:\/\/ecoshop.ee\/en\/wp-json\/wp\/v2\/product"}],"about":[{"href":"https:\/\/ecoshop.ee\/en\/wp-json\/wp\/v2\/types\/product"}],"replies":[{"embeddable":true,"href":"https:\/\/ecoshop.ee\/en\/wp-json\/wp\/v2\/comments?post=332983"}],"version-history":[{"count":0,"href":"https:\/\/ecoshop.ee\/en\/wp-json\/wp\/v2\/product\/332983\/revisions"}],"wp:featuredmedia":[{"embeddable":true,"href":"https:\/\/ecoshop.ee\/en\/wp-json\/wp\/v2\/media\/332974"}],"wp:attachment":[{"href":"https:\/\/ecoshop.ee\/en\/wp-json\/wp\/v2\/media?parent=332983"}],"wp:term":[{"taxonomy":"product_brand","embeddable":true,"href":"https:\/\/ecoshop.ee\/en\/wp-json\/wp\/v2\/product_brand?post=332983"},{"taxonomy":"product_cat","embeddable":true,"href":"https:\/\/ecoshop.ee\/en\/wp-json\/wp\/v2\/product_cat?post=332983"},{"taxonomy":"product_tag","embeddable":true,"href":"https:\/\/ecoshop.ee\/en\/wp-json\/wp\/v2\/product_tag?post=332983"}],"curies":[{"name":"wp","href":"https:\/\/api.w.org\/{rel}","templated":true}]}}