{"id":333096,"date":"2026-02-27T17:03:43","date_gmt":"2026-02-27T14:03:43","guid":{"rendered":"https:\/\/ecoshop.ee\/maaratlemata\/basseini-liivafilter-kuljekinnitusega-6-asendis-ventiil-hall\/"},"modified":"2026-05-13T15:21:37","modified_gmt":"2026-05-13T12:21:37","slug":"pool-sand-filter-with-6-position-valve-grey","status":"publish","type":"product","link":"https:\/\/ecoshop.ee\/en\/basseini-filtrid-ja-pumbad\/basseini-liivafilter-kuljekinnitusega-6-asendis-ventiil-hall\/","title":{"rendered":"Pool Sand Filter Side Mount, 6 Position Valve Grey"},"content":{"rendered":"<p>Thanks to the sand used as a filtering medium, a pool sand filter is effective in filtering and purifying pool water. It is a very economical and low-maintenance option for keeping pool water clean.<\/p>\n<\/p>\n<p>Made of high-quality polyethylene, the sand filter is durable. The filter is designed to achieve a flow rate of 9 m\u00b3\/h. The maximum operating pressure is 3.5 bar. 79 kg of filter sand is required to start work (not included). The filter has a multi-port valve with 6 positions: filter, backwash, rinse, winter position, recirculation and closed. The sand filter is suitable for 0.75 hp pool pumps.<\/p>\n<\/p>\n<p>Note: Can be connected to both 32 mm and 38 mm diameter hoses<\/p>\n<ul>\n<li>Color: gray<\/li>\n<li>Material: plastic<\/li>\n<li>Dimensions: 485 x 700 mm (diameter x H)<\/li>\n<li>Connection size: 38 mm<\/li>\n<li>Filtration area: 0.223 m\u00b2<\/li>\n<li>Suitable for pumps with a maximum flow rate of 9 m\u00b3\/h<\/li>\n<li>Maximum operating pressure: 3.5 bar<\/li>\n<li>Required filter sand: 79 kg (not included)<\/li>\n<li>Valve position: side mount<\/li>\n<li>Multifunctional valve with 6 positions: filter, backwash, rinse, heat, recirculation and closed position<\/li>\n<li>Suitable for connection to a 0.75 hp pump<\/li>\n<li>Suitable for 32 mm or 38 mm diameter hoses<\/li>\n<li>Note: Pump not included<\/li>\n<\/ul>","protected":false},"excerpt":{"rendered":"<p>T\u00e4nu filtreerimisvahendina kasutatavale liivale on basseini liivafilter t\u00f5hus basseinivee filtreerimisel ja puhastamisel. See on v\u00e4ga \u00f6konoomne ja v\u00e4hest hooldust n\u00f5udev valik basseinivee&hellip;<\/p>","protected":false},"featured_media":333090,"comment_status":"open","ping_status":"closed","template":"","meta":{"wprm-recipe-roundup-name":"","wprm-recipe-roundup-description":""},"product_brand":[],"product_cat":[3661],"product_tag":[3807,3731,3705,550,536,540],"class_list":{"0":"post-333096","1":"product","2":"type-product","3":"status-publish","4":"has-post-thumbnail","6":"product_cat-basseini-filtrid-ja-pumbad","7":"product_tag-basseini-ja-spaa-filtrid","8":"product_tag-basseini-ja-spaa-tarvikud","9":"product_tag-basseinid-ja-spaad","10":"product_tag-hall","11":"product_tag-kodu-ja-aed","12":"product_tag-parcel","13":"pa_brand-vidaxl","15":"first","16":"instock","17":"taxable","18":"shipping-taxable","19":"purchasable","20":"product-type-simple"},"supplier_id":null,"supplier_sku":"","barcode":null,"atum_controlled":false,"out_stock_date":null,"out_stock_threshold":null,"inheritable":false,"inbound_stock":null,"stock_on_hold":null,"sold_today":null,"sales_last_days":null,"reserved_stock":null,"customer_returns":null,"warehouse_damage":null,"lost_in_post":null,"other_logs":null,"out_stock_days":null,"lost_sales":null,"has_location":null,"update_date":"2026-05-13T12:21:38","atum_locations":[],"atum_stock_status":"instock","restock_status":false,"low_stock_amount":"","sales_update_date":null,"calc_backorders":null,"aioseo_notices":[],"_links":{"self":[{"href":"https:\/\/ecoshop.ee\/en\/wp-json\/wp\/v2\/product\/333096","targetHints":{"allow":["GET"]}}],"collection":[{"href":"https:\/\/ecoshop.ee\/en\/wp-json\/wp\/v2\/product"}],"about":[{"href":"https:\/\/ecoshop.ee\/en\/wp-json\/wp\/v2\/types\/product"}],"replies":[{"embeddable":true,"href":"https:\/\/ecoshop.ee\/en\/wp-json\/wp\/v2\/comments?post=333096"}],"version-history":[{"count":0,"href":"https:\/\/ecoshop.ee\/en\/wp-json\/wp\/v2\/product\/333096\/revisions"}],"wp:featuredmedia":[{"embeddable":true,"href":"https:\/\/ecoshop.ee\/en\/wp-json\/wp\/v2\/media\/333090"}],"wp:attachment":[{"href":"https:\/\/ecoshop.ee\/en\/wp-json\/wp\/v2\/media?parent=333096"}],"wp:term":[{"taxonomy":"product_brand","embeddable":true,"href":"https:\/\/ecoshop.ee\/en\/wp-json\/wp\/v2\/product_brand?post=333096"},{"taxonomy":"product_cat","embeddable":true,"href":"https:\/\/ecoshop.ee\/en\/wp-json\/wp\/v2\/product_cat?post=333096"},{"taxonomy":"product_tag","embeddable":true,"href":"https:\/\/ecoshop.ee\/en\/wp-json\/wp\/v2\/product_tag?post=333096"}],"curies":[{"name":"wp","href":"https:\/\/api.w.org\/{rel}","templated":true}]}}