{"id":333165,"date":"2026-02-27T17:05:02","date_gmt":"2026-02-27T14:05:02","guid":{"rendered":"https:\/\/ecoshop.ee\/maaratlemata\/maapinna-soelakomplekt-30-mm\/"},"modified":"2026-05-15T05:08:59","modified_gmt":"2026-05-15T02:08:59","slug":"ground-salt-kit-30-mm","status":"publish","type":"product","link":"https:\/\/ecoshop.ee\/en\/basseini-puhastustarvikud\/maapinna-soelakomplekt-30-mm\/","title":{"rendered":"Ground Screen Kit 30 Mm"},"content":{"rendered":"<p>An above ground pool screen kit includes everything you need to move water in and out of the pool.<\/p>\n<\/p>\n<p>The kit includes both an inlet and return strainer, as well as strainer connections, making it a complete kit for replacing pool wall brackets. Simply install them and connect the pump.<\/p>\n<ul>\n<li>Color: blue and black<\/li>\n<li>Material: PP (polypropylene), rubber<\/li>\n<li>Working with a filter pump<\/li>\n<li><strong>The set includes:<\/strong><\/li>\n<li>1 x 30 mm inlet strainer with plug<\/li>\n<li>1 x 30 mm pool return strainer with plug<\/li>\n<li>2 x wall sockets<\/li>\n<\/ul>","protected":false},"excerpt":{"rendered":"<p>Maapealse basseini s\u00f5elakomplektis on k\u00f5ik vajalik vee liikumiseks basseini ja sealt v\u00e4lja. Komplektis on nii sisselaske- kui tagasivoolus\u00f5el, samuti s\u00f5ela\u00fchendused, mis teeb&hellip;<\/p>","protected":false},"featured_media":333157,"comment_status":"open","ping_status":"closed","template":"","meta":{"wprm-recipe-roundup-name":"","wprm-recipe-roundup-description":""},"product_brand":[],"product_cat":[3662],"product_tag":[3853,3731,3705,536,540],"class_list":{"0":"post-333165","1":"product","2":"type-product","3":"status-publish","4":"has-post-thumbnail","6":"product_cat-basseini-puhastustarvikud","7":"product_tag-basseini-ja-spaa-hoolduskomplektid","8":"product_tag-basseini-ja-spaa-tarvikud","9":"product_tag-basseinid-ja-spaad","10":"product_tag-kodu-ja-aed","11":"product_tag-parcel","12":"pa_brand-vidaxl","14":"first","15":"instock","16":"taxable","17":"shipping-taxable","18":"purchasable","19":"product-type-simple"},"supplier_id":null,"supplier_sku":"","barcode":null,"atum_controlled":false,"out_stock_date":null,"out_stock_threshold":null,"inheritable":false,"inbound_stock":null,"stock_on_hold":0,"sold_today":0,"sales_last_days":0,"reserved_stock":null,"customer_returns":null,"warehouse_damage":null,"lost_in_post":null,"other_logs":null,"out_stock_days":0,"lost_sales":0,"has_location":null,"update_date":"2026-05-15T02:09:00","atum_locations":[],"atum_stock_status":"instock","restock_status":false,"low_stock_amount":"","sales_update_date":"2026-03-07T01:16:42","calc_backorders":null,"aioseo_notices":[],"_links":{"self":[{"href":"https:\/\/ecoshop.ee\/en\/wp-json\/wp\/v2\/product\/333165","targetHints":{"allow":["GET"]}}],"collection":[{"href":"https:\/\/ecoshop.ee\/en\/wp-json\/wp\/v2\/product"}],"about":[{"href":"https:\/\/ecoshop.ee\/en\/wp-json\/wp\/v2\/types\/product"}],"replies":[{"embeddable":true,"href":"https:\/\/ecoshop.ee\/en\/wp-json\/wp\/v2\/comments?post=333165"}],"version-history":[{"count":0,"href":"https:\/\/ecoshop.ee\/en\/wp-json\/wp\/v2\/product\/333165\/revisions"}],"wp:featuredmedia":[{"embeddable":true,"href":"https:\/\/ecoshop.ee\/en\/wp-json\/wp\/v2\/media\/333157"}],"wp:attachment":[{"href":"https:\/\/ecoshop.ee\/en\/wp-json\/wp\/v2\/media?parent=333165"}],"wp:term":[{"taxonomy":"product_brand","embeddable":true,"href":"https:\/\/ecoshop.ee\/en\/wp-json\/wp\/v2\/product_brand?post=333165"},{"taxonomy":"product_cat","embeddable":true,"href":"https:\/\/ecoshop.ee\/en\/wp-json\/wp\/v2\/product_cat?post=333165"},{"taxonomy":"product_tag","embeddable":true,"href":"https:\/\/ecoshop.ee\/en\/wp-json\/wp\/v2\/product_tag?post=333165"}],"curies":[{"name":"wp","href":"https:\/\/api.w.org\/{rel}","templated":true}]}}