{"id":333173,"date":"2026-02-27T17:05:11","date_gmt":"2026-02-27T14:05:11","guid":{"rendered":"https:\/\/ecoshop.ee\/maaratlemata\/ujuv-basseinitool-140x83x60-cm\/"},"modified":"2026-05-15T09:24:32","modified_gmt":"2026-05-15T06:24:32","slug":"floating-pool-chair-140x83x60-cm","status":"publish","type":"product","link":"https:\/\/ecoshop.ee\/en\/basseini-madratsid-ja-lamamistoolid\/ujuv-basseinitool-140x83x60-cm\/","title":{"rendered":"Floating Pool Chair, 140 x 83 x 60 Cm"},"content":{"rendered":"<p>Enjoy sunny days with a floating chair on the water! The chair-like design offers a great experience.<\/p>\n<\/p>\n<p>The pool chair has two sturdy armrests and integrated cup holders for drinks. The inflatable chair is easy to inflate and deflate. It&#039;s easy to take with you - just roll it up and put it in a beach bag.<\/p>\n<ul>\n<li>Color: white, blue and brown<\/li>\n<li>Material: HDPE, polyester<\/li>\n<li>Dimensions: 140 x 83 x 60 cm (L x W x H)<\/li>\n<li>Assembly required: yes<\/li>\n<\/ul>","protected":false},"excerpt":{"rendered":"<p>Nautige p\u00e4ikselisi p\u00e4evi vee peal ujuva tooliga! Tooli meenutav disain pakub suurep\u00e4rast kogemust. Basseinitoolil on kaks tugevat k\u00e4etuge ja integreeritud topsihoidjatesse saab&hellip;<\/p>","protected":false},"featured_media":333166,"comment_status":"open","ping_status":"closed","template":"","meta":{"wprm-recipe-roundup-name":"","wprm-recipe-roundup-description":""},"product_brand":[],"product_cat":[3660],"product_tag":[3731,3873,3705,536,540,539],"class_list":{"0":"post-333173","1":"product","2":"type-product","3":"status-publish","4":"has-post-thumbnail","6":"product_cat-basseini-madratsid-ja-lamamistoolid","7":"product_tag-basseini-ja-spaa-tarvikud","8":"product_tag-basseini-madratsid-ja-lamamistoolid","9":"product_tag-basseinid-ja-spaad","10":"product_tag-kodu-ja-aed","11":"product_tag-parcel","12":"product_tag-voodilinad","13":"pa_brand-vidaxl","15":"first","16":"instock","17":"taxable","18":"shipping-taxable","19":"purchasable","20":"product-type-simple"},"supplier_id":null,"supplier_sku":"","barcode":null,"atum_controlled":false,"out_stock_date":null,"out_stock_threshold":null,"inheritable":false,"inbound_stock":null,"stock_on_hold":null,"sold_today":null,"sales_last_days":null,"reserved_stock":null,"customer_returns":null,"warehouse_damage":null,"lost_in_post":null,"other_logs":null,"out_stock_days":null,"lost_sales":null,"has_location":null,"update_date":"2026-05-15T06:24:33","atum_locations":[],"atum_stock_status":"instock","restock_status":false,"low_stock_amount":"","sales_update_date":null,"calc_backorders":null,"aioseo_notices":[],"_links":{"self":[{"href":"https:\/\/ecoshop.ee\/en\/wp-json\/wp\/v2\/product\/333173","targetHints":{"allow":["GET"]}}],"collection":[{"href":"https:\/\/ecoshop.ee\/en\/wp-json\/wp\/v2\/product"}],"about":[{"href":"https:\/\/ecoshop.ee\/en\/wp-json\/wp\/v2\/types\/product"}],"replies":[{"embeddable":true,"href":"https:\/\/ecoshop.ee\/en\/wp-json\/wp\/v2\/comments?post=333173"}],"version-history":[{"count":0,"href":"https:\/\/ecoshop.ee\/en\/wp-json\/wp\/v2\/product\/333173\/revisions"}],"wp:featuredmedia":[{"embeddable":true,"href":"https:\/\/ecoshop.ee\/en\/wp-json\/wp\/v2\/media\/333166"}],"wp:attachment":[{"href":"https:\/\/ecoshop.ee\/en\/wp-json\/wp\/v2\/media?parent=333173"}],"wp:term":[{"taxonomy":"product_brand","embeddable":true,"href":"https:\/\/ecoshop.ee\/en\/wp-json\/wp\/v2\/product_brand?post=333173"},{"taxonomy":"product_cat","embeddable":true,"href":"https:\/\/ecoshop.ee\/en\/wp-json\/wp\/v2\/product_cat?post=333173"},{"taxonomy":"product_tag","embeddable":true,"href":"https:\/\/ecoshop.ee\/en\/wp-json\/wp\/v2\/product_tag?post=333173"}],"curies":[{"name":"wp","href":"https:\/\/api.w.org\/{rel}","templated":true}]}}