{"id":333528,"date":"2026-02-27T17:15:46","date_gmt":"2026-02-27T14:15:46","guid":{"rendered":"https:\/\/ecoshop.ee\/maaratlemata\/8-osaline-basseinipuhastaja-komplekt-21-x-25-x-305-cm\/"},"modified":"2026-05-12T22:40:39","modified_gmt":"2026-05-12T19:40:39","slug":"8-piece-pool-cleaner-set-21-x-25-x-305-cm","status":"publish","type":"product","link":"https:\/\/ecoshop.ee\/en\/basseini-puhastustarvikud\/8-osaline-basseinipuhastaja-komplekt-21-x-25-x-305-cm\/","title":{"rendered":"8-Piece Pool Cleaner Set, 21 x 25 x 30.5 Cm"},"content":{"rendered":"<p>The durable pool cleaner is made of strong ABS. The contoured body with overflow and 15.8 x 7.6 cm basket ensures excellent cleaning, effectively and completely removing dirt. The cleaner includes a surface cleaner, inlet nozzle, surface cleaner overflow, surface cleaner cover, surface cleaner base plate, basket, hose connector, gasket and other installation accessories.<\/p>\n<ul>\n<li>Dimensions: 21 x 25 x 30.5 cm (W x D x H)<\/li>\n<li>Material: ABS<\/li>\n<li>Cleaner basket dimensions: 15.8 x 7.6 cm (D x H)<\/li>\n<li><strong>The package includes:<\/strong><\/li>\n<li>1 x surface cleaner<\/li>\n<li>1 x Surface cleaner overflow<\/li>\n<li>1 x Surface cleaner cover<\/li>\n<li>1 x surface cleaner base plate<\/li>\n<li>1 x gasket<\/li>\n<li>1 x inlet nozzle<\/li>\n<li>1 x basket<\/li>\n<li>1 x hose connector<\/li>\n<li>Other installation accessories<\/li>\n<\/ul>","protected":false},"excerpt":{"rendered":"<p>Vastupidav basseinipuhasti on valmistatud tugevast ABSist. \u00dclevoolu ja 15,8 x 7,6 cm suuruse korviga kontuurne korpus tagab suurep\u00e4rase puhastuse, mis eemaldab t\u00f5husalt&hellip;<\/p>","protected":false},"featured_media":333521,"comment_status":"open","ping_status":"closed","template":"","meta":{"wprm-recipe-roundup-name":"","wprm-recipe-roundup-description":""},"product_brand":[],"product_cat":[3662],"product_tag":[3731,4003,3705,536,540],"class_list":{"0":"post-333528","1":"product","2":"type-product","3":"status-publish","4":"has-post-thumbnail","6":"product_cat-basseini-puhastustarvikud","7":"product_tag-basseini-ja-spaa-tarvikud","8":"product_tag-basseini-pinnapuhastajad","9":"product_tag-basseinid-ja-spaad","10":"product_tag-kodu-ja-aed","11":"product_tag-parcel","12":"pa_brand-vidaxl","14":"first","15":"instock","16":"taxable","17":"shipping-taxable","18":"purchasable","19":"product-type-simple"},"supplier_id":null,"supplier_sku":"","barcode":null,"atum_controlled":false,"out_stock_date":null,"out_stock_threshold":null,"inheritable":false,"inbound_stock":null,"stock_on_hold":null,"sold_today":null,"sales_last_days":null,"reserved_stock":null,"customer_returns":null,"warehouse_damage":null,"lost_in_post":null,"other_logs":null,"out_stock_days":null,"lost_sales":null,"has_location":null,"update_date":"2026-05-12T19:40:39","atum_locations":[],"atum_stock_status":"instock","restock_status":false,"low_stock_amount":"","sales_update_date":null,"calc_backorders":null,"aioseo_notices":[],"_links":{"self":[{"href":"https:\/\/ecoshop.ee\/en\/wp-json\/wp\/v2\/product\/333528","targetHints":{"allow":["GET"]}}],"collection":[{"href":"https:\/\/ecoshop.ee\/en\/wp-json\/wp\/v2\/product"}],"about":[{"href":"https:\/\/ecoshop.ee\/en\/wp-json\/wp\/v2\/types\/product"}],"replies":[{"embeddable":true,"href":"https:\/\/ecoshop.ee\/en\/wp-json\/wp\/v2\/comments?post=333528"}],"version-history":[{"count":0,"href":"https:\/\/ecoshop.ee\/en\/wp-json\/wp\/v2\/product\/333528\/revisions"}],"wp:featuredmedia":[{"embeddable":true,"href":"https:\/\/ecoshop.ee\/en\/wp-json\/wp\/v2\/media\/333521"}],"wp:attachment":[{"href":"https:\/\/ecoshop.ee\/en\/wp-json\/wp\/v2\/media?parent=333528"}],"wp:term":[{"taxonomy":"product_brand","embeddable":true,"href":"https:\/\/ecoshop.ee\/en\/wp-json\/wp\/v2\/product_brand?post=333528"},{"taxonomy":"product_cat","embeddable":true,"href":"https:\/\/ecoshop.ee\/en\/wp-json\/wp\/v2\/product_cat?post=333528"},{"taxonomy":"product_tag","embeddable":true,"href":"https:\/\/ecoshop.ee\/en\/wp-json\/wp\/v2\/product_tag?post=333528"}],"curies":[{"name":"wp","href":"https:\/\/api.w.org\/{rel}","templated":true}]}}