{"id":333578,"date":"2026-02-27T17:16:35","date_gmt":"2026-02-27T14:16:35","guid":{"rendered":"https:\/\/ecoshop.ee\/maaratlemata\/paikeseduss-8-l-pvc-teras\/"},"modified":"2026-05-12T21:36:10","modified_gmt":"2026-05-12T18:36:10","slug":"paisedess-8-l-pvc-steel","status":"publish","type":"product","link":"https:\/\/ecoshop.ee\/en\/validussid\/paikeseduss-8-l-pvc-teras\/","title":{"rendered":"Solar shower 8 L Pvc Steel"},"content":{"rendered":"<p>Enjoy a warm shower by the pool or in the garden with the convenient solar shower! It has a capacity of 8 l and uses solar energy to heat the water.<\/p>\n<\/p>\n<p>The container is made of non-hazardous PVC. The black color helps increase heat absorption.<\/p>\n<\/p>\n<p>The solar shower is easy to use. The water temperature can be adjusted simply by turning the handle. The solar shower is equipped with a hand shower head and a flexible hose. Thanks to the high-quality steel base and the included ground anchors, the outdoor shower can be fixed to the ground.<\/p>\n<\/p>\n<p>Easy to assemble. Note: We recommend emptying the water tank in winter.<\/p>\n<ul>\n<li>Color: black<\/li>\n<li>Material: PVC water tank + steel base<\/li>\n<li>Base size: 16.5 x 16.5 cm (L x W)<\/li>\n<li>Total height: 115 cm<\/li>\n<li>Includes a handheld shower head<\/li>\n<li>Capacity: 8 l<\/li>\n<li>1.5 m stainless steel hose<\/li>\n<li>Uses solar energy to heat water<\/li>\n<li>Ground anchors included<\/li>\n<li>Easy to assemble<\/li>\n<\/ul>","protected":false},"excerpt":{"rendered":"<p>Nautige basseini \u00e4\u00e4res v\u00f5i aias mugava p\u00e4ikesedu\u0161iga sooja du\u0161\u0161i! Selle maht on 8 l ja vee soojendamiseks kasutatakse p\u00e4ikeseenergiat. Mahuti on valmistatud&hellip;<\/p>","protected":false},"featured_media":333568,"comment_status":"open","ping_status":"closed","template":"","meta":{"wprm-recipe-roundup-name":"","wprm-recipe-roundup-description":""},"product_brand":[],"product_cat":[3665],"product_tag":[3731,3705,536,540],"class_list":{"0":"post-333578","1":"product","2":"type-product","3":"status-publish","4":"has-post-thumbnail","6":"product_cat-validussid","7":"product_tag-basseini-ja-spaa-tarvikud","8":"product_tag-basseinid-ja-spaad","9":"product_tag-kodu-ja-aed","10":"product_tag-parcel","11":"pa_brand-vidaxl","13":"first","14":"instock","15":"taxable","16":"shipping-taxable","17":"purchasable","18":"product-type-simple"},"supplier_id":null,"supplier_sku":"","barcode":null,"atum_controlled":false,"out_stock_date":null,"out_stock_threshold":null,"inheritable":false,"inbound_stock":null,"stock_on_hold":null,"sold_today":null,"sales_last_days":null,"reserved_stock":null,"customer_returns":null,"warehouse_damage":null,"lost_in_post":null,"other_logs":null,"out_stock_days":null,"lost_sales":null,"has_location":null,"update_date":"2026-05-12T18:36:11","atum_locations":[],"atum_stock_status":"instock","restock_status":false,"low_stock_amount":"","sales_update_date":null,"calc_backorders":null,"aioseo_notices":[],"_links":{"self":[{"href":"https:\/\/ecoshop.ee\/en\/wp-json\/wp\/v2\/product\/333578","targetHints":{"allow":["GET"]}}],"collection":[{"href":"https:\/\/ecoshop.ee\/en\/wp-json\/wp\/v2\/product"}],"about":[{"href":"https:\/\/ecoshop.ee\/en\/wp-json\/wp\/v2\/types\/product"}],"replies":[{"embeddable":true,"href":"https:\/\/ecoshop.ee\/en\/wp-json\/wp\/v2\/comments?post=333578"}],"version-history":[{"count":0,"href":"https:\/\/ecoshop.ee\/en\/wp-json\/wp\/v2\/product\/333578\/revisions"}],"wp:featuredmedia":[{"embeddable":true,"href":"https:\/\/ecoshop.ee\/en\/wp-json\/wp\/v2\/media\/333568"}],"wp:attachment":[{"href":"https:\/\/ecoshop.ee\/en\/wp-json\/wp\/v2\/media?parent=333578"}],"wp:term":[{"taxonomy":"product_brand","embeddable":true,"href":"https:\/\/ecoshop.ee\/en\/wp-json\/wp\/v2\/product_brand?post=333578"},{"taxonomy":"product_cat","embeddable":true,"href":"https:\/\/ecoshop.ee\/en\/wp-json\/wp\/v2\/product_cat?post=333578"},{"taxonomy":"product_tag","embeddable":true,"href":"https:\/\/ecoshop.ee\/en\/wp-json\/wp\/v2\/product_tag?post=333578"}],"curies":[{"name":"wp","href":"https:\/\/api.w.org\/{rel}","templated":true}]}}