{"id":333587,"date":"2026-02-27T17:16:45","date_gmt":"2026-02-27T14:16:45","guid":{"rendered":"https:\/\/ecoshop.ee\/maaratlemata\/paikeseduss-must-214-cm-20-l\/"},"modified":"2026-05-12T21:36:10","modified_gmt":"2026-05-12T18:36:10","slug":"paiceduss-black-214-cm-20-l","status":"publish","type":"product","link":"https:\/\/ecoshop.ee\/en\/validussid\/paikeseduss-must-214-cm-20-l\/","title":{"rendered":"Solar Shower, Black 214 Cm 20 L"},"content":{"rendered":"<p>Enjoy a warm shower by the pool or in the garden with the convenient solar shower! It heats the water using solar energy. The shower has a 20 l water tank.<\/p>\n<\/p>\n<p>The solar shower without a heating device is energy-saving and environmentally friendly. The garden shower is made of PVC, which makes it durable and does not contain harmful chemicals. The black body helps absorb solar energy. The water heats up to 62 \u00b0C. The outdoor shower has a handy button for controlling hot and cold water. It can be connected to a regular garden hose without additional pipes. The product is easy to assemble.<\/p>\n<\/p>\n<p>Note: Mounting screws are included.<\/p>\n<ul>\n<li>Color: black<\/li>\n<li>Material: PVC, ABS, aluminum<\/li>\n<li>Base size: 15.5 x 15.5 cm (L x W)<\/li>\n<li>Height: 214 cm<\/li>\n<li>Water capacity: 20 l<\/li>\n<li>Water temperature: up to 60 \u00b0C<\/li>\n<li>Uses solar energy to heat water<\/li>\n<li>Handy cold and hot water adjustment knob<\/li>\n<li>Connects to a standard garden hose without additional pipes<\/li>\n<li>Assembly required: yes<\/li>\n<\/ul>","protected":false},"excerpt":{"rendered":"<p>Nautige mugava p\u00e4ikesedu\u0161i abil basseini \u00e4\u00e4res v\u00f5i aias sooja du\u0161\u0161i! See soojendab vett p\u00e4ikeseenergia abil. Du\u0161il on 20 l veemahuti. Ilma soojendusseadmeta&hellip;<\/p>","protected":false},"featured_media":333579,"comment_status":"open","ping_status":"closed","template":"","meta":{"wprm-recipe-roundup-name":"","wprm-recipe-roundup-description":""},"product_brand":[],"product_cat":[3665],"product_tag":[3731,3705,536,540],"class_list":{"0":"post-333587","1":"product","2":"type-product","3":"status-publish","4":"has-post-thumbnail","6":"product_cat-validussid","7":"product_tag-basseini-ja-spaa-tarvikud","8":"product_tag-basseinid-ja-spaad","9":"product_tag-kodu-ja-aed","10":"product_tag-parcel","11":"pa_brand-vidaxl","13":"first","14":"instock","15":"taxable","16":"shipping-taxable","17":"purchasable","18":"product-type-simple"},"supplier_id":null,"supplier_sku":"","barcode":null,"atum_controlled":false,"out_stock_date":null,"out_stock_threshold":null,"inheritable":false,"inbound_stock":null,"stock_on_hold":null,"sold_today":null,"sales_last_days":null,"reserved_stock":null,"customer_returns":null,"warehouse_damage":null,"lost_in_post":null,"other_logs":null,"out_stock_days":null,"lost_sales":null,"has_location":null,"update_date":"2026-05-12T18:36:11","atum_locations":[],"atum_stock_status":"instock","restock_status":false,"low_stock_amount":"","sales_update_date":null,"calc_backorders":null,"aioseo_notices":[],"_links":{"self":[{"href":"https:\/\/ecoshop.ee\/en\/wp-json\/wp\/v2\/product\/333587","targetHints":{"allow":["GET"]}}],"collection":[{"href":"https:\/\/ecoshop.ee\/en\/wp-json\/wp\/v2\/product"}],"about":[{"href":"https:\/\/ecoshop.ee\/en\/wp-json\/wp\/v2\/types\/product"}],"replies":[{"embeddable":true,"href":"https:\/\/ecoshop.ee\/en\/wp-json\/wp\/v2\/comments?post=333587"}],"version-history":[{"count":0,"href":"https:\/\/ecoshop.ee\/en\/wp-json\/wp\/v2\/product\/333587\/revisions"}],"wp:featuredmedia":[{"embeddable":true,"href":"https:\/\/ecoshop.ee\/en\/wp-json\/wp\/v2\/media\/333579"}],"wp:attachment":[{"href":"https:\/\/ecoshop.ee\/en\/wp-json\/wp\/v2\/media?parent=333587"}],"wp:term":[{"taxonomy":"product_brand","embeddable":true,"href":"https:\/\/ecoshop.ee\/en\/wp-json\/wp\/v2\/product_brand?post=333587"},{"taxonomy":"product_cat","embeddable":true,"href":"https:\/\/ecoshop.ee\/en\/wp-json\/wp\/v2\/product_cat?post=333587"},{"taxonomy":"product_tag","embeddable":true,"href":"https:\/\/ecoshop.ee\/en\/wp-json\/wp\/v2\/product_tag?post=333587"}],"curies":[{"name":"wp","href":"https:\/\/api.w.org\/{rel}","templated":true}]}}