{"id":333687,"date":"2026-02-27T17:18:51","date_gmt":"2026-02-27T14:18:51","guid":{"rendered":"https:\/\/ecoshop.ee\/maaratlemata\/sauna-peatugi-mannipuit\/"},"modified":"2026-05-14T09:20:53","modified_gmt":"2026-05-14T06:20:53","slug":"sauna-headrest-manni-wood","status":"publish","type":"product","link":"https:\/\/ecoshop.ee\/en\/saunatarvikud\/sauna-peatugi-mannipuit\/","title":{"rendered":"Sauna Headrest, Pine Wood"},"content":{"rendered":"<p>The wooden sauna headrest is specially designed to make your regular sauna experience even more relaxing and enjoyable.<\/p>\n<\/p>\n<ul>\n<li>Considerate design: The gentle curvature of the wooden headrest naturally supports your head and neck, allowing you to lie on your back and relax more comfortably.<\/li>\n<li>Wide slats: The wide slats of the sauna neck pillow are not only good for air circulation, but also add elegance.<\/li>\n<li>Durable material: Pine wood is a beautiful natural material. Pine wood has straight grains and knots that give the material a rustic look. A pine sauna cushion is very durable.<\/li>\n<\/ul>\n<ul>\n<li>Material: pine wood (untreated)<\/li>\n<li>Dimensions: 37 x 33 x 10 cm (L x W x H)<\/li>\n<\/ul>","protected":false},"excerpt":{"rendered":"<p>Puidust sauna peatugi on spetsiaalselt loodud selleks, et muuta teie tavaline saunakogemus veelgi l\u00f5\u00f5gastavamaks ja nauditavamaks. T\u00e4helepanelik disain: puidust peatoe \u00f5rn kaarduvus&hellip;<\/p>","protected":false},"featured_media":333681,"comment_status":"open","ping_status":"closed","template":"","meta":{"wprm-recipe-roundup-name":"","wprm-recipe-roundup-description":""},"product_brand":[],"product_cat":[3667],"product_tag":[3705,1885,536,540,4028],"class_list":{"0":"post-333687","1":"product","2":"type-product","3":"status-publish","4":"has-post-thumbnail","6":"product_cat-saunatarvikud","7":"product_tag-basseinid-ja-spaad","8":"product_tag-hobedane","9":"product_tag-kodu-ja-aed","10":"product_tag-parcel","11":"product_tag-saunatarvikud","12":"pa_brand-vidaxl","14":"first","15":"instock","16":"taxable","17":"shipping-taxable","18":"purchasable","19":"product-type-simple"},"supplier_id":null,"supplier_sku":"","barcode":null,"atum_controlled":false,"out_stock_date":null,"out_stock_threshold":null,"inheritable":false,"inbound_stock":null,"stock_on_hold":null,"sold_today":null,"sales_last_days":null,"reserved_stock":null,"customer_returns":null,"warehouse_damage":null,"lost_in_post":null,"other_logs":null,"out_stock_days":null,"lost_sales":null,"has_location":null,"update_date":"2026-05-14T06:20:54","atum_locations":[],"atum_stock_status":"instock","restock_status":false,"low_stock_amount":"","sales_update_date":null,"calc_backorders":null,"aioseo_notices":[],"_links":{"self":[{"href":"https:\/\/ecoshop.ee\/en\/wp-json\/wp\/v2\/product\/333687","targetHints":{"allow":["GET"]}}],"collection":[{"href":"https:\/\/ecoshop.ee\/en\/wp-json\/wp\/v2\/product"}],"about":[{"href":"https:\/\/ecoshop.ee\/en\/wp-json\/wp\/v2\/types\/product"}],"replies":[{"embeddable":true,"href":"https:\/\/ecoshop.ee\/en\/wp-json\/wp\/v2\/comments?post=333687"}],"version-history":[{"count":0,"href":"https:\/\/ecoshop.ee\/en\/wp-json\/wp\/v2\/product\/333687\/revisions"}],"wp:featuredmedia":[{"embeddable":true,"href":"https:\/\/ecoshop.ee\/en\/wp-json\/wp\/v2\/media\/333681"}],"wp:attachment":[{"href":"https:\/\/ecoshop.ee\/en\/wp-json\/wp\/v2\/media?parent=333687"}],"wp:term":[{"taxonomy":"product_brand","embeddable":true,"href":"https:\/\/ecoshop.ee\/en\/wp-json\/wp\/v2\/product_brand?post=333687"},{"taxonomy":"product_cat","embeddable":true,"href":"https:\/\/ecoshop.ee\/en\/wp-json\/wp\/v2\/product_cat?post=333687"},{"taxonomy":"product_tag","embeddable":true,"href":"https:\/\/ecoshop.ee\/en\/wp-json\/wp\/v2\/product_tag?post=333687"}],"curies":[{"name":"wp","href":"https:\/\/api.w.org\/{rel}","templated":true}]}}