{"id":333700,"date":"2026-02-27T17:19:02","date_gmt":"2026-02-27T14:19:02","guid":{"rendered":"https:\/\/ecoshop.ee\/maaratlemata\/kaks-uhes-sauna-termo-hugromeeter-ja-liivakell-mannipuit-2\/"},"modified":"2026-05-15T21:30:01","modified_gmt":"2026-05-15T18:30:01","slug":"two-in-one-sauna-thermo-hygrometer-and-hourglass-mannipuit-2","status":"publish","type":"product","link":"https:\/\/ecoshop.ee\/en\/saunatarvikud\/kaks-uhes-sauna-termo-hugromeeter-ja-liivakell-mannipuit-2\/","title":{"rendered":"Two in One Sauna Thermo-Hygrometer and Hourglass, Pine Wood"},"content":{"rendered":"<p>The wooden 2-in-1 sauna thermo-hygrometer and hourglass set is a must-have accessory for every sauna room. It will help you enjoy your sauna more comfortably.<\/p>\n<\/p>\n<ul>\n<li>An essential sauna thermometer and hygrometer: Monitoring the temperature and humidity in your sauna room is very important. With this 2-in-1 sauna thermometer and hygrometer, you can easily and accurately measure humidity and temperature.<\/li>\n<li>Heat-resistant glass: The sauna thermo-hygrometer and hourglass with heat-resistant glass are designed to withstand the hot and steamy environment of a sauna room.<\/li>\n<li>15-minute hourglass: 15 minutes is the most common time to enjoy a sauna. The rotating timer also includes 5- and 10-minute approximate markers for keeping track of shorter sauna time.<\/li>\n<li>Durable material: Pine wood is a beautiful natural material. Pine wood has straight grains and knots that give the material a rustic look. The pine wood thermo-hygrometer and hourglass are very durable.<\/li>\n<\/ul>\n<ul>\n<li>Material: pine wood (untreated), glass, sand<\/li>\n<li>Thermo-hygrometer dimensions: 26.5 x 14 x 3 cm (L x W x H)<\/li>\n<li>Hourglass dimensions: 5 x 3 x 29.5 cm (L x W x H)<\/li>\n<\/ul>","protected":false},"excerpt":{"rendered":"<p>Puidust kaks \u00fches sauna termo-h\u00fcgromeetri ja liivakella komplekt on vajalik tarvik igasse saunaruumi. See aitab teil mugavamalt sauna nautida. H\u00e4davajalik sauna termomeeter&hellip;<\/p>","protected":false},"featured_media":333688,"comment_status":"open","ping_status":"closed","template":"","meta":{"wprm-recipe-roundup-name":"","wprm-recipe-roundup-description":""},"product_brand":[],"product_cat":[3667],"product_tag":[3705,536,540,4028],"class_list":{"0":"post-333700","1":"product","2":"type-product","3":"status-publish","4":"has-post-thumbnail","6":"product_cat-saunatarvikud","7":"product_tag-basseinid-ja-spaad","8":"product_tag-kodu-ja-aed","9":"product_tag-parcel","10":"product_tag-saunatarvikud","11":"pa_brand-vidaxl","13":"first","14":"instock","15":"taxable","16":"shipping-taxable","17":"purchasable","18":"product-type-simple"},"supplier_id":null,"supplier_sku":"","barcode":null,"atum_controlled":false,"out_stock_date":null,"out_stock_threshold":null,"inheritable":false,"inbound_stock":null,"stock_on_hold":null,"sold_today":null,"sales_last_days":null,"reserved_stock":null,"customer_returns":null,"warehouse_damage":null,"lost_in_post":null,"other_logs":null,"out_stock_days":null,"lost_sales":null,"has_location":null,"update_date":"2026-05-13T00:25:06","atum_locations":[],"atum_stock_status":"instock","restock_status":false,"low_stock_amount":"","sales_update_date":null,"calc_backorders":null,"aioseo_notices":[],"_links":{"self":[{"href":"https:\/\/ecoshop.ee\/en\/wp-json\/wp\/v2\/product\/333700","targetHints":{"allow":["GET"]}}],"collection":[{"href":"https:\/\/ecoshop.ee\/en\/wp-json\/wp\/v2\/product"}],"about":[{"href":"https:\/\/ecoshop.ee\/en\/wp-json\/wp\/v2\/types\/product"}],"replies":[{"embeddable":true,"href":"https:\/\/ecoshop.ee\/en\/wp-json\/wp\/v2\/comments?post=333700"}],"version-history":[{"count":0,"href":"https:\/\/ecoshop.ee\/en\/wp-json\/wp\/v2\/product\/333700\/revisions"}],"wp:featuredmedia":[{"embeddable":true,"href":"https:\/\/ecoshop.ee\/en\/wp-json\/wp\/v2\/media\/333688"}],"wp:attachment":[{"href":"https:\/\/ecoshop.ee\/en\/wp-json\/wp\/v2\/media?parent=333700"}],"wp:term":[{"taxonomy":"product_brand","embeddable":true,"href":"https:\/\/ecoshop.ee\/en\/wp-json\/wp\/v2\/product_brand?post=333700"},{"taxonomy":"product_cat","embeddable":true,"href":"https:\/\/ecoshop.ee\/en\/wp-json\/wp\/v2\/product_cat?post=333700"},{"taxonomy":"product_tag","embeddable":true,"href":"https:\/\/ecoshop.ee\/en\/wp-json\/wp\/v2\/product_tag?post=333700"}],"curies":[{"name":"wp","href":"https:\/\/api.w.org\/{rel}","templated":true}]}}