{"id":333712,"date":"2026-02-27T17:19:20","date_gmt":"2026-02-27T14:19:20","guid":{"rendered":"https:\/\/ecoshop.ee\/maaratlemata\/saunaamber-ja-kulp-mannipuit\/"},"modified":"2026-05-15T04:11:20","modified_gmt":"2026-05-15T01:11:20","slug":"sauna-bucket-and-ladle-mannipuit","status":"publish","type":"product","link":"https:\/\/ecoshop.ee\/en\/saunatarvikud\/saunaamber-ja-kulp-mannipuit\/","title":{"rendered":"Sauna Bucket And Ladle, Pine Wood"},"content":{"rendered":"<p>A simple yet practical wooden sauna bucket and ladle set will give you a more relaxing and enjoyable sauna experience.<\/p>\n<\/p>\n<ul>\n<li>Durable material: Pine wood is a beautiful natural material. Pine wood has straight grains and knots that give the material a rustic look. The sauna bucket and ladle made of pine wood are very durable.<\/li>\n<li>Large bucket: The sauna bucket holds approximately 5 liters of water. It also includes an almost invisible, leak-proof plastic lining that prevents the solid wooden bucket from rotting from water, thus ensuring a longer service life.<\/li>\n<li>Long Ladle: The 36 cm long ladle can be used to pour water over stones to create steam or to pour water over the body, cooling the intense effects of dry heat.<\/li>\n<\/ul>\n<ul>\n<li>Material: pine wood (untreated), PP (polypropylene), stainless steel<\/li>\n<li>Bucket dimensions: 26 x 25 x 30.5 cm (L x W x H)<\/li>\n<li>Ladle dimensions: 36 x 10 x 4 cm (L x W x H)<\/li>\n<li><span style=\"font-size: 13.12px\">With PP lining<\/span><\/li>\n<\/ul>","protected":false},"excerpt":{"rendered":"<p>Lihtne, ent praktiline puidust sauna\u00e4mbri ja kulbi komplekt annab teile l\u00f5\u00f5gastavama ja nauditavama saunakogemuse. Vastupidav materjal: m\u00e4nnipuit on ilus looduslik materjal. M\u00e4nnipuidul&hellip;<\/p>","protected":false},"featured_media":333704,"comment_status":"open","ping_status":"closed","template":"","meta":{"wprm-recipe-roundup-name":"","wprm-recipe-roundup-description":""},"product_brand":[],"product_cat":[3667],"product_tag":[3705,536,554,540,4028],"class_list":{"0":"post-333712","1":"product","2":"type-product","3":"status-publish","4":"has-post-thumbnail","6":"product_cat-saunatarvikud","7":"product_tag-basseinid-ja-spaad","8":"product_tag-kodu-ja-aed","9":"product_tag-ouemoobli-komplektid","10":"product_tag-parcel","11":"product_tag-saunatarvikud","12":"pa_brand-vidaxl","14":"first","15":"instock","16":"taxable","17":"shipping-taxable","18":"purchasable","19":"product-type-simple"},"supplier_id":null,"supplier_sku":"","barcode":null,"atum_controlled":false,"out_stock_date":null,"out_stock_threshold":null,"inheritable":false,"inbound_stock":null,"stock_on_hold":null,"sold_today":null,"sales_last_days":null,"reserved_stock":null,"customer_returns":null,"warehouse_damage":null,"lost_in_post":null,"other_logs":null,"out_stock_days":null,"lost_sales":null,"has_location":null,"update_date":"2026-05-15T01:11:21","atum_locations":[],"atum_stock_status":"instock","restock_status":false,"low_stock_amount":"","sales_update_date":null,"calc_backorders":null,"aioseo_notices":[],"_links":{"self":[{"href":"https:\/\/ecoshop.ee\/en\/wp-json\/wp\/v2\/product\/333712","targetHints":{"allow":["GET"]}}],"collection":[{"href":"https:\/\/ecoshop.ee\/en\/wp-json\/wp\/v2\/product"}],"about":[{"href":"https:\/\/ecoshop.ee\/en\/wp-json\/wp\/v2\/types\/product"}],"replies":[{"embeddable":true,"href":"https:\/\/ecoshop.ee\/en\/wp-json\/wp\/v2\/comments?post=333712"}],"version-history":[{"count":0,"href":"https:\/\/ecoshop.ee\/en\/wp-json\/wp\/v2\/product\/333712\/revisions"}],"wp:featuredmedia":[{"embeddable":true,"href":"https:\/\/ecoshop.ee\/en\/wp-json\/wp\/v2\/media\/333704"}],"wp:attachment":[{"href":"https:\/\/ecoshop.ee\/en\/wp-json\/wp\/v2\/media?parent=333712"}],"wp:term":[{"taxonomy":"product_brand","embeddable":true,"href":"https:\/\/ecoshop.ee\/en\/wp-json\/wp\/v2\/product_brand?post=333712"},{"taxonomy":"product_cat","embeddable":true,"href":"https:\/\/ecoshop.ee\/en\/wp-json\/wp\/v2\/product_cat?post=333712"},{"taxonomy":"product_tag","embeddable":true,"href":"https:\/\/ecoshop.ee\/en\/wp-json\/wp\/v2\/product_tag?post=333712"}],"curies":[{"name":"wp","href":"https:\/\/api.w.org\/{rel}","templated":true}]}}