{"id":333723,"date":"2026-02-27T17:19:30","date_gmt":"2026-02-27T14:19:30","guid":{"rendered":"https:\/\/ecoshop.ee\/maaratlemata\/5-osaline-kaminatooriistade-komplekt-18-x-66-cm-terasest\/"},"modified":"2026-05-14T03:26:41","modified_gmt":"2026-05-14T00:26:41","slug":"5-piece-fireplace-tool-set-18-x-66-cm-steel","status":"publish","type":"product","link":"https:\/\/ecoshop.ee\/en\/kaminatarvikud\/5-osaline-kaminatooriistade-komplekt-18-x-66-cm-terasest\/","title":{"rendered":"5-Piece Fireplace Tool Set 18 x 66 Cm Steel"},"content":{"rendered":"<p>The fireplace tool set is perfect for families to keep their fireplace tidy and well-equipped.<\/p>\n<\/p>\n<ul>\n<li>Durable and Durable: The fire rocker set is made of durable steel with a powder-coated finish for a longer service life.<\/li>\n<li>Extensive practical use: The fireplace set includes a sturdy shelf, hook, tongs, brush and shovel for effortlessly sweeping away ash and debris, slowly transferring heat and preventing burning your fingers.<\/li>\n<li>Easy to use: The fireplace tool stand ensures that each tool is hung neatly and looks very decorative and aesthetic.<\/li>\n<li>Space Saver: The fire rocker set has a small footprint and makes your room more tidy and comfortable.<\/li>\n<\/ul>\n<ul>\n<li>Color: Black<\/li>\n<li>Material: Steel<\/li>\n<li>Dimensions of the item: 18 x 66 cm (diameter x H)<\/li>\n<li>Hook size: 6.5 x 55 cm (W x L)<\/li>\n<li>Pliers size: 12 x 55.5 cm (W x L)<\/li>\n<li>Broom size: 13 x 55 cm (W x L)<\/li>\n<li>Shovel size: 11 x 54.5 cm (W x L)<\/li>\n<li>Weight: 2807 g<\/li>\n<li>Assembly required: Yes<\/li>\n<li><strong>Delivery includes:<\/strong><\/li>\n<li>1 x Seat<\/li>\n<li>1 x Hook<\/li>\n<li>1 x Pliers<\/li>\n<li>1 x Bones<\/li>\n<li>1 x Shovel<\/li>\n<\/ul>","protected":false},"excerpt":{"rendered":"<p>Kaminat\u00f6\u00f6riistade komplekt sobib peredele korras ja h\u00e4sti varustatud kamina hoidmiseks. Vastupidav ja vastupidav: Tulerokeri komplekt on valmistatud vastupidavast terasest pulberv\u00e4rvitud pinnaga, mis&hellip;<\/p>","protected":false},"featured_media":333713,"comment_status":"open","ping_status":"closed","template":"","meta":{"wprm-recipe-roundup-name":"","wprm-recipe-roundup-description":""},"product_brand":[],"product_cat":[3669],"product_tag":[4038,4039,536,544,540],"class_list":{"0":"post-333723","1":"product","2":"type-product","3":"status-publish","4":"has-post-thumbnail","6":"product_cat-kaminatarvikud","7":"product_tag-kamina-ja-ahjutarvikud","8":"product_tag-kaminatarvikud","9":"product_tag-kodu-ja-aed","10":"product_tag-must","11":"product_tag-parcel","12":"pa_brand-vidaxl","14":"first","15":"instock","16":"taxable","17":"shipping-taxable","18":"purchasable","19":"product-type-simple"},"supplier_id":null,"supplier_sku":"","barcode":null,"atum_controlled":false,"out_stock_date":null,"out_stock_threshold":null,"inheritable":false,"inbound_stock":null,"stock_on_hold":null,"sold_today":null,"sales_last_days":null,"reserved_stock":null,"customer_returns":null,"warehouse_damage":null,"lost_in_post":null,"other_logs":null,"out_stock_days":null,"lost_sales":null,"has_location":null,"update_date":"2026-05-14T00:26:41","atum_locations":[],"atum_stock_status":"instock","restock_status":false,"low_stock_amount":"","sales_update_date":null,"calc_backorders":null,"aioseo_notices":[],"_links":{"self":[{"href":"https:\/\/ecoshop.ee\/en\/wp-json\/wp\/v2\/product\/333723","targetHints":{"allow":["GET"]}}],"collection":[{"href":"https:\/\/ecoshop.ee\/en\/wp-json\/wp\/v2\/product"}],"about":[{"href":"https:\/\/ecoshop.ee\/en\/wp-json\/wp\/v2\/types\/product"}],"replies":[{"embeddable":true,"href":"https:\/\/ecoshop.ee\/en\/wp-json\/wp\/v2\/comments?post=333723"}],"version-history":[{"count":0,"href":"https:\/\/ecoshop.ee\/en\/wp-json\/wp\/v2\/product\/333723\/revisions"}],"wp:featuredmedia":[{"embeddable":true,"href":"https:\/\/ecoshop.ee\/en\/wp-json\/wp\/v2\/media\/333713"}],"wp:attachment":[{"href":"https:\/\/ecoshop.ee\/en\/wp-json\/wp\/v2\/media?parent=333723"}],"wp:term":[{"taxonomy":"product_brand","embeddable":true,"href":"https:\/\/ecoshop.ee\/en\/wp-json\/wp\/v2\/product_brand?post=333723"},{"taxonomy":"product_cat","embeddable":true,"href":"https:\/\/ecoshop.ee\/en\/wp-json\/wp\/v2\/product_cat?post=333723"},{"taxonomy":"product_tag","embeddable":true,"href":"https:\/\/ecoshop.ee\/en\/wp-json\/wp\/v2\/product_tag?post=333723"}],"curies":[{"name":"wp","href":"https:\/\/api.w.org\/{rel}","templated":true}]}}