{"id":333807,"date":"2026-02-27T17:20:54","date_gmt":"2026-02-27T14:20:54","guid":{"rendered":"https:\/\/ecoshop.ee\/maaratlemata\/paberbriketi-valmistaja-teras-34-x-14-x-14-cm-must-ja-punane\/"},"modified":"2026-05-15T09:24:35","modified_gmt":"2026-05-15T06:24:35","slug":"paper-briquette-maker-steel-34-x-14-x-14-cm-black-and-red","status":"publish","type":"product","link":"https:\/\/ecoshop.ee\/en\/kaminatarvikud\/paberbriketi-valmistaja-teras-34-x-14-x-14-cm-must-ja-punane\/","title":{"rendered":"Paper Briquette Maker, Steel, 34 x 14 x 14 Cm, Black and Red"},"content":{"rendered":"<p>A paper briquette maker helps to save the environment. It can be used to turn newspapers or waste paper into fuel. With the machine, you can compress waste paper into a single briquette and use it as fuel in a fireplace or fire pit.<\/p>\n<\/p>\n<p>The classic paper press has a steel frame and handles, making it durable and strong. It can be easily operated by hand, and it also helps save on heating costs and shows that you care about saving resources and sustainable development. Thanks to the special design with optimized pressure points, it is easy to achieve perfect pressure distribution.<\/p>\n<ul>\n<li>Color: red and black<\/li>\n<li>Material: steel<\/li>\n<li>Dimensions: 34 x 14 x 14 cm (L x W x H)<\/li>\n<li>Space-saving<\/li>\n<\/ul>","protected":false},"excerpt":{"rendered":"<p>Paberist brikettide valmistaja aitab keskkonda s\u00e4\u00e4sta. Selle abil saab ajalehti v\u00f5i vanapaberit k\u00fcttematerjaliks muuta. Masinaga saate vanapaberi \u00fcheks briketiks kokku pressida ja&hellip;<\/p>","protected":false},"featured_media":333803,"comment_status":"open","ping_status":"closed","template":"","meta":{"wprm-recipe-roundup-name":"","wprm-recipe-roundup-description":""},"product_brand":[],"product_cat":[3669],"product_tag":[4038,4039,536,540,2329],"class_list":{"0":"post-333807","1":"product","2":"type-product","3":"status-publish","4":"has-post-thumbnail","6":"product_cat-kaminatarvikud","7":"product_tag-kamina-ja-ahjutarvikud","8":"product_tag-kaminatarvikud","9":"product_tag-kodu-ja-aed","10":"product_tag-parcel","11":"product_tag-punane","12":"pa_brand-vidaxl","14":"first","15":"instock","16":"taxable","17":"shipping-taxable","18":"purchasable","19":"product-type-simple"},"supplier_id":null,"supplier_sku":"","barcode":null,"atum_controlled":false,"out_stock_date":null,"out_stock_threshold":null,"inheritable":false,"inbound_stock":null,"stock_on_hold":0,"sold_today":0,"sales_last_days":0,"reserved_stock":null,"customer_returns":null,"warehouse_damage":null,"lost_in_post":null,"other_logs":null,"out_stock_days":0,"lost_sales":0,"has_location":null,"update_date":"2026-05-15T06:24:35","atum_locations":[],"atum_stock_status":"instock","restock_status":false,"low_stock_amount":"","sales_update_date":"2026-03-05T01:07:30","calc_backorders":null,"aioseo_notices":[],"_links":{"self":[{"href":"https:\/\/ecoshop.ee\/en\/wp-json\/wp\/v2\/product\/333807","targetHints":{"allow":["GET"]}}],"collection":[{"href":"https:\/\/ecoshop.ee\/en\/wp-json\/wp\/v2\/product"}],"about":[{"href":"https:\/\/ecoshop.ee\/en\/wp-json\/wp\/v2\/types\/product"}],"replies":[{"embeddable":true,"href":"https:\/\/ecoshop.ee\/en\/wp-json\/wp\/v2\/comments?post=333807"}],"version-history":[{"count":0,"href":"https:\/\/ecoshop.ee\/en\/wp-json\/wp\/v2\/product\/333807\/revisions"}],"wp:featuredmedia":[{"embeddable":true,"href":"https:\/\/ecoshop.ee\/en\/wp-json\/wp\/v2\/media\/333803"}],"wp:attachment":[{"href":"https:\/\/ecoshop.ee\/en\/wp-json\/wp\/v2\/media?parent=333807"}],"wp:term":[{"taxonomy":"product_brand","embeddable":true,"href":"https:\/\/ecoshop.ee\/en\/wp-json\/wp\/v2\/product_brand?post=333807"},{"taxonomy":"product_cat","embeddable":true,"href":"https:\/\/ecoshop.ee\/en\/wp-json\/wp\/v2\/product_cat?post=333807"},{"taxonomy":"product_tag","embeddable":true,"href":"https:\/\/ecoshop.ee\/en\/wp-json\/wp\/v2\/product_tag?post=333807"}],"curies":[{"name":"wp","href":"https:\/\/api.w.org\/{rel}","templated":true}]}}