{"id":334804,"date":"2026-02-27T17:51:48","date_gmt":"2026-02-27T14:51:48","guid":{"rendered":"https:\/\/ecoshop.ee\/maaratlemata\/kuttepuukorv-kaepidemetega-59x42x28-cm-hall-paju\/"},"modified":"2026-05-13T03:25:13","modified_gmt":"2026-05-13T00:25:13","slug":"wicker-basket-with-handles-59x42x28-cm-gray-willow","status":"publish","type":"product","link":"https:\/\/ecoshop.ee\/en\/kaminapuude-alused\/kuttepuukorv-kaepidemetega-59x42x28-cm-hall-paju\/","title":{"rendered":"Firewood Basket with Handles 59 x 42 x 28 Cm Grey Willow"},"content":{"rendered":"<p>The durable handle firewood basket is the perfect solution for storing firewood.<\/p>\n<\/p>\n<p>Made of natural willow, this firewood basket exudes rustic charm and is an eye-catcher. The firewood holder is easy to carry with its two rope handles. The strong and durable construction ensures its long service life. The versatile wicker firewood basket can also be used as a laundry basket or vegetable storage basket.<\/p>\n<ul>\n<li>Color: gray<\/li>\n<li>Material: willow<\/li>\n<li>Top dimensions: 59 x 42 cm (L x W)<\/li>\n<li>Base dimensions: 51 x 35 cm (L x W)<\/li>\n<li>Height: 28 cm<\/li>\n<li>Distance between handle and basket: 7 cm<\/li>\n<li>Handles for easy carrying<\/li>\n<li>Versatile<\/li>\n<li>Assembly required: no<\/li>\n<\/ul>","protected":false},"excerpt":{"rendered":"<p>Vastupidav k\u00e4epidemete k\u00fcttekorv on ideaalne lahendus k\u00fcttepuude ladustamiseks. Naturaalsest pajust tehtud k\u00fcttepuukorv \u00f5hkab maal\u00e4hedast v\u00f5lu ja p\u00fc\u00fcab pilke. K\u00fcttepuuhoidikut on kahe n\u00f6\u00f6rist&hellip;<\/p>","protected":false},"featured_media":334798,"comment_status":"open","ping_status":"closed","template":"","meta":{"wprm-recipe-roundup-name":"","wprm-recipe-roundup-description":""},"product_brand":[],"product_cat":[3670],"product_tag":[550,4038,4049,536,540],"class_list":{"0":"post-334804","1":"product","2":"type-product","3":"status-publish","4":"has-post-thumbnail","6":"product_cat-kaminapuude-alused","7":"product_tag-hall","8":"product_tag-kamina-ja-ahjutarvikud","9":"product_tag-kaminapuude-alused","10":"product_tag-kodu-ja-aed","11":"product_tag-parcel","12":"pa_brand-vidaxl","14":"first","15":"instock","16":"taxable","17":"shipping-taxable","18":"purchasable","19":"product-type-simple"},"supplier_id":null,"supplier_sku":"","barcode":null,"atum_controlled":false,"out_stock_date":null,"out_stock_threshold":null,"inheritable":false,"inbound_stock":null,"stock_on_hold":0,"sold_today":0,"sales_last_days":0,"reserved_stock":null,"customer_returns":null,"warehouse_damage":null,"lost_in_post":null,"other_logs":null,"out_stock_days":0,"lost_sales":0,"has_location":null,"update_date":"2026-05-13T00:25:14","atum_locations":[],"atum_stock_status":"instock","restock_status":false,"low_stock_amount":"","sales_update_date":"2026-03-05T01:07:33","calc_backorders":null,"aioseo_notices":[],"_links":{"self":[{"href":"https:\/\/ecoshop.ee\/en\/wp-json\/wp\/v2\/product\/334804","targetHints":{"allow":["GET"]}}],"collection":[{"href":"https:\/\/ecoshop.ee\/en\/wp-json\/wp\/v2\/product"}],"about":[{"href":"https:\/\/ecoshop.ee\/en\/wp-json\/wp\/v2\/types\/product"}],"replies":[{"embeddable":true,"href":"https:\/\/ecoshop.ee\/en\/wp-json\/wp\/v2\/comments?post=334804"}],"version-history":[{"count":0,"href":"https:\/\/ecoshop.ee\/en\/wp-json\/wp\/v2\/product\/334804\/revisions"}],"wp:featuredmedia":[{"embeddable":true,"href":"https:\/\/ecoshop.ee\/en\/wp-json\/wp\/v2\/media\/334798"}],"wp:attachment":[{"href":"https:\/\/ecoshop.ee\/en\/wp-json\/wp\/v2\/media?parent=334804"}],"wp:term":[{"taxonomy":"product_brand","embeddable":true,"href":"https:\/\/ecoshop.ee\/en\/wp-json\/wp\/v2\/product_brand?post=334804"},{"taxonomy":"product_cat","embeddable":true,"href":"https:\/\/ecoshop.ee\/en\/wp-json\/wp\/v2\/product_cat?post=334804"},{"taxonomy":"product_tag","embeddable":true,"href":"https:\/\/ecoshop.ee\/en\/wp-json\/wp\/v2\/product_tag?post=334804"}],"curies":[{"name":"wp","href":"https:\/\/api.w.org\/{rel}","templated":true}]}}