{"id":335022,"date":"2026-02-27T17:57:22","date_gmt":"2026-02-27T14:57:22","guid":{"rendered":"https:\/\/ecoshop.ee\/maaratlemata\/i-lemmikloomade-kaminapiire-terasest-must\/"},"modified":"2026-05-12T03:22:53","modified_gmt":"2026-05-12T00:22:53","slug":"i-pet-fireplace-guard-steel-black","status":"publish","type":"product","link":"https:\/\/ecoshop.ee\/en\/kaminatarvikud\/i-lemmikloomade-kaminapiire-terasest-must\/","title":{"rendered":"Pet Fire Barrier, Steel Black"},"content":{"rendered":"<p>With a simple yet stylish fireplace guard, you can enjoy the fire without having to worry about your pet&#039;s safety, but you can also use it to create a barrier in front of the grill or oven.<\/p>\n<\/p>\n<p>It has a convenient gate-type door, and its high-quality steel construction makes it safe and durable.<\/p>\n<\/p>\n<p>Please note that the product is intended for pets, not children.<\/p>\n<ul>\n<li>Color: black<\/li>\n<li>Material: steel<\/li>\n<li>Total size: 123 x 123 x 76 cm (L x W x H)<\/li>\n<li>Size of each panel: 60 x 1.3 x 76 cm (L x W x H)<\/li>\n<li>Door size: 54 x 1.3 x 76 cm (L x W x H)<\/li>\n<li>Can be used around fireplaces, grills, wood-burning stoves, etc.<\/li>\n<li>Durable steel construction<\/li>\n<li>Easy to set up<\/li>\n<li>For pets, not children<\/li>\n<\/ul>","protected":false},"excerpt":{"rendered":"<p>Lihtsa, ent stiilse kaminapiirdega saate nautida kaminatuld ilma, et peaksite oma lemmiklooma ohutuse p\u00e4rast muretsema, aga samas saate sellega moodustada ka barj\u00e4\u00e4ri&hellip;<\/p>","protected":false},"featured_media":335016,"comment_status":"open","ping_status":"closed","template":"","meta":{"wprm-recipe-roundup-name":"","wprm-recipe-roundup-description":""},"product_brand":[],"product_cat":[3669],"product_tag":[4038,4264,536,544,540],"class_list":{"0":"post-335022","1":"product","2":"type-product","3":"status-publish","4":"has-post-thumbnail","6":"product_cat-kaminatarvikud","7":"product_tag-kamina-ja-ahjutarvikud","8":"product_tag-kaminavored","9":"product_tag-kodu-ja-aed","10":"product_tag-must","11":"product_tag-parcel","12":"pa_brand-vidaxl","14":"first","15":"instock","16":"taxable","17":"shipping-taxable","18":"purchasable","19":"product-type-simple"},"supplier_id":null,"supplier_sku":"","barcode":null,"atum_controlled":false,"out_stock_date":null,"out_stock_threshold":null,"inheritable":false,"inbound_stock":null,"stock_on_hold":null,"sold_today":null,"sales_last_days":null,"reserved_stock":null,"customer_returns":null,"warehouse_damage":null,"lost_in_post":null,"other_logs":null,"out_stock_days":null,"lost_sales":null,"has_location":null,"update_date":"2026-05-12T00:22:53","atum_locations":[],"atum_stock_status":"instock","restock_status":false,"low_stock_amount":"","sales_update_date":null,"calc_backorders":null,"aioseo_notices":[],"_links":{"self":[{"href":"https:\/\/ecoshop.ee\/en\/wp-json\/wp\/v2\/product\/335022","targetHints":{"allow":["GET"]}}],"collection":[{"href":"https:\/\/ecoshop.ee\/en\/wp-json\/wp\/v2\/product"}],"about":[{"href":"https:\/\/ecoshop.ee\/en\/wp-json\/wp\/v2\/types\/product"}],"replies":[{"embeddable":true,"href":"https:\/\/ecoshop.ee\/en\/wp-json\/wp\/v2\/comments?post=335022"}],"version-history":[{"count":0,"href":"https:\/\/ecoshop.ee\/en\/wp-json\/wp\/v2\/product\/335022\/revisions"}],"wp:featuredmedia":[{"embeddable":true,"href":"https:\/\/ecoshop.ee\/en\/wp-json\/wp\/v2\/media\/335016"}],"wp:attachment":[{"href":"https:\/\/ecoshop.ee\/en\/wp-json\/wp\/v2\/media?parent=335022"}],"wp:term":[{"taxonomy":"product_brand","embeddable":true,"href":"https:\/\/ecoshop.ee\/en\/wp-json\/wp\/v2\/product_brand?post=335022"},{"taxonomy":"product_cat","embeddable":true,"href":"https:\/\/ecoshop.ee\/en\/wp-json\/wp\/v2\/product_cat?post=335022"},{"taxonomy":"product_tag","embeddable":true,"href":"https:\/\/ecoshop.ee\/en\/wp-json\/wp\/v2\/product_tag?post=335022"}],"curies":[{"name":"wp","href":"https:\/\/api.w.org\/{rel}","templated":true}]}}