{"id":335029,"date":"2026-02-27T17:57:31","date_gmt":"2026-02-27T14:57:31","guid":{"rendered":"https:\/\/ecoshop.ee\/maaratlemata\/3-paneeliga-rauast-kaminavore-must\/"},"modified":"2026-05-02T16:36:27","modified_gmt":"2026-05-02T13:36:27","slug":"3-panel-iron-fireplace-mantel-black","status":"publish","type":"product","link":"https:\/\/ecoshop.ee\/en\/kaminatarvikud\/3-paneeliga-rauast-kaminavore-must\/","title":{"rendered":"3 Panel Iron Fireplace Grate, Black"},"content":{"rendered":"<p>The three-panel fireplace grate adds a classic flair to your fireplace with its elegant ornaments.<\/p>\n<\/p>\n<p>Made of high-quality iron, the fireplace grate is reliable and durable. It has a fine mesh backing, catching embers and ashes. The 61 cm high fireplace grate keeps children and pets at a safe distance. Thanks to its wide reach, it not only surrounds the fireplace, but also private corners and cables.<\/p>\n<\/p>\n<p>The three-panel fireplace grate can be folded up when not in use.<\/p>\n<ul>\n<li>Total size: 102 x 61 cm (L x H)<\/li>\n<li>Side panel size: 24 x 61 cm (L x H)<\/li>\n<li>Middle panel size: 52.5 x 61 cm (L x H)<\/li>\n<li>Material: iron<\/li>\n<li>Color: black<\/li>\n<li>Elegant ornaments<\/li>\n<li>Easy to store thanks to the foldable design<\/li>\n<\/ul>","protected":false},"excerpt":{"rendered":"<p>Kolme paneeliga kaminav\u00f5re lisab oma elegantsete ornamentidega teie kaminatulele klassikalist elegantsi. Kvaliteetsest rauast valmistatud kaminav\u00f5re on usaldusv\u00e4\u00e4rne ja vastupidav. Sellel on peen&hellip;<\/p>","protected":false},"featured_media":335024,"comment_status":"open","ping_status":"closed","template":"","meta":{"wprm-recipe-roundup-name":"","wprm-recipe-roundup-description":""},"product_brand":[],"product_cat":[3669],"product_tag":[4038,4264,536,544,540],"class_list":{"0":"post-335029","1":"product","2":"type-product","3":"status-publish","4":"has-post-thumbnail","6":"product_cat-kaminatarvikud","7":"product_tag-kamina-ja-ahjutarvikud","8":"product_tag-kaminavored","9":"product_tag-kodu-ja-aed","10":"product_tag-must","11":"product_tag-parcel","12":"pa_brand-vidaxl","14":"first","15":"instock","16":"taxable","17":"shipping-taxable","18":"purchasable","19":"product-type-simple"},"supplier_id":null,"supplier_sku":"","barcode":null,"atum_controlled":false,"out_stock_date":null,"out_stock_threshold":null,"inheritable":false,"inbound_stock":null,"stock_on_hold":0,"sold_today":0,"sales_last_days":0,"reserved_stock":null,"customer_returns":null,"warehouse_damage":null,"lost_in_post":null,"other_logs":null,"out_stock_days":0,"lost_sales":0,"has_location":null,"update_date":"2026-05-02T13:36:28","atum_locations":[],"atum_stock_status":"instock","restock_status":false,"low_stock_amount":"","sales_update_date":"2026-03-05T01:07:42","calc_backorders":null,"aioseo_notices":[],"_links":{"self":[{"href":"https:\/\/ecoshop.ee\/en\/wp-json\/wp\/v2\/product\/335029","targetHints":{"allow":["GET"]}}],"collection":[{"href":"https:\/\/ecoshop.ee\/en\/wp-json\/wp\/v2\/product"}],"about":[{"href":"https:\/\/ecoshop.ee\/en\/wp-json\/wp\/v2\/types\/product"}],"replies":[{"embeddable":true,"href":"https:\/\/ecoshop.ee\/en\/wp-json\/wp\/v2\/comments?post=335029"}],"version-history":[{"count":0,"href":"https:\/\/ecoshop.ee\/en\/wp-json\/wp\/v2\/product\/335029\/revisions"}],"wp:featuredmedia":[{"embeddable":true,"href":"https:\/\/ecoshop.ee\/en\/wp-json\/wp\/v2\/media\/335024"}],"wp:attachment":[{"href":"https:\/\/ecoshop.ee\/en\/wp-json\/wp\/v2\/media?parent=335029"}],"wp:term":[{"taxonomy":"product_brand","embeddable":true,"href":"https:\/\/ecoshop.ee\/en\/wp-json\/wp\/v2\/product_brand?post=335029"},{"taxonomy":"product_cat","embeddable":true,"href":"https:\/\/ecoshop.ee\/en\/wp-json\/wp\/v2\/product_cat?post=335029"},{"taxonomy":"product_tag","embeddable":true,"href":"https:\/\/ecoshop.ee\/en\/wp-json\/wp\/v2\/product_tag?post=335029"}],"curies":[{"name":"wp","href":"https:\/\/api.w.org\/{rel}","templated":true}]}}