{"id":336003,"date":"2026-02-27T18:37:28","date_gmt":"2026-02-27T15:37:28","guid":{"rendered":"https:\/\/ecoshop.ee\/maaratlemata\/purskkaevu-pump-50-w-2000-l-h\/"},"modified":"2026-05-15T09:24:55","modified_gmt":"2026-05-15T06:24:55","slug":"fountain-pump-50-w-2000-lh","status":"publish","type":"product","link":"https:\/\/ecoshop.ee\/en\/purskkaevud-ja-tiigi-tarvikud\/purskkaevu-pump-50-w-2000-l-h\/","title":{"rendered":"Fountain Pump 50 W 2000 L\/H"},"content":{"rendered":"<p>The pump with a capacity of 2000 liters\/hour is an excellent choice for medium to large ponds, cascades and water systems. With a high-quality pump, you can create unique water games.<\/p>\n<\/p>\n<p>The pond pump is equipped with an energy-saving motor that is high in power and low in energy consumption. The maximum pump head is 2.5 meters. The compact design, low noise level and the 4 interchangeable nozzles included make it the best choice. It is equipped with a flexible 10 m grounded safety electrical cable and plug.<\/p>\n<ul>\n<li>Material: plastic<\/li>\n<li>Voltage: 230V, 50Hz<\/li>\n<li>Rated power: 50 W<\/li>\n<li>Max height: 2.5 m<\/li>\n<li>Max diving depth: 3 m<\/li>\n<li>Max flow rate: 2000 l\/h<\/li>\n<li>Max pressure: 0.3 bar<\/li>\n<li>Cable length: 10 m<\/li>\n<li>Pipe diameter: G1-\u00bd\u201d<\/li>\n<li>4 different interchangeable tips<\/li>\n<\/ul>","protected":false},"excerpt":{"rendered":"<p>Pump v\u00f5imsusega 2000 liitrit\/tunnis on suurep\u00e4rane valik keskmiste v\u00f5i suurte tiikide, kaskaadide ja vees\u00fcsteemide jaoks. Kvaliteetse pumbaga saate luua unikaalsed veem\u00e4ngud. Tiigipump&hellip;<\/p>","protected":false},"featured_media":335998,"comment_status":"open","ping_status":"closed","template":"","meta":{"wprm-recipe-roundup-name":"","wprm-recipe-roundup-description":""},"product_brand":[],"product_cat":[3672],"product_tag":[536,540,4307,4304,1071],"class_list":{"0":"post-336003","1":"product","2":"type-product","3":"status-publish","4":"has-post-thumbnail","6":"product_cat-purskkaevud-ja-tiigi-tarvikud","7":"product_tag-kodu-ja-aed","8":"product_tag-parcel","9":"product_tag-purskkaevu-ja-tiigi-tarvikud","10":"product_tag-purskkaevud-ja-tiigid","11":"product_tag-sisekujundus","12":"pa_brand-vidaxl","14":"first","15":"instock","16":"taxable","17":"shipping-taxable","18":"purchasable","19":"product-type-simple"},"supplier_id":null,"supplier_sku":"","barcode":null,"atum_controlled":false,"out_stock_date":null,"out_stock_threshold":null,"inheritable":false,"inbound_stock":null,"stock_on_hold":null,"sold_today":null,"sales_last_days":null,"reserved_stock":null,"customer_returns":null,"warehouse_damage":null,"lost_in_post":null,"other_logs":null,"out_stock_days":null,"lost_sales":null,"has_location":null,"update_date":"2026-05-15T06:24:56","atum_locations":[],"atum_stock_status":"instock","restock_status":false,"low_stock_amount":"","sales_update_date":null,"calc_backorders":null,"aioseo_notices":[],"_links":{"self":[{"href":"https:\/\/ecoshop.ee\/en\/wp-json\/wp\/v2\/product\/336003","targetHints":{"allow":["GET"]}}],"collection":[{"href":"https:\/\/ecoshop.ee\/en\/wp-json\/wp\/v2\/product"}],"about":[{"href":"https:\/\/ecoshop.ee\/en\/wp-json\/wp\/v2\/types\/product"}],"replies":[{"embeddable":true,"href":"https:\/\/ecoshop.ee\/en\/wp-json\/wp\/v2\/comments?post=336003"}],"version-history":[{"count":0,"href":"https:\/\/ecoshop.ee\/en\/wp-json\/wp\/v2\/product\/336003\/revisions"}],"wp:featuredmedia":[{"embeddable":true,"href":"https:\/\/ecoshop.ee\/en\/wp-json\/wp\/v2\/media\/335998"}],"wp:attachment":[{"href":"https:\/\/ecoshop.ee\/en\/wp-json\/wp\/v2\/media?parent=336003"}],"wp:term":[{"taxonomy":"product_brand","embeddable":true,"href":"https:\/\/ecoshop.ee\/en\/wp-json\/wp\/v2\/product_brand?post=336003"},{"taxonomy":"product_cat","embeddable":true,"href":"https:\/\/ecoshop.ee\/en\/wp-json\/wp\/v2\/product_cat?post=336003"},{"taxonomy":"product_tag","embeddable":true,"href":"https:\/\/ecoshop.ee\/en\/wp-json\/wp\/v2\/product_tag?post=336003"}],"curies":[{"name":"wp","href":"https:\/\/api.w.org\/{rel}","templated":true}]}}