{"id":336025,"date":"2026-02-27T18:37:54","date_gmt":"2026-02-27T15:37:54","guid":{"rendered":"https:\/\/ecoshop.ee\/maaratlemata\/basseini-purskkaev-rgb-led-idega-akruul-51-cm\/"},"modified":"2026-04-25T21:24:38","modified_gmt":"2026-04-25T18:24:38","slug":"pool-fountain-with-rgb-leds-acrylic-51-cm","status":"publish","type":"product","link":"https:\/\/ecoshop.ee\/en\/purskkaevud-ja-tiigi-tarvikud\/basseini-purskkaev-rgb-led-idega-akruul-51-cm\/","title":{"rendered":"Pool Fountain with RGB LED, Acrylic, 51 Cm"},"content":{"rendered":"<p>Enjoy the soothing sound and sight of a pool of water with colorful LED lights!<\/p>\n<\/p>\n<ul>\n<li>Durable material: Made of acrylic material, the pool water jet is durable. The acrylic structure is convenient to use so you don&#039;t have to worry about rust stains.<\/li>\n<li>Multifunctional LED system: RGB LED lights can change in a wide range of colors. Thanks to the included remote control, you can conveniently select different LED lighting speeds, LED color and brightness levels.<\/li>\n<li>Wide range of applications: The water jet fountain can be installed next to a swimming pool or garden pond. It will turn your garden or patio into a place where your ears and eyes can rest.<\/li>\n<\/ul>\n<ul>\n<li>Color: transparent<\/li>\n<li>Material: acrylic<\/li>\n<li>Overall dimensions: 30 x 25 x 51 cm (W x D x H)<\/li>\n<li>Voltage and frequency: 200-240 V, 50\/60 Hz<\/li>\n<li>Power: 8.4W<\/li>\n<li>Connection inner diameter: 32 mm (BSP G 1\u2033 female thread)<\/li>\n<li>With one connection below<\/li>\n<li>With RGB LED lights<\/li>\n<li><strong>The set includes:<\/strong><\/li>\n<li>1 x pool fountain<\/li>\n<li>1 x plug<\/li>\n<li>1 x remote control<\/li>\n<\/ul>","protected":false},"excerpt":{"rendered":"<p>Nautige v\u00e4rviliste LED-tuledega basseini veesilma rahustavat heli ja vaatepilti! Vastupidav materjal: akr\u00fc\u00fclmaterjalist valmistatud basseini veejuga on vastupidav. Akr\u00fc\u00fclkonstruktsioon on kasutamisel mugav, et&hellip;<\/p>","protected":false},"featured_media":336013,"comment_status":"open","ping_status":"closed","template":"","meta":{"wprm-recipe-roundup-name":"","wprm-recipe-roundup-description":""},"product_brand":[],"product_cat":[3672],"product_tag":[536,2407,540,4305,4304,1071],"class_list":{"0":"post-336025","1":"product","2":"type-product","3":"status-publish","4":"has-post-thumbnail","6":"product_cat-purskkaevud-ja-tiigi-tarvikud","7":"product_tag-kodu-ja-aed","8":"product_tag-labipaistev","9":"product_tag-parcel","10":"product_tag-purskkaevud-ja-kosed","11":"product_tag-purskkaevud-ja-tiigid","12":"product_tag-sisekujundus","13":"pa_brand-vidaxl","15":"first","16":"instock","17":"taxable","18":"shipping-taxable","19":"purchasable","20":"product-type-simple"},"supplier_id":null,"supplier_sku":"","barcode":null,"atum_controlled":false,"out_stock_date":null,"out_stock_threshold":null,"inheritable":false,"inbound_stock":null,"stock_on_hold":null,"sold_today":null,"sales_last_days":null,"reserved_stock":null,"customer_returns":null,"warehouse_damage":null,"lost_in_post":null,"other_logs":null,"out_stock_days":null,"lost_sales":null,"has_location":null,"update_date":"2026-04-25T18:24:38","atum_locations":[],"atum_stock_status":"instock","restock_status":false,"low_stock_amount":"","sales_update_date":null,"calc_backorders":null,"aioseo_notices":[],"_links":{"self":[{"href":"https:\/\/ecoshop.ee\/en\/wp-json\/wp\/v2\/product\/336025","targetHints":{"allow":["GET"]}}],"collection":[{"href":"https:\/\/ecoshop.ee\/en\/wp-json\/wp\/v2\/product"}],"about":[{"href":"https:\/\/ecoshop.ee\/en\/wp-json\/wp\/v2\/types\/product"}],"replies":[{"embeddable":true,"href":"https:\/\/ecoshop.ee\/en\/wp-json\/wp\/v2\/comments?post=336025"}],"version-history":[{"count":0,"href":"https:\/\/ecoshop.ee\/en\/wp-json\/wp\/v2\/product\/336025\/revisions"}],"wp:featuredmedia":[{"embeddable":true,"href":"https:\/\/ecoshop.ee\/en\/wp-json\/wp\/v2\/media\/336013"}],"wp:attachment":[{"href":"https:\/\/ecoshop.ee\/en\/wp-json\/wp\/v2\/media?parent=336025"}],"wp:term":[{"taxonomy":"product_brand","embeddable":true,"href":"https:\/\/ecoshop.ee\/en\/wp-json\/wp\/v2\/product_brand?post=336025"},{"taxonomy":"product_cat","embeddable":true,"href":"https:\/\/ecoshop.ee\/en\/wp-json\/wp\/v2\/product_cat?post=336025"},{"taxonomy":"product_tag","embeddable":true,"href":"https:\/\/ecoshop.ee\/en\/wp-json\/wp\/v2\/product_tag?post=336025"}],"curies":[{"name":"wp","href":"https:\/\/api.w.org\/{rel}","templated":true}]}}