{"id":336058,"date":"2026-02-27T18:38:31","date_gmt":"2026-02-27T15:38:31","guid":{"rendered":"https:\/\/ecoshop.ee\/maaratlemata\/poluresiinist-toa-purskkaev-led-tuledega\/"},"modified":"2026-05-12T21:36:41","modified_gmt":"2026-05-12T18:36:41","slug":"polyresin-indoor-fountain-with-led-lights","status":"publish","type":"product","link":"https:\/\/ecoshop.ee\/en\/purskkaevud-ja-tiigi-tarvikud\/poluresiinist-toa-purskkaev-led-tuledega\/","title":{"rendered":"Polyresin Indoor Fountain with Led Lights"},"content":{"rendered":"<p>This indoor fountain with LED lights is a great choice for adding a natural atmosphere to your living space.<\/p>\n<\/p>\n<p>The fountain will enhance the design of any room. The water falls from three steps in a torrent and the LED lights create a great visual effect, especially at night. The fountain is made of polyresin, is UV resistant, retains its color and appearance even in direct sunlight. The flow of water and the invigorating sound create a relaxing atmosphere. The included high-quality pump ensures safe and reliable operation.<\/p>\n<\/p>\n<p>A freestanding fountain can be installed anywhere in your home.<\/p>\n<ul>\n<li>Material: polyresin<\/li>\n<li>Dimensions: 24 x 33.5 x 45.5 cm (L x W x H)<\/li>\n<li>Adapter input power: 230-240 V, 50 Hz, 30 mA<\/li>\n<li>Total LED light consumption: 4 W<\/li>\n<li>Easy to set up<\/li>\n<li>The package includes:<\/li>\n<li>1 adapter<\/li>\n<li>3 LED lights<\/li>\n<li>1 pump<\/li>\n<li>1 fountain<\/li>\n<\/ul>","protected":false},"excerpt":{"rendered":"<p>See LED tuledega siseruumidesse m\u00f5eldud purskkaev on suurep\u00e4rane valik loodusliku atmosf\u00e4\u00e4ri lisamiseks eluruumidesse. Purskkaev t\u00e4iustab iga ruumi kujundust. Vesi langeb kolmelt astmelt&hellip;<\/p>","protected":false},"featured_media":336053,"comment_status":"open","ping_status":"closed","template":"","meta":{"wprm-recipe-roundup-name":"","wprm-recipe-roundup-description":""},"product_brand":[],"product_cat":[3672],"product_tag":[550,536,540,4305,4304,1071],"class_list":{"0":"post-336058","1":"product","2":"type-product","3":"status-publish","4":"has-post-thumbnail","6":"product_cat-purskkaevud-ja-tiigi-tarvikud","7":"product_tag-hall","8":"product_tag-kodu-ja-aed","9":"product_tag-parcel","10":"product_tag-purskkaevud-ja-kosed","11":"product_tag-purskkaevud-ja-tiigid","12":"product_tag-sisekujundus","13":"pa_brand-vidaxl","15":"first","16":"instock","17":"taxable","18":"shipping-taxable","19":"purchasable","20":"product-type-simple"},"supplier_id":null,"supplier_sku":"","barcode":null,"atum_controlled":false,"out_stock_date":null,"out_stock_threshold":null,"inheritable":false,"inbound_stock":null,"stock_on_hold":null,"sold_today":null,"sales_last_days":null,"reserved_stock":null,"customer_returns":null,"warehouse_damage":null,"lost_in_post":null,"other_logs":null,"out_stock_days":null,"lost_sales":null,"has_location":null,"update_date":"2026-05-12T18:36:42","atum_locations":[],"atum_stock_status":"instock","restock_status":false,"low_stock_amount":"","sales_update_date":null,"calc_backorders":null,"aioseo_notices":[],"_links":{"self":[{"href":"https:\/\/ecoshop.ee\/en\/wp-json\/wp\/v2\/product\/336058","targetHints":{"allow":["GET"]}}],"collection":[{"href":"https:\/\/ecoshop.ee\/en\/wp-json\/wp\/v2\/product"}],"about":[{"href":"https:\/\/ecoshop.ee\/en\/wp-json\/wp\/v2\/types\/product"}],"replies":[{"embeddable":true,"href":"https:\/\/ecoshop.ee\/en\/wp-json\/wp\/v2\/comments?post=336058"}],"version-history":[{"count":0,"href":"https:\/\/ecoshop.ee\/en\/wp-json\/wp\/v2\/product\/336058\/revisions"}],"wp:featuredmedia":[{"embeddable":true,"href":"https:\/\/ecoshop.ee\/en\/wp-json\/wp\/v2\/media\/336053"}],"wp:attachment":[{"href":"https:\/\/ecoshop.ee\/en\/wp-json\/wp\/v2\/media?parent=336058"}],"wp:term":[{"taxonomy":"product_brand","embeddable":true,"href":"https:\/\/ecoshop.ee\/en\/wp-json\/wp\/v2\/product_brand?post=336058"},{"taxonomy":"product_cat","embeddable":true,"href":"https:\/\/ecoshop.ee\/en\/wp-json\/wp\/v2\/product_cat?post=336058"},{"taxonomy":"product_tag","embeddable":true,"href":"https:\/\/ecoshop.ee\/en\/wp-json\/wp\/v2\/product_tag?post=336058"}],"curies":[{"name":"wp","href":"https:\/\/api.w.org\/{rel}","templated":true}]}}