{"id":336065,"date":"2026-02-27T18:38:41","date_gmt":"2026-02-27T15:38:41","guid":{"rendered":"https:\/\/ecoshop.ee\/maaratlemata\/toapurskkaev-led-tulega-poluvaik-2\/"},"modified":"2026-05-11T03:28:13","modified_gmt":"2026-05-11T00:28:13","slug":"indoor-fountain-with-led-light-semi-resin-2","status":"publish","type":"product","link":"https:\/\/ecoshop.ee\/en\/purskkaevud-ja-tiigi-tarvikud\/toapurskkaev-led-tulega-poluvaik-2\/","title":{"rendered":"Indoor Fountain with LED Light, Polyresin"},"content":{"rendered":"<p>An indoor fountain with LED lighting is a great choice to add a natural atmosphere to your living space.<\/p>\n<\/p>\n<p>The dripping water fountain fits into any room. It has an LED light, which creates a stunning visual effect, especially at night. The polyresin decoration is UV-resistant, so it retains its color and good appearance even when exposed to direct sunlight. Multiple water jets and the soothing sound of dripping water create a relaxing atmosphere. The included high-quality pump ensures safe and reliable operation.<\/p>\n<\/p>\n<p>A fully self-contained water feature can be placed anywhere in the home.<\/p>\n<ul>\n<li>Material: polyresin<\/li>\n<li>Size: 15.8 x 11.8 x 24 cm (L x W x H)<\/li>\n<li>Adapter power supply: 230-240 V, 50 Hz, 30 mA<\/li>\n<li>LED light power consumption: 2 W<\/li>\n<li>Easy to use<\/li>\n<li><strong>The package includes:<\/strong><\/li>\n<li>1 x adapter<\/li>\n<li>1 x LED light<\/li>\n<li>1 x pump<\/li>\n<li>1 x water eye<\/li>\n<\/ul>","protected":false},"excerpt":{"rendered":"<p>LED-tulega toapurskkaev on suurep\u00e4rane valik, millega oma eluruumile loodusl\u00e4hedast \u00f5hustikku lisada. Tilkuva veega veesilm sobib igasse ruumi. Sellel on LED-tuli, mis loob&hellip;<\/p>","protected":false},"featured_media":336059,"comment_status":"open","ping_status":"closed","template":"","meta":{"wprm-recipe-roundup-name":"","wprm-recipe-roundup-description":""},"product_brand":[],"product_cat":[3672],"product_tag":[550,536,540,4305,4304,1071],"class_list":{"0":"post-336065","1":"product","2":"type-product","3":"status-publish","4":"has-post-thumbnail","6":"product_cat-purskkaevud-ja-tiigi-tarvikud","7":"product_tag-hall","8":"product_tag-kodu-ja-aed","9":"product_tag-parcel","10":"product_tag-purskkaevud-ja-kosed","11":"product_tag-purskkaevud-ja-tiigid","12":"product_tag-sisekujundus","13":"pa_brand-vidaxl","15":"first","16":"instock","17":"taxable","18":"shipping-taxable","19":"purchasable","20":"product-type-simple"},"supplier_id":null,"supplier_sku":"","barcode":null,"atum_controlled":false,"out_stock_date":null,"out_stock_threshold":null,"inheritable":false,"inbound_stock":null,"stock_on_hold":0,"sold_today":0,"sales_last_days":0,"reserved_stock":null,"customer_returns":null,"warehouse_damage":null,"lost_in_post":null,"other_logs":null,"out_stock_days":0,"lost_sales":0,"has_location":null,"update_date":"2026-05-11T00:28:14","atum_locations":[],"atum_stock_status":"instock","restock_status":false,"low_stock_amount":"","sales_update_date":"2026-03-05T01:12:16","calc_backorders":null,"aioseo_notices":[],"_links":{"self":[{"href":"https:\/\/ecoshop.ee\/en\/wp-json\/wp\/v2\/product\/336065","targetHints":{"allow":["GET"]}}],"collection":[{"href":"https:\/\/ecoshop.ee\/en\/wp-json\/wp\/v2\/product"}],"about":[{"href":"https:\/\/ecoshop.ee\/en\/wp-json\/wp\/v2\/types\/product"}],"replies":[{"embeddable":true,"href":"https:\/\/ecoshop.ee\/en\/wp-json\/wp\/v2\/comments?post=336065"}],"version-history":[{"count":0,"href":"https:\/\/ecoshop.ee\/en\/wp-json\/wp\/v2\/product\/336065\/revisions"}],"wp:featuredmedia":[{"embeddable":true,"href":"https:\/\/ecoshop.ee\/en\/wp-json\/wp\/v2\/media\/336059"}],"wp:attachment":[{"href":"https:\/\/ecoshop.ee\/en\/wp-json\/wp\/v2\/media?parent=336065"}],"wp:term":[{"taxonomy":"product_brand","embeddable":true,"href":"https:\/\/ecoshop.ee\/en\/wp-json\/wp\/v2\/product_brand?post=336065"},{"taxonomy":"product_cat","embeddable":true,"href":"https:\/\/ecoshop.ee\/en\/wp-json\/wp\/v2\/product_cat?post=336065"},{"taxonomy":"product_tag","embeddable":true,"href":"https:\/\/ecoshop.ee\/en\/wp-json\/wp\/v2\/product_tag?post=336065"}],"curies":[{"name":"wp","href":"https:\/\/api.w.org\/{rel}","templated":true}]}}