{"id":336689,"date":"2026-02-27T19:16:19","date_gmt":"2026-02-27T16:16:19","guid":{"rendered":"https:\/\/ecoshop.ee\/maaratlemata\/i-purskkaev-tuppa-led-tuledega-poluvaik\/"},"modified":"2026-05-15T09:25:08","modified_gmt":"2026-05-15T06:25:08","slug":"i-fountain-for-the-room-with-led-lights-semi-resin","status":"publish","type":"product","link":"https:\/\/ecoshop.ee\/en\/purskkaevud-ja-tiigi-tarvikud\/i-purskkaev-tuppa-led-tuledega-poluvaik\/","title":{"rendered":"Indoor Fountain with LED Lights, Polyresin"},"content":{"rendered":"<p>A fountain for the living room with LED lights is a great choice if you want to bring a natural atmosphere to your living space.<\/p>\n<\/p>\n<p>The dripping fountain fits into any interior design. It has LED lights, which are especially beautiful at night. The fountain, made of polyresin, is UV-resistant, which means it will look good even in direct sunlight. Several water jets flow and the soothing sound of dripping water creates a relaxing atmosphere. The included high-quality pump ensures reliable operation.<\/p>\n<\/p>\n<p>A completely self-contained water feature that can be installed anywhere.<\/p>\n<div><\/div>\n<ul>\n<li>Material: polyresin<\/li>\n<li>Size: 28.5 x 20.5 x 49.5 cm (L x W x H)<\/li>\n<li>Adapter input power 230-240 V, 50 Hz, 30 mA<\/li>\n<li>Total power consumption of LED lights: 7 W<\/li>\n<li>Easy to use<\/li>\n<li><strong>The supplied set includes:<\/strong><\/li>\n<li>1 x adapter<\/li>\n<li>3 x LED lights<\/li>\n<li>1 x pump<\/li>\n<li>1 x water ornament<\/li>\n<div><\/div>\n<\/ul>","protected":false},"excerpt":{"rendered":"<p>LED-tuledega tuppa m\u00f5eldud pursskaev on suurep\u00e4rane valik, kui soovite oma eluruumi looduslikku \u00f5hustikku tuua. Tilkuv purskkaev sobib iga sisekujundusega. See on LED-tuledega,&hellip;<\/p>","protected":false},"featured_media":336683,"comment_status":"open","ping_status":"closed","template":"","meta":{"wprm-recipe-roundup-name":"","wprm-recipe-roundup-description":""},"product_brand":[],"product_cat":[3672],"product_tag":[536,540,4305,4304,1071,734],"class_list":{"0":"post-336689","1":"product","2":"type-product","3":"status-publish","4":"has-post-thumbnail","6":"product_cat-purskkaevud-ja-tiigi-tarvikud","7":"product_tag-kodu-ja-aed","8":"product_tag-parcel","9":"product_tag-purskkaevud-ja-kosed","10":"product_tag-purskkaevud-ja-tiigid","11":"product_tag-sisekujundus","12":"product_tag-tumehall","13":"pa_brand-vidaxl","15":"first","16":"instock","17":"taxable","18":"shipping-taxable","19":"purchasable","20":"product-type-simple"},"supplier_id":null,"supplier_sku":"","barcode":null,"atum_controlled":false,"out_stock_date":null,"out_stock_threshold":null,"inheritable":false,"inbound_stock":null,"stock_on_hold":null,"sold_today":null,"sales_last_days":null,"reserved_stock":null,"customer_returns":null,"warehouse_damage":null,"lost_in_post":null,"other_logs":null,"out_stock_days":null,"lost_sales":null,"has_location":null,"update_date":"2026-05-15T06:25:09","atum_locations":[],"atum_stock_status":"instock","restock_status":false,"low_stock_amount":"","sales_update_date":null,"calc_backorders":null,"aioseo_notices":[],"_links":{"self":[{"href":"https:\/\/ecoshop.ee\/en\/wp-json\/wp\/v2\/product\/336689","targetHints":{"allow":["GET"]}}],"collection":[{"href":"https:\/\/ecoshop.ee\/en\/wp-json\/wp\/v2\/product"}],"about":[{"href":"https:\/\/ecoshop.ee\/en\/wp-json\/wp\/v2\/types\/product"}],"replies":[{"embeddable":true,"href":"https:\/\/ecoshop.ee\/en\/wp-json\/wp\/v2\/comments?post=336689"}],"version-history":[{"count":0,"href":"https:\/\/ecoshop.ee\/en\/wp-json\/wp\/v2\/product\/336689\/revisions"}],"wp:featuredmedia":[{"embeddable":true,"href":"https:\/\/ecoshop.ee\/en\/wp-json\/wp\/v2\/media\/336683"}],"wp:attachment":[{"href":"https:\/\/ecoshop.ee\/en\/wp-json\/wp\/v2\/media?parent=336689"}],"wp:term":[{"taxonomy":"product_brand","embeddable":true,"href":"https:\/\/ecoshop.ee\/en\/wp-json\/wp\/v2\/product_brand?post=336689"},{"taxonomy":"product_cat","embeddable":true,"href":"https:\/\/ecoshop.ee\/en\/wp-json\/wp\/v2\/product_cat?post=336689"},{"taxonomy":"product_tag","embeddable":true,"href":"https:\/\/ecoshop.ee\/en\/wp-json\/wp\/v2\/product_tag?post=336689"}],"curies":[{"name":"wp","href":"https:\/\/api.w.org\/{rel}","templated":true}]}}