{"id":336703,"date":"2026-02-27T19:16:38","date_gmt":"2026-02-27T16:16:38","guid":{"rendered":"https:\/\/ecoshop.ee\/maaratlemata\/toapurskkaev-led-tulega-poluvaik-4\/"},"modified":"2026-05-15T04:12:11","modified_gmt":"2026-05-15T01:12:11","slug":"indoor-fountain-with-led-light-semi-resin-4","status":"publish","type":"product","link":"https:\/\/ecoshop.ee\/en\/purskkaevud-ja-tiigi-tarvikud\/toapurskkaev-led-tulega-poluvaik-4\/","title":{"rendered":"Indoor Fountain with LED Light, Polyresin"},"content":{"rendered":"<p>An indoor fountain illuminated with LED lights is a great choice to create a peaceful atmosphere in your living space.<\/p>\n<\/p>\n<p>The fountain is made of polyresin. The falling water is illuminated with LED lights, which add to the visual effect, especially in the dark. Multiple water jets and a soothing water ripple create a relaxing and meditative atmosphere. The high-quality pump included in the package ensures safe and reliable operation.<\/p>\n<\/p>\n<p>A fully self-contained water feature can be placed anywhere in the home.<\/p>\n<ul>\n<li>Color: gray and brown<\/li>\n<li>Material: polyresin + plastic base<\/li>\n<li>Dimensions: 13.5 x 13.5 x 18.5 cm (L x W x H)<\/li>\n<li>Adapter input: 230-240 V~, 50 Hz<\/li>\n<li>Adapter output: 12 V~, 300 mA<\/li>\n<li>Pump power: 12 V~, 50 Hz, 2 W<\/li>\n<li>LED power: 3-3.4 V\u2393, 0.06 W, 20 mA<\/li>\n<li>Easy to use<\/li>\n<li><strong>The package includes:<\/strong><\/li>\n<li>1 x adapter<\/li>\n<li>1 x LED light<\/li>\n<li>1 x pump<\/li>\n<li>1 x water eye<\/li>\n<\/ul>","protected":false},"excerpt":{"rendered":"<p>LED-tuledega valgustatud sisepurskkaev on suurep\u00e4rane valik, millega eluruumi rahulikku \u00f5hkkonda luua. Purskkaev on valmistatud pol\u00fcvaigust. Langev vesi on valgustatud LED-tuledega, mis lisavad&hellip;<\/p>","protected":false},"featured_media":336697,"comment_status":"open","ping_status":"closed","template":"","meta":{"wprm-recipe-roundup-name":"","wprm-recipe-roundup-description":""},"product_brand":[],"product_cat":[3672],"product_tag":[550,536,540,4305,4304,1071],"class_list":{"0":"post-336703","1":"product","2":"type-product","3":"status-publish","4":"has-post-thumbnail","6":"product_cat-purskkaevud-ja-tiigi-tarvikud","7":"product_tag-hall","8":"product_tag-kodu-ja-aed","9":"product_tag-parcel","10":"product_tag-purskkaevud-ja-kosed","11":"product_tag-purskkaevud-ja-tiigid","12":"product_tag-sisekujundus","13":"pa_brand-vidaxl","15":"first","16":"instock","17":"taxable","18":"shipping-taxable","19":"purchasable","20":"product-type-simple"},"supplier_id":null,"supplier_sku":"","barcode":null,"atum_controlled":false,"out_stock_date":null,"out_stock_threshold":null,"inheritable":false,"inbound_stock":null,"stock_on_hold":0,"sold_today":0,"sales_last_days":0,"reserved_stock":null,"customer_returns":null,"warehouse_damage":null,"lost_in_post":null,"other_logs":null,"out_stock_days":0,"lost_sales":0,"has_location":null,"update_date":"2026-05-15T01:12:12","atum_locations":[],"atum_stock_status":"instock","restock_status":false,"low_stock_amount":"","sales_update_date":"2026-03-07T01:13:50","calc_backorders":null,"aioseo_notices":[],"_links":{"self":[{"href":"https:\/\/ecoshop.ee\/en\/wp-json\/wp\/v2\/product\/336703","targetHints":{"allow":["GET"]}}],"collection":[{"href":"https:\/\/ecoshop.ee\/en\/wp-json\/wp\/v2\/product"}],"about":[{"href":"https:\/\/ecoshop.ee\/en\/wp-json\/wp\/v2\/types\/product"}],"replies":[{"embeddable":true,"href":"https:\/\/ecoshop.ee\/en\/wp-json\/wp\/v2\/comments?post=336703"}],"version-history":[{"count":0,"href":"https:\/\/ecoshop.ee\/en\/wp-json\/wp\/v2\/product\/336703\/revisions"}],"wp:featuredmedia":[{"embeddable":true,"href":"https:\/\/ecoshop.ee\/en\/wp-json\/wp\/v2\/media\/336697"}],"wp:attachment":[{"href":"https:\/\/ecoshop.ee\/en\/wp-json\/wp\/v2\/media?parent=336703"}],"wp:term":[{"taxonomy":"product_brand","embeddable":true,"href":"https:\/\/ecoshop.ee\/en\/wp-json\/wp\/v2\/product_brand?post=336703"},{"taxonomy":"product_cat","embeddable":true,"href":"https:\/\/ecoshop.ee\/en\/wp-json\/wp\/v2\/product_cat?post=336703"},{"taxonomy":"product_tag","embeddable":true,"href":"https:\/\/ecoshop.ee\/en\/wp-json\/wp\/v2\/product_tag?post=336703"}],"curies":[{"name":"wp","href":"https:\/\/api.w.org\/{rel}","templated":true}]}}