{"id":336767,"date":"2026-02-27T19:18:05","date_gmt":"2026-02-27T16:18:05","guid":{"rendered":"https:\/\/ecoshop.ee\/maaratlemata\/linnumaja-nulupuit-33-x-110-cm\/"},"modified":"2026-05-15T04:12:11","modified_gmt":"2026-05-15T01:12:11","slug":"birdhouse-pine-wood-33-x-110-cm","status":"publish","type":"product","link":"https:\/\/ecoshop.ee\/en\/linnumajad-ja-loomasootjad\/linnumaja-nulupuit-33-x-110-cm\/","title":{"rendered":"Birdhouse Nulu wood, 33 x 110 Cm"},"content":{"rendered":"<p>A high-quality bird feeder with legs is a great gift for bird lovers.<\/p>\n<\/p>\n<p>The bird feeder has open sides so the birds can access the food and you can add food. The birdhouse is made of pine wood and is durable, weatherproof and can be used all year round. The birdhouse has a large platform and a roof on top to keep the food dry. The birdhouse is also very stable thanks to the three support legs.<\/p>\n<ul>\n<li>Material: solid pine wood<\/li>\n<li>Dimensions: 33 x 110 cm (diameter x height)<\/li>\n<li>House height: 30 cm<\/li>\n<li>Weatherproof<\/li>\n<li>Assembly required: yes<\/li>\n<\/ul>","protected":false},"excerpt":{"rendered":"<p>Kvaliteetne jalaga linnus\u00f6\u00f6gimaja on suurep\u00e4rane kingitus linnuarmastajatele. Lindude s\u00f6\u00f6gimaja k\u00fcljed on avatud, et linnud toidule ligi p\u00e4\u00e4seksid ja et saaksite toitu lisada.&hellip;<\/p>","protected":false},"featured_media":336760,"comment_status":"open","ping_status":"closed","template":"","meta":{"wprm-recipe-roundup-name":"","wprm-recipe-roundup-description":""},"product_brand":[],"product_cat":[2566],"product_tag":[536,4455,4456,554,540,1071],"class_list":{"0":"post-336767","1":"product","2":"type-product","3":"status-publish","4":"has-post-thumbnail","6":"product_cat-linnumajad-ja-loomasootjad","7":"product_tag-kodu-ja-aed","8":"product_tag-lindude-ja-metsloomade-sooturid","9":"product_tag-linnusooturid","10":"product_tag-ouemoobli-komplektid","11":"product_tag-parcel","12":"product_tag-sisekujundus","13":"pa_brand-vidaxl","15":"first","16":"instock","17":"taxable","18":"shipping-taxable","19":"purchasable","20":"product-type-simple"},"supplier_id":null,"supplier_sku":"","barcode":null,"atum_controlled":false,"out_stock_date":null,"out_stock_threshold":null,"inheritable":false,"inbound_stock":null,"stock_on_hold":null,"sold_today":null,"sales_last_days":null,"reserved_stock":null,"customer_returns":null,"warehouse_damage":null,"lost_in_post":null,"other_logs":null,"out_stock_days":null,"lost_sales":null,"has_location":null,"update_date":"2026-05-15T01:12:12","atum_locations":[],"atum_stock_status":"instock","restock_status":false,"low_stock_amount":"","sales_update_date":null,"calc_backorders":null,"aioseo_notices":[],"_links":{"self":[{"href":"https:\/\/ecoshop.ee\/en\/wp-json\/wp\/v2\/product\/336767","targetHints":{"allow":["GET"]}}],"collection":[{"href":"https:\/\/ecoshop.ee\/en\/wp-json\/wp\/v2\/product"}],"about":[{"href":"https:\/\/ecoshop.ee\/en\/wp-json\/wp\/v2\/types\/product"}],"replies":[{"embeddable":true,"href":"https:\/\/ecoshop.ee\/en\/wp-json\/wp\/v2\/comments?post=336767"}],"version-history":[{"count":0,"href":"https:\/\/ecoshop.ee\/en\/wp-json\/wp\/v2\/product\/336767\/revisions"}],"wp:featuredmedia":[{"embeddable":true,"href":"https:\/\/ecoshop.ee\/en\/wp-json\/wp\/v2\/media\/336760"}],"wp:attachment":[{"href":"https:\/\/ecoshop.ee\/en\/wp-json\/wp\/v2\/media?parent=336767"}],"wp:term":[{"taxonomy":"product_brand","embeddable":true,"href":"https:\/\/ecoshop.ee\/en\/wp-json\/wp\/v2\/product_brand?post=336767"},{"taxonomy":"product_cat","embeddable":true,"href":"https:\/\/ecoshop.ee\/en\/wp-json\/wp\/v2\/product_cat?post=336767"},{"taxonomy":"product_tag","embeddable":true,"href":"https:\/\/ecoshop.ee\/en\/wp-json\/wp\/v2\/product_tag?post=336767"}],"curies":[{"name":"wp","href":"https:\/\/api.w.org\/{rel}","templated":true}]}}