{"id":336789,"date":"2026-02-27T19:18:31","date_gmt":"2026-02-27T16:18:31","guid":{"rendered":"https:\/\/ecoshop.ee\/maaratlemata\/lindude-pesakastid-4-tk-24x16x30-cm-nulupuit\/"},"modified":"2026-05-15T04:12:14","modified_gmt":"2026-05-15T01:12:14","slug":"bird-nesting-boxes-4-pcs-24x16x30-cm-pine-wood","status":"publish","type":"product","link":"https:\/\/ecoshop.ee\/en\/linnumajad-ja-loomasootjad\/lindude-pesakastid-4-tk-24x16x30-cm-nulupuit\/","title":{"rendered":"Bird Nesting Boxes, 4 Pieces, 24 x 16 x 30 Cm, Pine Wood"},"content":{"rendered":"<p>Wooden nesting boxes provide shelter for your feathered friends in the garden and on the patio. They also have a small opening to protect the small birds from predators.<\/p>\n<\/p>\n<p>The birdhouse is handmade from sturdy pine wood, making it durable and suitable for outdoor use. The birdhouse has a green roof and a diamond-shaped body made of natural wood. It is both a perfect ornament and a birdhouse. The wooden birdhouse can be easily hung in your garden thanks to the pre-drilled holes at the top.<\/p>\n<\/p>\n<p>Watch baby birds grow up in your garden!<\/p>\n<ul>\n<li>Material: fir wood<\/li>\n<li>Dimensions: 24 x 16 x 30 cm (W x D x H)<\/li>\n<li>Assembly required: no<\/li>\n<li><strong>The set includes:<\/strong><\/li>\n<li>4 x nest boxes<\/li>\n<\/ul>","protected":false},"excerpt":{"rendered":"<p>Puidust pesakastid pakuvad aias ja terrassil teie sulistele s\u00f5pradele varjualust. Lisaks on neis v\u00e4ike ava, et v\u00e4ikseid linde kiskjate eest kaitsta. Lindude&hellip;<\/p>","protected":false},"featured_media":336782,"comment_status":"open","ping_status":"closed","template":"","meta":{"wprm-recipe-roundup-name":"","wprm-recipe-roundup-description":""},"product_brand":[],"product_cat":[2566],"product_tag":[596,536,4452,4453,540,1071],"class_list":{"0":"post-336789","1":"product","2":"type-product","3":"status-publish","4":"has-post-thumbnail","6":"product_cat-linnumajad-ja-loomasootjad","7":"product_tag-beez","8":"product_tag-kodu-ja-aed","9":"product_tag-linnu-ja-loomamajad","10":"product_tag-linnumajad","11":"product_tag-parcel","12":"product_tag-sisekujundus","13":"pa_brand-vidaxl","15":"first","16":"instock","17":"taxable","18":"shipping-taxable","19":"purchasable","20":"product-type-simple"},"supplier_id":null,"supplier_sku":"","barcode":null,"atum_controlled":false,"out_stock_date":null,"out_stock_threshold":null,"inheritable":false,"inbound_stock":null,"stock_on_hold":0,"sold_today":0,"sales_last_days":0,"reserved_stock":null,"customer_returns":null,"warehouse_damage":null,"lost_in_post":null,"other_logs":null,"out_stock_days":0,"lost_sales":0,"has_location":null,"update_date":"2026-05-13T12:22:08","atum_locations":[],"atum_stock_status":"instock","restock_status":false,"low_stock_amount":"","sales_update_date":"2026-03-05T01:12:16","calc_backorders":null,"aioseo_notices":[],"_links":{"self":[{"href":"https:\/\/ecoshop.ee\/en\/wp-json\/wp\/v2\/product\/336789","targetHints":{"allow":["GET"]}}],"collection":[{"href":"https:\/\/ecoshop.ee\/en\/wp-json\/wp\/v2\/product"}],"about":[{"href":"https:\/\/ecoshop.ee\/en\/wp-json\/wp\/v2\/types\/product"}],"replies":[{"embeddable":true,"href":"https:\/\/ecoshop.ee\/en\/wp-json\/wp\/v2\/comments?post=336789"}],"version-history":[{"count":0,"href":"https:\/\/ecoshop.ee\/en\/wp-json\/wp\/v2\/product\/336789\/revisions"}],"wp:featuredmedia":[{"embeddable":true,"href":"https:\/\/ecoshop.ee\/en\/wp-json\/wp\/v2\/media\/336782"}],"wp:attachment":[{"href":"https:\/\/ecoshop.ee\/en\/wp-json\/wp\/v2\/media?parent=336789"}],"wp:term":[{"taxonomy":"product_brand","embeddable":true,"href":"https:\/\/ecoshop.ee\/en\/wp-json\/wp\/v2\/product_brand?post=336789"},{"taxonomy":"product_cat","embeddable":true,"href":"https:\/\/ecoshop.ee\/en\/wp-json\/wp\/v2\/product_cat?post=336789"},{"taxonomy":"product_tag","embeddable":true,"href":"https:\/\/ecoshop.ee\/en\/wp-json\/wp\/v2\/product_tag?post=336789"}],"curies":[{"name":"wp","href":"https:\/\/api.w.org\/{rel}","templated":true}]}}