{"id":336835,"date":"2026-02-27T19:19:26","date_gmt":"2026-02-27T16:19:26","guid":{"rendered":"https:\/\/ecoshop.ee\/maaratlemata\/linnumaja-kaheksanurk-nulupuit-33-x-30-cm\/"},"modified":"2026-05-15T04:12:14","modified_gmt":"2026-05-15T01:12:14","slug":"birdhouse-octagonal-pine-wood-33-x-30-cm","status":"publish","type":"product","link":"https:\/\/ecoshop.ee\/en\/linnumajad-ja-loomasootjad\/linnumaja-kaheksanurk-nulupuit-33-x-30-cm\/","title":{"rendered":"Birdhouse, Octagonal, Pinewood, 33 x 30 Cm"},"content":{"rendered":"<p>Every bird lover loves watching cute birds happily eat. Treat your neighborhood birds to a meal with our charming hanging bird feeder!<\/p>\n<\/p>\n<p>Made of sturdy pine wood, this bird feeder is durable, weatherproof and can be used all year round. It has a large feeding platform and a protective roof cover to keep food dry. Simply add food and your lovely birds will happily visit it every day for treats or to rest!<\/p>\n<ul>\n<li>Material: solid pine wood<\/li>\n<li>Dimensions: 33 x 30 cm (diameter x H)<\/li>\n<li>Shape: Octagon<\/li>\n<li>Weatherproof<\/li>\n<li>Assembly required: yes<\/li>\n<\/ul>","protected":false},"excerpt":{"rendered":"<p>Igale linnus\u00f5brale meeldib vaadata, kuidas armsad linnud r\u00f5\u00f5msalt s\u00f6\u00f6vad. Hellitage oma naabruses asuvaid linde s\u00f6\u00f6giga meie v\u00f5luva rippuva linnus\u00f6\u00f6gimajaga! Toekast nulupuidust valmistatud&hellip;<\/p>","protected":false},"featured_media":336829,"comment_status":"open","ping_status":"closed","template":"","meta":{"wprm-recipe-roundup-name":"","wprm-recipe-roundup-description":""},"product_brand":[],"product_cat":[2566],"product_tag":[536,4455,4456,554,540,1071],"class_list":{"0":"post-336835","1":"product","2":"type-product","3":"status-publish","4":"has-post-thumbnail","6":"product_cat-linnumajad-ja-loomasootjad","7":"product_tag-kodu-ja-aed","8":"product_tag-lindude-ja-metsloomade-sooturid","9":"product_tag-linnusooturid","10":"product_tag-ouemoobli-komplektid","11":"product_tag-parcel","12":"product_tag-sisekujundus","13":"pa_brand-vidaxl","15":"first","16":"instock","17":"taxable","18":"shipping-taxable","19":"purchasable","20":"product-type-simple"},"supplier_id":null,"supplier_sku":"","barcode":null,"atum_controlled":false,"out_stock_date":null,"out_stock_threshold":null,"inheritable":false,"inbound_stock":null,"stock_on_hold":null,"sold_today":null,"sales_last_days":null,"reserved_stock":null,"customer_returns":null,"warehouse_damage":null,"lost_in_post":null,"other_logs":null,"out_stock_days":null,"lost_sales":null,"has_location":null,"update_date":"2026-05-13T06:26:01","atum_locations":[],"atum_stock_status":"instock","restock_status":false,"low_stock_amount":"","sales_update_date":null,"calc_backorders":null,"aioseo_notices":[],"_links":{"self":[{"href":"https:\/\/ecoshop.ee\/en\/wp-json\/wp\/v2\/product\/336835","targetHints":{"allow":["GET"]}}],"collection":[{"href":"https:\/\/ecoshop.ee\/en\/wp-json\/wp\/v2\/product"}],"about":[{"href":"https:\/\/ecoshop.ee\/en\/wp-json\/wp\/v2\/types\/product"}],"replies":[{"embeddable":true,"href":"https:\/\/ecoshop.ee\/en\/wp-json\/wp\/v2\/comments?post=336835"}],"version-history":[{"count":0,"href":"https:\/\/ecoshop.ee\/en\/wp-json\/wp\/v2\/product\/336835\/revisions"}],"wp:featuredmedia":[{"embeddable":true,"href":"https:\/\/ecoshop.ee\/en\/wp-json\/wp\/v2\/media\/336829"}],"wp:attachment":[{"href":"https:\/\/ecoshop.ee\/en\/wp-json\/wp\/v2\/media?parent=336835"}],"wp:term":[{"taxonomy":"product_brand","embeddable":true,"href":"https:\/\/ecoshop.ee\/en\/wp-json\/wp\/v2\/product_brand?post=336835"},{"taxonomy":"product_cat","embeddable":true,"href":"https:\/\/ecoshop.ee\/en\/wp-json\/wp\/v2\/product_cat?post=336835"},{"taxonomy":"product_tag","embeddable":true,"href":"https:\/\/ecoshop.ee\/en\/wp-json\/wp\/v2\/product_tag?post=336835"}],"curies":[{"name":"wp","href":"https:\/\/api.w.org\/{rel}","templated":true}]}}