{"id":336843,"date":"2026-02-27T19:19:35","date_gmt":"2026-02-27T16:19:35","guid":{"rendered":"https:\/\/ecoshop.ee\/maaratlemata\/linnumaja-nulupuit-35-x-295-x-21-cm\/"},"modified":"2026-05-13T09:26:01","modified_gmt":"2026-05-13T06:26:01","slug":"birdhouse-pine-wood-35-x-295-x-21-cm","status":"publish","type":"product","link":"https:\/\/ecoshop.ee\/en\/linnumajad-ja-loomasootjad\/linnumaja-nulupuit-35-x-295-x-21-cm\/","title":{"rendered":"Birdhouse Nulu wood, 35 x 29.5 x 21 Cm"},"content":{"rendered":"<p>Every bird lover loves to watch cute birds happily eating. Treat your neighborhood birds with a hanging birdhouse!<\/p>\n<\/p>\n<p>Made of solid pine wood, this birdhouse is durable and weatherproof and can be used all year round. It has a large feeding platform and a protective roof edge that keeps food dry. Add food and your lovely birds will visit it every day to eat or rest! The house is easy to hang on a wall, tree, etc.<\/p>\n<ul>\n<li>Material: strong fir wood<\/li>\n<li>Dimensions: 35 x 29.5 x 21 cm (L x W x H)<\/li>\n<li>Suitable for hanging on a wall, tree, etc.<\/li>\n<li>With a large roof edge<\/li>\n<li>Large feeding platform<\/li>\n<li>Weatherproof<\/li>\n<li>Assembly required: yes<\/li>\n<\/ul>","protected":false},"excerpt":{"rendered":"<p>Igal linnus\u00f5bral on hea meel vaadata, kuidas armsad linnud r\u00f5\u00f5msalt s\u00f6\u00f6vad. Kostitage naabruses elavaid linde rippuva linnumajaga! Tugevast nulupuidust valmistatud linnumaja on&hellip;<\/p>","protected":false},"featured_media":336837,"comment_status":"open","ping_status":"closed","template":"","meta":{"wprm-recipe-roundup-name":"","wprm-recipe-roundup-description":""},"product_brand":[],"product_cat":[2566],"product_tag":[536,4455,4456,554,540,1071],"class_list":{"0":"post-336843","1":"product","2":"type-product","3":"status-publish","4":"has-post-thumbnail","6":"product_cat-linnumajad-ja-loomasootjad","7":"product_tag-kodu-ja-aed","8":"product_tag-lindude-ja-metsloomade-sooturid","9":"product_tag-linnusooturid","10":"product_tag-ouemoobli-komplektid","11":"product_tag-parcel","12":"product_tag-sisekujundus","13":"pa_brand-vidaxl","15":"first","16":"instock","17":"taxable","18":"shipping-taxable","19":"purchasable","20":"product-type-simple"},"supplier_id":null,"supplier_sku":"","barcode":null,"atum_controlled":false,"out_stock_date":null,"out_stock_threshold":null,"inheritable":false,"inbound_stock":null,"stock_on_hold":null,"sold_today":null,"sales_last_days":null,"reserved_stock":null,"customer_returns":null,"warehouse_damage":null,"lost_in_post":null,"other_logs":null,"out_stock_days":null,"lost_sales":null,"has_location":null,"update_date":"2026-05-13T06:26:01","atum_locations":[],"atum_stock_status":"instock","restock_status":false,"low_stock_amount":"","sales_update_date":null,"calc_backorders":null,"aioseo_notices":[],"_links":{"self":[{"href":"https:\/\/ecoshop.ee\/en\/wp-json\/wp\/v2\/product\/336843","targetHints":{"allow":["GET"]}}],"collection":[{"href":"https:\/\/ecoshop.ee\/en\/wp-json\/wp\/v2\/product"}],"about":[{"href":"https:\/\/ecoshop.ee\/en\/wp-json\/wp\/v2\/types\/product"}],"replies":[{"embeddable":true,"href":"https:\/\/ecoshop.ee\/en\/wp-json\/wp\/v2\/comments?post=336843"}],"version-history":[{"count":0,"href":"https:\/\/ecoshop.ee\/en\/wp-json\/wp\/v2\/product\/336843\/revisions"}],"wp:featuredmedia":[{"embeddable":true,"href":"https:\/\/ecoshop.ee\/en\/wp-json\/wp\/v2\/media\/336837"}],"wp:attachment":[{"href":"https:\/\/ecoshop.ee\/en\/wp-json\/wp\/v2\/media?parent=336843"}],"wp:term":[{"taxonomy":"product_brand","embeddable":true,"href":"https:\/\/ecoshop.ee\/en\/wp-json\/wp\/v2\/product_brand?post=336843"},{"taxonomy":"product_cat","embeddable":true,"href":"https:\/\/ecoshop.ee\/en\/wp-json\/wp\/v2\/product_cat?post=336843"},{"taxonomy":"product_tag","embeddable":true,"href":"https:\/\/ecoshop.ee\/en\/wp-json\/wp\/v2\/product_tag?post=336843"}],"curies":[{"name":"wp","href":"https:\/\/api.w.org\/{rel}","templated":true}]}}