{"id":336855,"date":"2026-02-27T19:19:46","date_gmt":"2026-02-27T16:19:46","guid":{"rendered":"https:\/\/ecoshop.ee\/maaratlemata\/linnumajad-4-tk-nulupuit\/"},"modified":"2026-04-08T16:28:15","modified_gmt":"2026-04-08T13:28:15","slug":"birdhouses-4-pcs-pine-wood","status":"publish","type":"product","link":"https:\/\/ecoshop.ee\/en\/linnumajad-ja-loomasootjad\/linnumajad-4-tk-nulupuit\/","title":{"rendered":"Birdhouses 4 pcs, Pine wood"},"content":{"rendered":"<p>Birds can rest and eat in your garden on a birdhouse with a wooden base.<\/p>\n<\/p>\n<p>Made of pine wood, the birdhouse is stable and durable enough to withstand all weather conditions. The PVC sheet protects the food from dirt and moisture. The roof is connected with a string and can be removed so you can easily fill the birdhouse. The garden birdhouse is portable and can be moved around.<\/p>\n<\/p>\n<p>A birdhouse will decorate your garden and attract birds.<\/p>\n<ul>\n<li>Material: pine wood, PVC<\/li>\n<li>Size: 19 x 19 x 25 cm (W x D x H)<\/li>\n<li>Assembly required: no<\/li>\n<li><strong>The set includes:<\/strong><\/li>\n<li>4 x birdhouse<\/li>\n<\/ul>","protected":false},"excerpt":{"rendered":"<p>Linnud saavad puidust alusega linnus\u00f6\u00f6gimajal teie aias puhata ja s\u00fc\u00fca. Nulupuidust valmistatud linnumaja on stabiilne ja piisavalt vastupidav, et taluda k\u00f5iki ilmastikutingimusi.&hellip;<\/p>","protected":false},"featured_media":336845,"comment_status":"open","ping_status":"closed","template":"","meta":{"wprm-recipe-roundup-name":"","wprm-recipe-roundup-description":""},"product_brand":[],"product_cat":[2566],"product_tag":[596,536,4455,4456,540,1071],"class_list":{"0":"post-336855","1":"product","2":"type-product","3":"status-publish","4":"has-post-thumbnail","6":"product_cat-linnumajad-ja-loomasootjad","7":"product_tag-beez","8":"product_tag-kodu-ja-aed","9":"product_tag-lindude-ja-metsloomade-sooturid","10":"product_tag-linnusooturid","11":"product_tag-parcel","12":"product_tag-sisekujundus","13":"pa_brand-vidaxl","15":"first","16":"instock","17":"taxable","18":"shipping-taxable","19":"purchasable","20":"product-type-simple"},"supplier_id":null,"supplier_sku":"","barcode":null,"atum_controlled":false,"out_stock_date":null,"out_stock_threshold":null,"inheritable":false,"inbound_stock":null,"stock_on_hold":0,"sold_today":0,"sales_last_days":0,"reserved_stock":null,"customer_returns":null,"warehouse_damage":null,"lost_in_post":null,"other_logs":null,"out_stock_days":0,"lost_sales":0,"has_location":null,"update_date":"2026-04-08T13:28:15","atum_locations":[],"atum_stock_status":"instock","restock_status":false,"low_stock_amount":"","sales_update_date":"2026-03-05T01:08:00","calc_backorders":null,"aioseo_notices":[],"_links":{"self":[{"href":"https:\/\/ecoshop.ee\/en\/wp-json\/wp\/v2\/product\/336855","targetHints":{"allow":["GET"]}}],"collection":[{"href":"https:\/\/ecoshop.ee\/en\/wp-json\/wp\/v2\/product"}],"about":[{"href":"https:\/\/ecoshop.ee\/en\/wp-json\/wp\/v2\/types\/product"}],"replies":[{"embeddable":true,"href":"https:\/\/ecoshop.ee\/en\/wp-json\/wp\/v2\/comments?post=336855"}],"version-history":[{"count":0,"href":"https:\/\/ecoshop.ee\/en\/wp-json\/wp\/v2\/product\/336855\/revisions"}],"wp:featuredmedia":[{"embeddable":true,"href":"https:\/\/ecoshop.ee\/en\/wp-json\/wp\/v2\/media\/336845"}],"wp:attachment":[{"href":"https:\/\/ecoshop.ee\/en\/wp-json\/wp\/v2\/media?parent=336855"}],"wp:term":[{"taxonomy":"product_brand","embeddable":true,"href":"https:\/\/ecoshop.ee\/en\/wp-json\/wp\/v2\/product_brand?post=336855"},{"taxonomy":"product_cat","embeddable":true,"href":"https:\/\/ecoshop.ee\/en\/wp-json\/wp\/v2\/product_cat?post=336855"},{"taxonomy":"product_tag","embeddable":true,"href":"https:\/\/ecoshop.ee\/en\/wp-json\/wp\/v2\/product_tag?post=336855"}],"curies":[{"name":"wp","href":"https:\/\/api.w.org\/{rel}","templated":true}]}}