{"id":336865,"date":"2026-02-27T19:19:56","date_gmt":"2026-02-27T16:19:56","guid":{"rendered":"https:\/\/ecoshop.ee\/maaratlemata\/aknale-kinnituvad-linnusoogimajad-2-tk-akruul-30-x-12-x-15-cm\/"},"modified":"2026-05-09T21:28:30","modified_gmt":"2026-05-09T18:28:30","slug":"window-birdhouses-2-pcs-acrylic-30-x-12-x-15-cm","status":"publish","type":"product","link":"https:\/\/ecoshop.ee\/en\/linnumajad-ja-loomasootjad\/aknale-kinnituvad-linnusoogimajad-2-tk-akruul-30-x-12-x-15-cm\/","title":{"rendered":"Window Birdhouses 2 Pieces, Acrylic, 30 x 12 x 15 Cm"},"content":{"rendered":"<p>By feeding your feathered friends in this window-mounted bird feeder, you can bring nature closer to your home.<\/p>\n<\/p>\n<p>The bird feeders are made of high-quality clear acrylic material, making them durable and maintaining their transparency over time. They have suction cups that increase stability and prevent unwanted rubbing against the window. Simply attach the bird feeder to the window and enjoy bird watching indoors. Experience nature like never before!<\/p>\n<ul>\n<li>Color: transparent<\/li>\n<li>Material: acrylic, PVC<\/li>\n<li>Dimensions (folded): 30 x 14.5 x 5 cm (W x D x H)<\/li>\n<li>Dimensions (open): 30 x 12 x 15 cm (W x D x H)<\/li>\n<li>Foldable<\/li>\n<li>With suction cups<\/li>\n<li>Assembly required: yes<\/li>\n<li><strong>The set includes:<\/strong><\/li>\n<li>2 x window bird feeders<\/li>\n<\/ul>","protected":false},"excerpt":{"rendered":"<p>Toites sulelisi s\u00f5pru selles aknale kinnituvas linnus\u00f6\u00f6gimajas, saate looduse oma kodule l\u00e4hemale tuua. Lindude s\u00f6\u00f6tmismajad on valmistatud kvaliteetsest l\u00e4bipaistvast akr\u00fc\u00fclmaterjalist, muutes need&hellip;<\/p>","protected":false},"featured_media":336856,"comment_status":"open","ping_status":"closed","template":"","meta":{"wprm-recipe-roundup-name":"","wprm-recipe-roundup-description":""},"product_brand":[],"product_cat":[2566],"product_tag":[536,2407,4455,4456,540,1071],"class_list":{"0":"post-336865","1":"product","2":"type-product","3":"status-publish","4":"has-post-thumbnail","6":"product_cat-linnumajad-ja-loomasootjad","7":"product_tag-kodu-ja-aed","8":"product_tag-labipaistev","9":"product_tag-lindude-ja-metsloomade-sooturid","10":"product_tag-linnusooturid","11":"product_tag-parcel","12":"product_tag-sisekujundus","13":"pa_brand-vidaxl","15":"first","16":"instock","17":"taxable","18":"shipping-taxable","19":"purchasable","20":"product-type-simple"},"supplier_id":null,"supplier_sku":"","barcode":null,"atum_controlled":false,"out_stock_date":null,"out_stock_threshold":null,"inheritable":false,"inbound_stock":null,"stock_on_hold":0,"sold_today":0,"sales_last_days":0,"reserved_stock":null,"customer_returns":null,"warehouse_damage":null,"lost_in_post":null,"other_logs":null,"out_stock_days":0,"lost_sales":0,"has_location":null,"update_date":"2026-05-09T18:28:31","atum_locations":[],"atum_stock_status":"instock","restock_status":false,"low_stock_amount":"","sales_update_date":"2026-03-05T01:08:00","calc_backorders":null,"aioseo_notices":[],"_links":{"self":[{"href":"https:\/\/ecoshop.ee\/en\/wp-json\/wp\/v2\/product\/336865","targetHints":{"allow":["GET"]}}],"collection":[{"href":"https:\/\/ecoshop.ee\/en\/wp-json\/wp\/v2\/product"}],"about":[{"href":"https:\/\/ecoshop.ee\/en\/wp-json\/wp\/v2\/types\/product"}],"replies":[{"embeddable":true,"href":"https:\/\/ecoshop.ee\/en\/wp-json\/wp\/v2\/comments?post=336865"}],"version-history":[{"count":0,"href":"https:\/\/ecoshop.ee\/en\/wp-json\/wp\/v2\/product\/336865\/revisions"}],"wp:featuredmedia":[{"embeddable":true,"href":"https:\/\/ecoshop.ee\/en\/wp-json\/wp\/v2\/media\/336856"}],"wp:attachment":[{"href":"https:\/\/ecoshop.ee\/en\/wp-json\/wp\/v2\/media?parent=336865"}],"wp:term":[{"taxonomy":"product_brand","embeddable":true,"href":"https:\/\/ecoshop.ee\/en\/wp-json\/wp\/v2\/product_brand?post=336865"},{"taxonomy":"product_cat","embeddable":true,"href":"https:\/\/ecoshop.ee\/en\/wp-json\/wp\/v2\/product_cat?post=336865"},{"taxonomy":"product_tag","embeddable":true,"href":"https:\/\/ecoshop.ee\/en\/wp-json\/wp\/v2\/product_tag?post=336865"}],"curies":[{"name":"wp","href":"https:\/\/api.w.org\/{rel}","templated":true}]}}