{"id":338567,"date":"2026-02-27T20:46:51","date_gmt":"2026-02-27T17:46:51","guid":{"rendered":"https:\/\/ecoshop.ee\/maaratlemata\/esikukapp-otta-75x40x75-cm-mannipuit\/"},"modified":"2026-05-12T22:44:41","modified_gmt":"2026-05-12T19:44:41","slug":"hall-cabinet-otta-75x40x75-cm-manni-wood","status":"publish","type":"product","link":"https:\/\/ecoshop.ee\/en\/kummutid\/esikukapp-otta-75x40x75-cm-mannipuit\/","title":{"rendered":"Hallway cabinet &quot;Otta&quot;, 75 x 40 x 75 Cm, Pine wood"},"content":{"rendered":"<p>The classic hallway cabinet is designed to save space, offering large storage space but taking up little floor space.<\/p>\n<\/p>\n<ul>\n<li>Strong and stable material: Pine wood is known for its strength and durability. The straight grain and characteristic knots give it a rustic charm.<\/li>\n<li>Spacious storage space: This hallway cabinet has enough space to store clothes, books, shoes or personal belongings. So it is ideal for keeping your hallway, entryway or other living spaces tidy and clutter-free.<\/li>\n<li>Practical doors: Two doors help keep the space clean and tidy by keeping items out of sight.<\/li>\n<li>Easy to maintain: Thanks to its smooth surface, the hallway storage unit is easy to clean with a damp cloth and requires less maintenance.<\/li>\n<\/ul>\n<p>Warning.<\/p>\n<ul>\n<li>To prevent falling over, the product must be used with the wall bracket supplied.<\/li>\n<\/ul>\n<ul>\n<li>Material: pine wood with a honey-colored wax finish, artificial wood<\/li>\n<li>Dimensions: 75 x 40 x 75 cm (W x D x H)<\/li>\n<li>Door size (each): 34 x 51 cm (W x H)<\/li>\n<li>Leg length: 20 cm<\/li>\n<li>Range name: OTTA<\/li>\n<li>Assembly required: yes<\/li>\n<li>Legal Documents:\n<p><span>For more information on how to prevent furniture falling over, see. <span style=\"text-decoration: underline\"><strong><a title=\"https:\/\/bit.ly\/3hTNl1i\" href=\"https:\/\/bit.ly\/3hTNl1i\" target=\"_blank\">from here<\/a><\/strong><\/span><\/span><\/p>\n<\/li>\n<\/ul>","protected":false},"excerpt":{"rendered":"<p>Klassikaline esikukapp on m\u00f5eldud ruumi kokkuhoidmiseks, pakkudes suurt panipaika kuid v\u00f5ttes v\u00e4he p\u00f5randapinda. Tugev ja stabiilne materjal: m\u00e4nnipuit on tuntud oma tugevuse&hellip;<\/p>","protected":false},"featured_media":338557,"comment_status":"open","ping_status":"closed","template":"","meta":{"wprm-recipe-roundup-name":"","wprm-recipe-roundup-description":""},"product_brand":[],"product_cat":[800],"product_tag":[761,567,547,554,540],"class_list":{"0":"post-338567","1":"product","2":"type-product","3":"status-publish","4":"has-post-thumbnail","6":"product_cat-kummutid","7":"product_tag-hoiukapid-ja-laekad","8":"product_tag-kapid-ja-hoiustamine","9":"product_tag-moobel","10":"product_tag-ouemoobli-komplektid","11":"product_tag-parcel","12":"pa_brand-vidaxl","14":"first","15":"instock","16":"taxable","17":"shipping-taxable","18":"purchasable","19":"product-type-simple"},"supplier_id":null,"supplier_sku":"","barcode":null,"atum_controlled":false,"out_stock_date":null,"out_stock_threshold":null,"inheritable":false,"inbound_stock":null,"stock_on_hold":null,"sold_today":null,"sales_last_days":null,"reserved_stock":null,"customer_returns":null,"warehouse_damage":null,"lost_in_post":null,"other_logs":null,"out_stock_days":null,"lost_sales":null,"has_location":null,"update_date":"2026-05-12T19:44:42","atum_locations":[],"atum_stock_status":"instock","restock_status":false,"low_stock_amount":"","sales_update_date":null,"calc_backorders":null,"aioseo_notices":[],"_links":{"self":[{"href":"https:\/\/ecoshop.ee\/en\/wp-json\/wp\/v2\/product\/338567","targetHints":{"allow":["GET"]}}],"collection":[{"href":"https:\/\/ecoshop.ee\/en\/wp-json\/wp\/v2\/product"}],"about":[{"href":"https:\/\/ecoshop.ee\/en\/wp-json\/wp\/v2\/types\/product"}],"replies":[{"embeddable":true,"href":"https:\/\/ecoshop.ee\/en\/wp-json\/wp\/v2\/comments?post=338567"}],"version-history":[{"count":0,"href":"https:\/\/ecoshop.ee\/en\/wp-json\/wp\/v2\/product\/338567\/revisions"}],"wp:featuredmedia":[{"embeddable":true,"href":"https:\/\/ecoshop.ee\/en\/wp-json\/wp\/v2\/media\/338557"}],"wp:attachment":[{"href":"https:\/\/ecoshop.ee\/en\/wp-json\/wp\/v2\/media?parent=338567"}],"wp:term":[{"taxonomy":"product_brand","embeddable":true,"href":"https:\/\/ecoshop.ee\/en\/wp-json\/wp\/v2\/product_brand?post=338567"},{"taxonomy":"product_cat","embeddable":true,"href":"https:\/\/ecoshop.ee\/en\/wp-json\/wp\/v2\/product_cat?post=338567"},{"taxonomy":"product_tag","embeddable":true,"href":"https:\/\/ecoshop.ee\/en\/wp-json\/wp\/v2\/product_tag?post=338567"}],"curies":[{"name":"wp","href":"https:\/\/api.w.org\/{rel}","templated":true}]}}