{"id":338632,"date":"2026-02-27T20:48:12","date_gmt":"2026-02-27T17:48:12","guid":{"rendered":"https:\/\/ecoshop.ee\/maaratlemata\/koogikaru-otta-59x45x80-cm-mannipuit\/"},"modified":"2026-05-12T22:44:45","modified_gmt":"2026-05-12T19:44:45","slug":"cake-bear-otta-59x45x80-cm-mannipuit","status":"publish","type":"product","link":"https:\/\/ecoshop.ee\/en\/karud-ja-liigutatavad-lauad\/koogikaru-otta-59x45x80-cm-mannipuit\/","title":{"rendered":"Kitchen Cart &quot;Otta&quot;, 59 x 45 x 80 Cm, Pine Wood"},"content":{"rendered":"<p>Add a unique, vintage touch and more storage space to your kitchen with this kitchen cart!<\/p>\n<\/p>\n<ul>\n<li>Strong and stable material: Pine wood is known for its strength and durability. The straight grain and characteristic knots give it a rustic charm.<\/li>\n<li>Plenty of storage space: The vegetable cart offers enough space to keep food, bowls, plates, recipes and other kitchen utensils within reach. The towel rack on the side keeps towels handy.<\/li>\n<li>Easy to move: the food cart has 4 wheels, 2 of which are lockable, making it flexible to move and stable when standing still.<\/li>\n<li>Widely used: The trolley can be placed in the kitchen, living room, bathroom, study and other places. You can use it to place daily necessities, spices, toiletries, books and other things to create a cleaner environment at home.<\/li>\n<\/ul>\n<ul>\n<li>Material: pine wood with a honey-colored wax finish, artificial wood<\/li>\n<li>Dimensions: 59 x 45 x 80 cm (W x D x H)<\/li>\n<li>Drawer size (each): 55 x 16 cm (W x H)<\/li>\n<li>With four wheels, two of which have brakes<\/li>\n<li>Range name: OTTA<\/li>\n<li>Assembly required: yes<\/li>\n<\/ul>","protected":false},"excerpt":{"rendered":"<p>Lisage k\u00f6\u00f6gile selle k\u00f6\u00f6gik\u00e4ruga omap\u00e4rast ja vanaaegset h\u00f5ngu ning rohkem hoiustamisruumi! Tugev ja stabiilne materjal: m\u00e4nnipuit on tuntud oma tugevuse ja vastupidavuse&hellip;<\/p>","protected":false},"featured_media":338623,"comment_status":"open","ping_status":"closed","template":"","meta":{"wprm-recipe-roundup-name":"","wprm-recipe-roundup-description":""},"product_brand":[],"product_cat":[4614],"product_tag":[4690,4691,547,554,540],"class_list":{"0":"post-338632","1":"product","2":"type-product","3":"status-publish","4":"has-post-thumbnail","6":"product_cat-karud-ja-liigutatavad-lauad","7":"product_tag-karud-ja-liigutatavad-lauad","8":"product_tag-koogi-ja-soogitoa-karud","9":"product_tag-moobel","10":"product_tag-ouemoobli-komplektid","11":"product_tag-parcel","12":"pa_brand-vidaxl","14":"first","15":"instock","16":"taxable","17":"shipping-taxable","18":"purchasable","19":"product-type-simple"},"supplier_id":null,"supplier_sku":"","barcode":null,"atum_controlled":false,"out_stock_date":null,"out_stock_threshold":null,"inheritable":false,"inbound_stock":null,"stock_on_hold":null,"sold_today":null,"sales_last_days":null,"reserved_stock":null,"customer_returns":null,"warehouse_damage":null,"lost_in_post":null,"other_logs":null,"out_stock_days":null,"lost_sales":null,"has_location":null,"update_date":"2026-05-12T19:44:45","atum_locations":[],"atum_stock_status":"instock","restock_status":false,"low_stock_amount":"","sales_update_date":null,"calc_backorders":null,"aioseo_notices":[],"_links":{"self":[{"href":"https:\/\/ecoshop.ee\/en\/wp-json\/wp\/v2\/product\/338632","targetHints":{"allow":["GET"]}}],"collection":[{"href":"https:\/\/ecoshop.ee\/en\/wp-json\/wp\/v2\/product"}],"about":[{"href":"https:\/\/ecoshop.ee\/en\/wp-json\/wp\/v2\/types\/product"}],"replies":[{"embeddable":true,"href":"https:\/\/ecoshop.ee\/en\/wp-json\/wp\/v2\/comments?post=338632"}],"version-history":[{"count":0,"href":"https:\/\/ecoshop.ee\/en\/wp-json\/wp\/v2\/product\/338632\/revisions"}],"wp:featuredmedia":[{"embeddable":true,"href":"https:\/\/ecoshop.ee\/en\/wp-json\/wp\/v2\/media\/338623"}],"wp:attachment":[{"href":"https:\/\/ecoshop.ee\/en\/wp-json\/wp\/v2\/media?parent=338632"}],"wp:term":[{"taxonomy":"product_brand","embeddable":true,"href":"https:\/\/ecoshop.ee\/en\/wp-json\/wp\/v2\/product_brand?post=338632"},{"taxonomy":"product_cat","embeddable":true,"href":"https:\/\/ecoshop.ee\/en\/wp-json\/wp\/v2\/product_cat?post=338632"},{"taxonomy":"product_tag","embeddable":true,"href":"https:\/\/ecoshop.ee\/en\/wp-json\/wp\/v2\/product_tag?post=338632"}],"curies":[{"name":"wp","href":"https:\/\/api.w.org\/{rel}","templated":true}]}}